{"id":704994,"date":"2025-08-27T15:41:08","date_gmt":"2025-08-27T12:41:08","guid":{"rendered":"https:\/\/roveyayinevi.com.tr\/index.php\/urun\/cumhuriyet-cocugunun-din-dersleri\/"},"modified":"2026-04-16T02:13:56","modified_gmt":"2026-04-15T23:13:56","slug":"cumhuriyet-cocugunun-din-dersleri","status":"publish","type":"product","link":"https:\/\/roveyayinevi.com.tr\/index.php\/urun\/cumhuriyet-cocugunun-din-dersleri\/","title":{"rendered":"Cumhuriyet \u00c7ocu\u011funun Din Dersleri"},"content":{"rendered":"<p>B\u00fcy\u00fck Devrimci Atat\u00fcrk\u2019\u00fcn \u00f6nderli\u011findeki T\u00fcrkiye\u2019de,1927-1931 y\u0131llar\u0131nda, ilkokullar\u0131n 3., 4. ve 5. s\u0131n\u0131flar\u0131nda okutulan Din Dersleri kitaplar\u0131n\u0131, tek bir kitapta toplayarak sunuyoruz. Kitaplar\u0131n ba\u015fl\u0131\u011f\u0131nda,  Cumhuriyet \u00c7ocu\u011funun Din Dersleri  yaz\u0131yor. Bu ba\u015fl\u0131k \u015f\u00f6yle de okunabilir: Kemalist Cumhuriyet\u2019in \u00e7ocuklar\u0131na \u00f6\u011fretti\u011fi din dersleri&#8230; \u00d6rne\u011fin 3. s\u0131n\u0131f kitab\u0131n\u0131n ba\u015f\u0131nda yer alan, Din Dersleri Program\u0131\u2019nda, \u015fu talimat yer almaktad\u0131r:  Yaln\u0131z tarihi hakikatler s\u00f6ylenecek, mucizelerden ve harikulade menk\u0131belerden bahsolunmayacakt\u0131r.  5. s\u0131n\u0131f kitab\u0131n\u0131n  Din \u0130\u015fleri D\u00fcnya \u0130\u015flerinden Ayr\u0131d\u0131r  ba\u015fl\u0131kl\u0131 b\u00f6l\u00fcm\u00fc ise, Cumhuriyet Devrimi\u2019nin laiklik anlay\u0131\u015f\u0131m, \u00e7ok g\u00fczel anlatmaktad\u0131r. \u0130slamiyette ruhban s\u0131n\u0131f\u0131n\u0131n bulunmad\u0131\u011f\u0131 s\u00fcrekli vurgulanmaktad\u0131r. Din Dersleri, dini imanla birlikte, milli iman\u0131 ve Cumhuriyet Devrimi&#8217;ne ba\u011fl\u0131l\u0131\u011f\u0131 i\u015flemektedir. Vatan ve millet sevgisi, bilimin yol g\u00f6stericili\u011fi, ak\u0131lc\u0131l\u0131k, ba\u011fnazl\u0131\u011f\u0131n ve hurafenin reddi, karde\u015flik, e\u015fitlik, ho\u015fg\u00f6r\u00fc, elbirli\u011fi, kamuculuk, dayan\u0131\u015fma, temizlik gibi Cumhuriyet de\u011ferleri a\u015f\u0131lanmaktad\u0131r. Kaynak Yay\u0131nlar\u0131 olarak, bu kitab\u0131 yay\u0131mlarken, ayn\u0131 zamanda bir kampanya da ba\u015flat\u0131yoruz: Din dersleri kitaplar\u0131 de\u011fi\u015ftirilmeli ve ilkokullarda Atat\u00fcrk d\u00f6neminin din dersi olan elinizdeki kitap okutulmal\u0131d\u0131r. <\/p>\n","protected":false},"excerpt":{"rendered":"<p>B\u00fcy\u00fck Devrimci Atat\u00fcrk\u2019\u00fcn \u00f6nderli\u011findeki T\u00fcrkiye\u2019de,1927-1931 y\u0131llar\u0131nda, ilkokullar\u0131n 3., 4. ve 5. s\u0131n\u0131flar\u0131nda okutulan Din Dersleri kitaplar\u0131n\u0131, tek bir kitapta toplayarak sunuyoruz. Kitaplar\u0131n ba\u015fl\u0131\u011f\u0131nda, Cumhuriyet \u00c7ocu\u011funun Din<span class=\"excerpt-hellip\"> [\u2026]<\/span><\/p>\n","protected":false},"featured_media":0,"template":"","meta":{"_monsterinsights_skip_tracking":false,"_monsterinsights_sitenote_active":false,"_monsterinsights_sitenote_note":"","_monsterinsights_sitenote_category":0},"product_brand":[],"product_cat":[12530,12304],"product_tag":[],"class_list":{"0":"post-704994","1":"product","2":"type-product","3":"status-publish","5":"product_cat-mustafa-kemal-ataturk","6":"product_cat-tarih","7":"pa_tur-kitap","8":"pa_yayinevi-kaynak-yayinlari","9":"pa_yazar-muallim-abdulbaki","11":"first","12":"instock","13":"sale","14":"shipping-taxable","15":"purchasable","16":"product-type-simple"},"_links":{"self":[{"href":"https:\/\/roveyayinevi.com.tr\/index.php\/wp-json\/wp\/v2\/product\/704994","targetHints":{"allow":["GET"]}}],"collection":[{"href":"https:\/\/roveyayinevi.com.tr\/index.php\/wp-json\/wp\/v2\/product"}],"about":[{"href":"https:\/\/roveyayinevi.com.tr\/index.php\/wp-json\/wp\/v2\/types\/product"}],"wp:attachment":[{"href":"https:\/\/roveyayinevi.com.tr\/index.php\/wp-json\/wp\/v2\/media?parent=704994"}],"wp:term":[{"taxonomy":"product_brand","embeddable":true,"href":"https:\/\/roveyayinevi.com.tr\/index.php\/wp-json\/wp\/v2\/product_brand?post=704994"},{"taxonomy":"product_cat","embeddable":true,"href":"https:\/\/roveyayinevi.com.tr\/index.php\/wp-json\/wp\/v2\/product_cat?post=704994"},{"taxonomy":"product_tag","embeddable":true,"href":"https:\/\/roveyayinevi.com.tr\/index.php\/wp-json\/wp\/v2\/product_tag?post=704994"}],"curies":[{"name":"wp","href":"https:\/\/api.w.org\/{rel}","templated":true}]}}