{"id":704993,"date":"2025-08-27T15:41:08","date_gmt":"2025-08-27T12:41:08","guid":{"rendered":"https:\/\/roveyayinevi.com.tr\/index.php\/urun\/walter-benjamin-ve-medya\/"},"modified":"2026-04-16T02:13:56","modified_gmt":"2026-04-15T23:13:56","slug":"walter-benjamin-ve-medya","status":"publish","type":"product","link":"https:\/\/roveyayinevi.com.tr\/index.php\/urun\/walter-benjamin-ve-medya\/","title":{"rendered":"Walter Benjamin ve Medya"},"content":{"rendered":"<p>\u201cWalter Benjamin\u2019i pek \u00e7ok farkl\u0131 k\u0131l\u0131\u011f\u0131yla tan\u0131yoruz: Ba\u015far\u0131s\u0131z olmu\u015f bir akademisyen, parlak bir gazeteci, tutkulu bir yazar. Peki, Mekanik Yeniden \u00dcretim \u00c7a\u011f\u0131nda Sanat Eseri d\u0131\u015f\u0131nda, medya kuramc\u0131s\u0131 Benjamin hakk\u0131nda ne biliyoruz? Jaeho Kang, disiplinler aras\u0131ndan bizleri Benjamin\u2019in medyaya ula\u015ft\u0131\u011f\u0131 o son derece \u00f6zg\u00fcn ve entelekt\u00fcel yolculu\u011fa \u00e7\u0131kar\u0131yor. Kang\u2019\u0131n bu ustal\u0131k i\u015fi ve ciddi, engin ve ayd\u0131nlat\u0131c\u0131 kitab\u0131; okurlar\u0131n\u0131 Benjamin\u2019in g\u00f6z kama\u015ft\u0131r\u0131c\u0131 merak\u0131n\u0131 payla\u015fmaya davet ediyor.\u201d <\/p>\n","protected":false},"excerpt":{"rendered":"<p>\u201cWalter Benjamin\u2019i pek \u00e7ok farkl\u0131 k\u0131l\u0131\u011f\u0131yla tan\u0131yoruz: Ba\u015far\u0131s\u0131z olmu\u015f bir akademisyen, parlak bir gazeteci, tutkulu bir yazar. Peki, Mekanik Yeniden \u00dcretim \u00c7a\u011f\u0131nda Sanat Eseri d\u0131\u015f\u0131nda, medya<span class=\"excerpt-hellip\"> [\u2026]<\/span><\/p>\n","protected":false},"featured_media":0,"template":"","meta":{"_monsterinsights_skip_tracking":false,"_monsterinsights_sitenote_active":false,"_monsterinsights_sitenote_note":"","_monsterinsights_sitenote_category":0},"product_brand":[],"product_cat":[13072,12291],"product_tag":[],"class_list":{"0":"post-704993","1":"product","2":"type-product","3":"status-publish","5":"product_cat-arastirma-inceleme-referans","6":"product_cat-edebiyat","7":"pa_tur-kitap","8":"pa_yayinevi-kafka-yayinevi","9":"pa_yazar-jaeho-kang","11":"first","12":"instock","13":"sale","14":"shipping-taxable","15":"purchasable","16":"product-type-simple"},"_links":{"self":[{"href":"https:\/\/roveyayinevi.com.tr\/index.php\/wp-json\/wp\/v2\/product\/704993","targetHints":{"allow":["GET"]}}],"collection":[{"href":"https:\/\/roveyayinevi.com.tr\/index.php\/wp-json\/wp\/v2\/product"}],"about":[{"href":"https:\/\/roveyayinevi.com.tr\/index.php\/wp-json\/wp\/v2\/types\/product"}],"wp:attachment":[{"href":"https:\/\/roveyayinevi.com.tr\/index.php\/wp-json\/wp\/v2\/media?parent=704993"}],"wp:term":[{"taxonomy":"product_brand","embeddable":true,"href":"https:\/\/roveyayinevi.com.tr\/index.php\/wp-json\/wp\/v2\/product_brand?post=704993"},{"taxonomy":"product_cat","embeddable":true,"href":"https:\/\/roveyayinevi.com.tr\/index.php\/wp-json\/wp\/v2\/product_cat?post=704993"},{"taxonomy":"product_tag","embeddable":true,"href":"https:\/\/roveyayinevi.com.tr\/index.php\/wp-json\/wp\/v2\/product_tag?post=704993"}],"curies":[{"name":"wp","href":"https:\/\/api.w.org\/{rel}","templated":true}]}}