{"id":704989,"date":"2025-08-27T15:41:06","date_gmt":"2025-08-27T12:41:06","guid":{"rendered":"https:\/\/roveyayinevi.com.tr\/index.php\/urun\/duygusal-bir-yolculuk\/"},"modified":"2026-04-13T02:17:32","modified_gmt":"2026-04-12T23:17:32","slug":"duygusal-bir-yolculuk","status":"publish","type":"product","link":"https:\/\/roveyayinevi.com.tr\/index.php\/urun\/duygusal-bir-yolculuk\/","title":{"rendered":"Duygusal Bir Yolculuk"},"content":{"rendered":"<p>Duygusal Bir Yolculuk\u2019un ba\u015fkahraman\u0131 Yorick, bir g\u00fcn aniden Fransa ve \u0130talya\u2019ya gezintiye \u00e7\u0131k\u0131yor. Ama Yorick\u2019in yolculuk anlay\u0131\u015f\u0131, \u00e7a\u011fda\u015flar\u0131n\u0131nkinden farkl\u0131, hatta onlar\u0131nkiyle taban tabana z\u0131t. Turistik yerler, an\u0131tlar, me\u015fhur hanlar ilgisini \u00e7ekmiyor onun. O ta\u015ftan topraktan ziyade insan\u0131n pe\u015finden ko\u015fuyor, tarih\u00ee bilgiden ziyade duygular\u0131 koval\u0131yor. \ufffcTan\u0131t\u0131m Metni<\/p>\n","protected":false},"excerpt":{"rendered":"<p>Duygusal Bir Yolculuk\u2019un ba\u015fkahraman\u0131 Yorick, bir g\u00fcn aniden Fransa ve \u0130talya\u2019ya gezintiye \u00e7\u0131k\u0131yor. Ama Yorick\u2019in yolculuk anlay\u0131\u015f\u0131, \u00e7a\u011fda\u015flar\u0131n\u0131nkinden farkl\u0131, hatta onlar\u0131nkiyle taban tabana z\u0131t. Turistik yerler,<span class=\"excerpt-hellip\"> [\u2026]<\/span><\/p>\n","protected":false},"featured_media":0,"template":"","meta":{"_monsterinsights_skip_tracking":false,"_monsterinsights_sitenote_active":false,"_monsterinsights_sitenote_note":"","_monsterinsights_sitenote_category":0},"product_brand":[],"product_cat":[12291,12711],"product_tag":[],"class_list":{"0":"post-704989","1":"product","2":"type-product","3":"status-publish","5":"product_cat-edebiyat","6":"product_cat-roman-oyku","7":"pa_cilt-ciltsiz","8":"pa_tur-kitap","9":"pa_yayinevi-can-yayinlari","10":"pa_yazar-laurence-sterne","12":"first","13":"instock","14":"sale","15":"shipping-taxable","16":"purchasable","17":"product-type-simple"},"_links":{"self":[{"href":"https:\/\/roveyayinevi.com.tr\/index.php\/wp-json\/wp\/v2\/product\/704989","targetHints":{"allow":["GET"]}}],"collection":[{"href":"https:\/\/roveyayinevi.com.tr\/index.php\/wp-json\/wp\/v2\/product"}],"about":[{"href":"https:\/\/roveyayinevi.com.tr\/index.php\/wp-json\/wp\/v2\/types\/product"}],"wp:attachment":[{"href":"https:\/\/roveyayinevi.com.tr\/index.php\/wp-json\/wp\/v2\/media?parent=704989"}],"wp:term":[{"taxonomy":"product_brand","embeddable":true,"href":"https:\/\/roveyayinevi.com.tr\/index.php\/wp-json\/wp\/v2\/product_brand?post=704989"},{"taxonomy":"product_cat","embeddable":true,"href":"https:\/\/roveyayinevi.com.tr\/index.php\/wp-json\/wp\/v2\/product_cat?post=704989"},{"taxonomy":"product_tag","embeddable":true,"href":"https:\/\/roveyayinevi.com.tr\/index.php\/wp-json\/wp\/v2\/product_tag?post=704989"}],"curies":[{"name":"wp","href":"https:\/\/api.w.org\/{rel}","templated":true}]}}