{"id":704988,"date":"2025-08-27T15:41:06","date_gmt":"2025-08-27T12:41:06","guid":{"rendered":"https:\/\/roveyayinevi.com.tr\/index.php\/urun\/akkuzu-karakuzu-lunaparkta\/"},"modified":"2026-04-16T02:13:55","modified_gmt":"2026-04-15T23:13:55","slug":"akkuzu-karakuzu-lunaparkta","status":"publish","type":"product","link":"https:\/\/roveyayinevi.com.tr\/index.php\/urun\/akkuzu-karakuzu-lunaparkta\/","title":{"rendered":"Akkuzu Karakuzu Lunaparkta"},"content":{"rendered":"<p>\u0130lk Okuma Kitaplar\u0131&#8217;nda d\u00fcnyan\u0131n t\u00fcm renkleri bir arada!Akkuzu ile Karakuzu&#8217;yu hat\u0131rlad\u0131n\u0131z m\u0131?Bir \u00f6nceki kitapta kendilerine renkli bir s\u00fcr\u00fc ar\u0131yorlard\u0131 hani&#8230; Buldular tabii ki! \u015eimdi yeni dostluklar kuruyor ve bir dostlar\u0131n\u0131n derdine \u00e7are buluyorlar. Hem de \u00e7ok e\u011fleniyorlar&#8230; <\/p>\n","protected":false},"excerpt":{"rendered":"<p>\u0130lk Okuma Kitaplar\u0131&#8217;nda d\u00fcnyan\u0131n t\u00fcm renkleri bir arada!Akkuzu ile Karakuzu&#8217;yu hat\u0131rlad\u0131n\u0131z m\u0131?Bir \u00f6nceki kitapta kendilerine renkli bir s\u00fcr\u00fc ar\u0131yorlard\u0131 hani&#8230; Buldular tabii ki! \u015eimdi yeni dostluklar<span class=\"excerpt-hellip\"> [\u2026]<\/span><\/p>\n","protected":false},"featured_media":0,"template":"","meta":{"_monsterinsights_skip_tracking":false,"_monsterinsights_sitenote_active":false,"_monsterinsights_sitenote_note":"","_monsterinsights_sitenote_category":0},"product_brand":[],"product_cat":[12274,12284],"product_tag":[],"class_list":{"0":"post-704988","1":"product","2":"type-product","3":"status-publish","5":"product_cat-cocuk-ve-genclik-kitaplari","6":"product_cat-hikayeler","7":"pa_cilt-ciltsiz","8":"pa_tur-kitap","9":"pa_yayinevi-can-cocuk-yayinlari","10":"pa_yazar-stefano-bordiglioni","12":"first","13":"instock","14":"sale","15":"shipping-taxable","16":"purchasable","17":"product-type-simple"},"_links":{"self":[{"href":"https:\/\/roveyayinevi.com.tr\/index.php\/wp-json\/wp\/v2\/product\/704988","targetHints":{"allow":["GET"]}}],"collection":[{"href":"https:\/\/roveyayinevi.com.tr\/index.php\/wp-json\/wp\/v2\/product"}],"about":[{"href":"https:\/\/roveyayinevi.com.tr\/index.php\/wp-json\/wp\/v2\/types\/product"}],"wp:attachment":[{"href":"https:\/\/roveyayinevi.com.tr\/index.php\/wp-json\/wp\/v2\/media?parent=704988"}],"wp:term":[{"taxonomy":"product_brand","embeddable":true,"href":"https:\/\/roveyayinevi.com.tr\/index.php\/wp-json\/wp\/v2\/product_brand?post=704988"},{"taxonomy":"product_cat","embeddable":true,"href":"https:\/\/roveyayinevi.com.tr\/index.php\/wp-json\/wp\/v2\/product_cat?post=704988"},{"taxonomy":"product_tag","embeddable":true,"href":"https:\/\/roveyayinevi.com.tr\/index.php\/wp-json\/wp\/v2\/product_tag?post=704988"}],"curies":[{"name":"wp","href":"https:\/\/api.w.org\/{rel}","templated":true}]}}