{"id":704987,"date":"2025-08-27T15:41:05","date_gmt":"2025-08-27T12:41:05","guid":{"rendered":"https:\/\/roveyayinevi.com.tr\/index.php\/urun\/degisim-ruzgari\/"},"modified":"2026-02-03T02:23:43","modified_gmt":"2026-02-02T23:23:43","slug":"degisim-ruzgari","status":"publish","type":"product","link":"https:\/\/roveyayinevi.com.tr\/index.php\/urun\/degisim-ruzgari\/","title":{"rendered":"De\u011fi\u015fim R\u00fczgar\u0131"},"content":{"rendered":"<p>Stefan Zweig&#8217;in 1930&#8217;lu y\u0131llarda s\u00fcrg\u00fcndeyken tamamlad\u0131\u011f\u0131, ancak hayattayken yay\u0131mlamak istemedi\u011fi De\u011fi\u015fim R\u00fczgar\u0131, Birinci D\u00fcnya Sava\u015f\u0131 sonras\u0131 Avrupas\u0131&#8217;n\u0131n de\u011fi\u015fen sosyal iklimine g\u00f6t\u00fcr\u00fcr okuru. Par\u00e7alan\u0131p darmada\u011fan olan hayatlar ve su y\u00fcz\u00fcne \u00e7\u0131kan s\u0131n\u0131fsal farkl\u0131l\u0131klarla sava\u015f\u0131n insan varolu\u015funda yaratt\u0131\u011f\u0131 \u00e7eli\u015fkileri, bu b\u00fcy\u00fck felaketi ya\u015fayan b\u00fct\u00fcn bir neslin yazg\u0131s\u0131 olarak serer okurun \u00f6n\u00fcne. Zweig&#8217;in anadili Almancada ancak \u00f6l\u00fcm\u00fcnden tam k\u0131rk y\u0131l sonra, 1982&#8217;de ilk kez yay\u0131mlanan De\u011fi\u015fim R\u00fczgar\u0131, yazar\u0131n yaz\u0131nsal ya\u015fam\u0131nda \u00f6zel bir yere sahip. Biyografileri ve uzun \u00f6yk\u00fcleriyle tan\u0131d\u0131\u011f\u0131m\u0131z Stefan Zweig&#8217;in, tamamlad\u0131\u011f\u0131 tek roman\u0131 Sab\u0131rs\u0131z Y\u00fcrek&#8217;ten sonra ikinci roman\u0131 olarak eserleri aras\u0131nda yerini bulan De\u011fi\u015fim R\u00fczgar\u0131, \u00fcslubuyla da yazar\u0131n di\u011fer yap\u0131tlar\u0131ndan ayr\u0131l\u0131r. \ufffcTan\u0131t\u0131m Metni<\/p>\n","protected":false},"excerpt":{"rendered":"<p>Stefan Zweig&#8217;in 1930&#8217;lu y\u0131llarda s\u00fcrg\u00fcndeyken tamamlad\u0131\u011f\u0131, ancak hayattayken yay\u0131mlamak istemedi\u011fi De\u011fi\u015fim R\u00fczgar\u0131, Birinci D\u00fcnya Sava\u015f\u0131 sonras\u0131 Avrupas\u0131&#8217;n\u0131n de\u011fi\u015fen sosyal iklimine g\u00f6t\u00fcr\u00fcr okuru. Par\u00e7alan\u0131p darmada\u011fan olan hayatlar<span class=\"excerpt-hellip\"> [\u2026]<\/span><\/p>\n","protected":false},"featured_media":0,"template":"","meta":{"_monsterinsights_skip_tracking":false,"_monsterinsights_sitenote_active":false,"_monsterinsights_sitenote_note":"","_monsterinsights_sitenote_category":0},"product_brand":[],"product_cat":[12782,12291],"product_tag":[],"class_list":{"0":"post-704987","1":"product","2":"type-product","3":"status-publish","5":"product_cat-alman-edebiyati","6":"product_cat-edebiyat","7":"pa_cilt-ciltsiz","8":"pa_tur-kitap","9":"pa_yayinevi-can-yayinlari","10":"pa_yazar-stefan-zweig","12":"first","13":"instock","14":"sale","15":"shipping-taxable","16":"purchasable","17":"product-type-simple"},"_links":{"self":[{"href":"https:\/\/roveyayinevi.com.tr\/index.php\/wp-json\/wp\/v2\/product\/704987","targetHints":{"allow":["GET"]}}],"collection":[{"href":"https:\/\/roveyayinevi.com.tr\/index.php\/wp-json\/wp\/v2\/product"}],"about":[{"href":"https:\/\/roveyayinevi.com.tr\/index.php\/wp-json\/wp\/v2\/types\/product"}],"wp:attachment":[{"href":"https:\/\/roveyayinevi.com.tr\/index.php\/wp-json\/wp\/v2\/media?parent=704987"}],"wp:term":[{"taxonomy":"product_brand","embeddable":true,"href":"https:\/\/roveyayinevi.com.tr\/index.php\/wp-json\/wp\/v2\/product_brand?post=704987"},{"taxonomy":"product_cat","embeddable":true,"href":"https:\/\/roveyayinevi.com.tr\/index.php\/wp-json\/wp\/v2\/product_cat?post=704987"},{"taxonomy":"product_tag","embeddable":true,"href":"https:\/\/roveyayinevi.com.tr\/index.php\/wp-json\/wp\/v2\/product_tag?post=704987"}],"curies":[{"name":"wp","href":"https:\/\/api.w.org\/{rel}","templated":true}]}}