{"id":704982,"date":"2025-08-27T15:41:03","date_gmt":"2025-08-27T12:41:03","guid":{"rendered":"https:\/\/roveyayinevi.com.tr\/index.php\/urun\/asla-neden-diye-sorma\/"},"modified":"2026-04-16T02:13:55","modified_gmt":"2026-04-15T23:13:55","slug":"asla-neden-diye-sorma","status":"publish","type":"product","link":"https:\/\/roveyayinevi.com.tr\/index.php\/urun\/asla-neden-diye-sorma\/","title":{"rendered":"Asla Neden Diye Sorma"},"content":{"rendered":"<p>T\u00f6renlere asla ge\u00e7 kalma. Asla m\u00fckemmel bir plan\u0131 bozma. \u015eifreyi asla unutma. Asla neden diye sorma\u2026 <\/p>\n","protected":false},"excerpt":{"rendered":"<p>T\u00f6renlere asla ge\u00e7 kalma. Asla m\u00fckemmel bir plan\u0131 bozma. \u015eifreyi asla unutma. Asla neden diye sorma\u2026<\/p>\n","protected":false},"featured_media":0,"template":"","meta":{"_monsterinsights_skip_tracking":false,"_monsterinsights_sitenote_active":false,"_monsterinsights_sitenote_note":"","_monsterinsights_sitenote_category":0},"product_brand":[],"product_cat":[12416,12291],"product_tag":[],"class_list":{"0":"post-704982","1":"product","2":"type-product","3":"status-publish","5":"product_cat-cizgi-roman","6":"product_cat-edebiyat","7":"pa_tur-kitap","8":"pa_yayinevi-desen-yayinlari","9":"pa_yazar-shaun-tan","11":"first","12":"instock","13":"sale","14":"shipping-taxable","15":"purchasable","16":"product-type-simple"},"_links":{"self":[{"href":"https:\/\/roveyayinevi.com.tr\/index.php\/wp-json\/wp\/v2\/product\/704982","targetHints":{"allow":["GET"]}}],"collection":[{"href":"https:\/\/roveyayinevi.com.tr\/index.php\/wp-json\/wp\/v2\/product"}],"about":[{"href":"https:\/\/roveyayinevi.com.tr\/index.php\/wp-json\/wp\/v2\/types\/product"}],"wp:attachment":[{"href":"https:\/\/roveyayinevi.com.tr\/index.php\/wp-json\/wp\/v2\/media?parent=704982"}],"wp:term":[{"taxonomy":"product_brand","embeddable":true,"href":"https:\/\/roveyayinevi.com.tr\/index.php\/wp-json\/wp\/v2\/product_brand?post=704982"},{"taxonomy":"product_cat","embeddable":true,"href":"https:\/\/roveyayinevi.com.tr\/index.php\/wp-json\/wp\/v2\/product_cat?post=704982"},{"taxonomy":"product_tag","embeddable":true,"href":"https:\/\/roveyayinevi.com.tr\/index.php\/wp-json\/wp\/v2\/product_tag?post=704982"}],"curies":[{"name":"wp","href":"https:\/\/api.w.org\/{rel}","templated":true}]}}