{"id":704968,"date":"2025-08-27T15:40:57","date_gmt":"2025-08-27T12:40:57","guid":{"rendered":"https:\/\/roveyayinevi.com.tr\/index.php\/urun\/abdnin-gizli-tarihi\/"},"modified":"2026-04-16T02:13:55","modified_gmt":"2026-04-15T23:13:55","slug":"abdnin-gizli-tarihi","status":"publish","type":"product","link":"https:\/\/roveyayinevi.com.tr\/index.php\/urun\/abdnin-gizli-tarihi\/","title":{"rendered":"ABD&#8217;nin Gizli Tarihi"},"content":{"rendered":"<p>\u201cBu, tarih u\u011fruna yaz\u0131lm\u0131\u015f bir tarih de\u011fil, so\u011fuk sava\u015f\u0131n \u00e7ok \u00f6tesinde, ter\u00f6rle sava\u015f\u0131n, uyu\u015fturucuyla sava\u015f\u0131n i\u00e7indekimevcut durumumuzun ve gelece\u011fimizin tarihidir.\u201dEd Vulliamy , GuardianABD\u2019nin Gizli Tarihi, y\u00f6netmen Oliver Stone ve tarih\u00e7i Peter Kuznick\u2019in kaleme ald\u0131klar\u0131, d\u00fcnyan\u0131n g\u00f6rd\u00fc\u011f\u00fc en g\u00fc\u00e7l\u00fc veegemen ulus, Amerikan imparatorlu\u011funun y\u00fckseli\u015fi ve \u00e7\u00f6k\u00fc\u015f\u00fcn\u00fcn ilgin\u00e7 hik\u00e2yesidir. Woodrow Wilson\u2019dan BarackObama\u2019ya kadar 17 ba\u015fkan\u0131n h\u00fck\u00fcmetinin karanl\u0131k k\u00f6\u015felerini ara\u015ft\u0131ran Stone ve Kuznick, ABD\u2019nin temel demokratikideallerinden ne kadar uzakla\u015ft\u0131\u011f\u0131n\u0131 sorgulama cesareti g\u00f6steriyorlar.Filipin halk\u0131n\u0131n ba\u011f\u0131ms\u0131zl\u0131k i\u00e7in verdi\u011fi m\u00fccadelenin kanl\u0131 bir \u015fekilde bast\u0131r\u0131lmas\u0131ndan ba\u015flayarak iki d\u00fcnya sava\u015f\u0131n\u0131kapsayan eser, ABD y\u00f6netimlerinin gizli operasyonlarda, Latin Amerika, Asya ve Orta Do\u011fu\u2019daki sava\u015flarda yer alarakyabanc\u0131 topraklardaki \u00e7at\u0131\u015fmalara nas\u0131l s\u00fcrekli m\u00fcdahale etti\u011fini belgeliyor. Amerika Birle\u015fik Devletleri \u00e7e\u015fitli zamanlardahem ekonomik hem de siyasi kazan\u00e7 sa\u011flamak i\u00e7in sa\u011fc\u0131 diktat\u00f6rler lehine, se\u00e7ilmi\u015f liderleri devirmi\u015ftir.Amerika\u2019n\u0131n atom tarihini inceleyen Stone ve Kuznick, Hiro\u015fima ve Nagazaki\u2019ye at\u0131lan atom bombalar\u0131n\u0131n askeri a\u00e7\u0131dangereksiz ve ahlaki a\u00e7\u0131dan affedilemez oldu\u011funu savunuyorlar. Amerika Birle\u015fik Devletleri\u2019nin nas\u0131l durmadan n\u00fckleertehditler savurdu\u011funu ve bir n\u00fckleer sava\u015f\u0131n e\u015fi\u011fine yakla\u015ft\u0131\u011f\u0131n\u0131 g\u00f6steriyorlar. ABD ba\u015fkanlar\u0131n\u0131n anayasay\u0131 veuluslararas\u0131 hukuku nas\u0131l ayaklar alt\u0131na ald\u0131\u011f\u0131n\u0131 a\u00e7\u0131\u011fa \u00e7\u0131kar\u0131yor ve ABD\u2019nin ulusal g\u00fcvenlik devleti haline geli\u015fini t\u00fcm \u00e7\u0131plakl\u0131\u011f\u0131yla ortaya d\u00f6k\u00fcyorlar. <\/p>\n","protected":false},"excerpt":{"rendered":"<p>\u201cBu, tarih u\u011fruna yaz\u0131lm\u0131\u015f bir tarih de\u011fil, so\u011fuk sava\u015f\u0131n \u00e7ok \u00f6tesinde, ter\u00f6rle sava\u015f\u0131n, uyu\u015fturucuyla sava\u015f\u0131n i\u00e7indekimevcut durumumuzun ve gelece\u011fimizin tarihidir.\u201dEd Vulliamy , GuardianABD\u2019nin Gizli Tarihi, y\u00f6netmen<span class=\"excerpt-hellip\"> [\u2026]<\/span><\/p>\n","protected":false},"featured_media":0,"template":"","meta":{"_monsterinsights_skip_tracking":false,"_monsterinsights_sitenote_active":false,"_monsterinsights_sitenote_note":"","_monsterinsights_sitenote_category":0},"product_brand":[],"product_cat":[12370,12304],"product_tag":[],"class_list":{"0":"post-704968","1":"product","2":"type-product","3":"status-publish","5":"product_cat-arastirma-inceleme","6":"product_cat-tarih","7":"pa_cilt-ciltsiz","8":"pa_tur-kitap","9":"pa_yayinevi-profil-kitap","10":"pa_yazar-oliver-stone-peter-kuznick","12":"first","13":"instock","14":"sale","15":"shipping-taxable","16":"purchasable","17":"product-type-simple"},"_links":{"self":[{"href":"https:\/\/roveyayinevi.com.tr\/index.php\/wp-json\/wp\/v2\/product\/704968","targetHints":{"allow":["GET"]}}],"collection":[{"href":"https:\/\/roveyayinevi.com.tr\/index.php\/wp-json\/wp\/v2\/product"}],"about":[{"href":"https:\/\/roveyayinevi.com.tr\/index.php\/wp-json\/wp\/v2\/types\/product"}],"wp:attachment":[{"href":"https:\/\/roveyayinevi.com.tr\/index.php\/wp-json\/wp\/v2\/media?parent=704968"}],"wp:term":[{"taxonomy":"product_brand","embeddable":true,"href":"https:\/\/roveyayinevi.com.tr\/index.php\/wp-json\/wp\/v2\/product_brand?post=704968"},{"taxonomy":"product_cat","embeddable":true,"href":"https:\/\/roveyayinevi.com.tr\/index.php\/wp-json\/wp\/v2\/product_cat?post=704968"},{"taxonomy":"product_tag","embeddable":true,"href":"https:\/\/roveyayinevi.com.tr\/index.php\/wp-json\/wp\/v2\/product_tag?post=704968"}],"curies":[{"name":"wp","href":"https:\/\/api.w.org\/{rel}","templated":true}]}}