{"id":704966,"date":"2025-08-27T15:40:56","date_gmt":"2025-08-27T12:40:56","guid":{"rendered":"https:\/\/roveyayinevi.com.tr\/index.php\/urun\/bizim-matrak-sinif-5-kitap-takim\/"},"modified":"2026-04-16T02:13:55","modified_gmt":"2026-04-15T23:13:55","slug":"bizim-matrak-sinif-5-kitap-takim","status":"publish","type":"product","link":"https:\/\/roveyayinevi.com.tr\/index.php\/urun\/bizim-matrak-sinif-5-kitap-takim\/","title":{"rendered":"Bizim Matrak S\u0131n\u0131f  (5 Kitap Tak\u0131m)"},"content":{"rendered":"<p>Bu SIn\u0131f G\u00fclmekten \u00d6ld\u00fcr\u00fcr! Buldu\u011fu i\u015fe yaramaz icatlar ve yazd\u0131\u011f\u0131 \u015fiirlerle Furkan Efe&#8230; \u00dcretti\u011fi ak\u0131l almaz komplo teorileri ve tiyatro oyunlar\u0131yla Asl\u0131&#8230; Kendini bile unutacak kadar unutkan olan \u015eevval&#8230; Ve ben kahraman\u0131n\u0131z \u00c7a\u011fla&#8230; Hadi sen de kat\u0131l maceralar\u0131m\u0131za! \ufffcTan\u0131t\u0131m Metni<\/p>\n","protected":false},"excerpt":{"rendered":"<p>Bu SIn\u0131f G\u00fclmekten \u00d6ld\u00fcr\u00fcr! Buldu\u011fu i\u015fe yaramaz icatlar ve yazd\u0131\u011f\u0131 \u015fiirlerle Furkan Efe&#8230; \u00dcretti\u011fi ak\u0131l almaz komplo teorileri ve tiyatro oyunlar\u0131yla Asl\u0131&#8230; Kendini bile unutacak kadar<span class=\"excerpt-hellip\"> [\u2026]<\/span><\/p>\n","protected":false},"featured_media":0,"template":"","meta":{"_monsterinsights_skip_tracking":false,"_monsterinsights_sitenote_active":false,"_monsterinsights_sitenote_note":"","_monsterinsights_sitenote_category":0},"product_brand":[],"product_cat":[12274,24599],"product_tag":[],"class_list":{"0":"post-704966","1":"product","2":"type-product","3":"status-publish","5":"product_cat-cocuk-ve-genclik-kitaplari","6":"product_cat-zeka-gelisimi","7":"pa_tur-kitap","8":"pa_yayinevi-nesil-cocuk-yayinlari","9":"pa_yazar-yusuf-asal","11":"first","12":"instock","13":"sale","14":"shipping-taxable","15":"purchasable","16":"product-type-simple"},"_links":{"self":[{"href":"https:\/\/roveyayinevi.com.tr\/index.php\/wp-json\/wp\/v2\/product\/704966","targetHints":{"allow":["GET"]}}],"collection":[{"href":"https:\/\/roveyayinevi.com.tr\/index.php\/wp-json\/wp\/v2\/product"}],"about":[{"href":"https:\/\/roveyayinevi.com.tr\/index.php\/wp-json\/wp\/v2\/types\/product"}],"wp:attachment":[{"href":"https:\/\/roveyayinevi.com.tr\/index.php\/wp-json\/wp\/v2\/media?parent=704966"}],"wp:term":[{"taxonomy":"product_brand","embeddable":true,"href":"https:\/\/roveyayinevi.com.tr\/index.php\/wp-json\/wp\/v2\/product_brand?post=704966"},{"taxonomy":"product_cat","embeddable":true,"href":"https:\/\/roveyayinevi.com.tr\/index.php\/wp-json\/wp\/v2\/product_cat?post=704966"},{"taxonomy":"product_tag","embeddable":true,"href":"https:\/\/roveyayinevi.com.tr\/index.php\/wp-json\/wp\/v2\/product_tag?post=704966"}],"curies":[{"name":"wp","href":"https:\/\/api.w.org\/{rel}","templated":true}]}}