{"id":704964,"date":"2025-08-27T15:40:55","date_gmt":"2025-08-27T12:40:55","guid":{"rendered":"https:\/\/roveyayinevi.com.tr\/index.php\/urun\/yanardag-sevdalisi\/"},"modified":"2026-04-16T02:13:55","modified_gmt":"2026-04-15T23:13:55","slug":"yanardag-sevdalisi","status":"publish","type":"product","link":"https:\/\/roveyayinevi.com.tr\/index.php\/urun\/yanardag-sevdalisi\/","title":{"rendered":"Yanarda\u011f Sevdal\u0131s\u0131"},"content":{"rendered":"<p>Yanarda\u011f Sevdal\u0131s\u0131, 18. y\u00fczy\u0131lda ge\u00e7en bir a\u015fk \u00f6yk\u00fcs\u00fc. \u0130ngiliz soylusu Sir William Hamilton ile e\u015fi Lady Emma Hamilton\u2019\u0131n ger\u00e7ek ya\u015fam\u00f6yk\u00fclerinden esinlenilerek yaz\u0131lan bu roman\u0131n ana izle\u011fi Lady Hamilton\u2019\u0131n, d\u00f6nemin \u00fcnl\u00fc kahraman\u0131 Amiral Lord Nelson\u2019la ya\u015fad\u0131\u011f\u0131 ve b\u00fcy\u00fck skandala yol a\u00e7an a\u015fk. Susan Sontag\u2019\u0131n yirmi y\u0131ll\u0131k aradan, uzun ara\u015ft\u0131rmalardan sonra yazd\u0131\u011f\u0131 Yanarda\u011f Sevdal\u0131s\u0131 cinsellik, tutku ve politikan\u0131n \u00f6ne \u00e7\u0131kt\u0131\u011f\u0131 bir yap\u0131t; ama her \u015feyden \u00f6nce de bir a\u015fk roman\u0131. \u0130ngiltere\u2019nin Sicilya b\u00fcy\u00fckel\u00e7isi olan Lord Hamilton, kar\u0131s\u0131n\u0131n \u00f6l\u00fcm\u00fcnden sonra \u00fclkesine d\u00f6ner ve \u00e7ocu\u011fu ya\u015f\u0131ndaki gen\u00e7 Emma\u2019yla evlenir. Lord Hamilton, bir yandan koleksiyonunu zenginle\u015ftirip bir yandan da Vez\u00fcv Yanarda\u011f\u0131\u2019n\u0131 ke\u015ffe \u00e7\u0131karken kar\u0131s\u0131 Emma, Napoli krali\u00e7esinin s\u0131rda\u015f\u0131 olmay\u0131 ba\u015far\u0131r.   Susan Sontag\u2019\u0131n \u00f6rd\u00fc\u011f\u00fc tarihsel doku i\u00e7inde ustal\u0131kla kulland\u0131\u011f\u0131 dili ve bir d\u00f6nem Avrupa\u2019s\u0131n\u0131 \u00e7e\u015fitli y\u00f6nleriyle ele alan kurgusu, ortaya \u00e7arp\u0131c\u0131 bir roman \u00e7\u0131kar\u0131yor. \u00c7a\u011fda\u015f Amerikan edebiyat\u0131n\u0131n en se\u00e7kin eserlerinden biri. <\/p>\n","protected":false},"excerpt":{"rendered":"<p>Yanarda\u011f Sevdal\u0131s\u0131, 18. y\u00fczy\u0131lda ge\u00e7en bir a\u015fk \u00f6yk\u00fcs\u00fc. \u0130ngiliz soylusu Sir William Hamilton ile e\u015fi Lady Emma Hamilton\u2019\u0131n ger\u00e7ek ya\u015fam\u00f6yk\u00fclerinden esinlenilerek yaz\u0131lan bu roman\u0131n ana izle\u011fi<span class=\"excerpt-hellip\"> [\u2026]<\/span><\/p>\n","protected":false},"featured_media":0,"template":"","meta":{"_monsterinsights_skip_tracking":false,"_monsterinsights_sitenote_active":false,"_monsterinsights_sitenote_note":"","_monsterinsights_sitenote_category":0},"product_brand":[],"product_cat":[12891,12291],"product_tag":[],"class_list":{"0":"post-704964","1":"product","2":"type-product","3":"status-publish","5":"product_cat-amerikan-edebiyati","6":"product_cat-edebiyat","7":"pa_cilt-ciltsiz","8":"pa_tur-kitap","9":"pa_yayinevi-can-yayinlari","10":"pa_yazar-susan-sontag","12":"first","13":"instock","14":"sale","15":"shipping-taxable","16":"purchasable","17":"product-type-simple"},"_links":{"self":[{"href":"https:\/\/roveyayinevi.com.tr\/index.php\/wp-json\/wp\/v2\/product\/704964","targetHints":{"allow":["GET"]}}],"collection":[{"href":"https:\/\/roveyayinevi.com.tr\/index.php\/wp-json\/wp\/v2\/product"}],"about":[{"href":"https:\/\/roveyayinevi.com.tr\/index.php\/wp-json\/wp\/v2\/types\/product"}],"wp:attachment":[{"href":"https:\/\/roveyayinevi.com.tr\/index.php\/wp-json\/wp\/v2\/media?parent=704964"}],"wp:term":[{"taxonomy":"product_brand","embeddable":true,"href":"https:\/\/roveyayinevi.com.tr\/index.php\/wp-json\/wp\/v2\/product_brand?post=704964"},{"taxonomy":"product_cat","embeddable":true,"href":"https:\/\/roveyayinevi.com.tr\/index.php\/wp-json\/wp\/v2\/product_cat?post=704964"},{"taxonomy":"product_tag","embeddable":true,"href":"https:\/\/roveyayinevi.com.tr\/index.php\/wp-json\/wp\/v2\/product_tag?post=704964"}],"curies":[{"name":"wp","href":"https:\/\/api.w.org\/{rel}","templated":true}]}}