{"id":704963,"date":"2025-08-27T15:40:55","date_gmt":"2025-08-27T12:40:55","guid":{"rendered":"https:\/\/roveyayinevi.com.tr\/index.php\/urun\/icimde-kizil-bir-gul-gibi\/"},"modified":"2025-12-30T09:58:54","modified_gmt":"2025-12-30T06:58:54","slug":"icimde-kizil-bir-gul-gibi","status":"publish","type":"product","link":"https:\/\/roveyayinevi.com.tr\/index.php\/urun\/icimde-kizil-bir-gul-gibi\/","title":{"rendered":"\u0130\u00e7imde K\u0131z\u0131l Bir G\u00fcl Gibi"},"content":{"rendered":"<p>Gri kanatl\u0131 ku\u015flar, \u00e7\u0131\u011fl\u0131k \u00e7\u0131\u011fl\u0131\u011fa mart\u0131lar, beyaz k\u00f6p\u00fcklere de\u011ferek ge\u00e7ip gidiyorlard\u0131, tuzlu denize kanat vura vura. Minareleri kur\u015funkalemler gibi g\u00f6ky\u00fcz\u00fcne uzanan camilerin avlular\u0131nda iti\u015fip kak\u0131\u015f\u0131yordu. Dar\u0131ya \u00fc\u015f\u00fc\u015fen ak g\u00fcvercinler. Kulaklar\u0131mda bir ses&#8230; G\u00f6zlerimin \u00f6n\u00fcnde tahtalar\u0131 eskimi\u015f panjurlar\u0131yla cumbal\u0131 evler, ya\u015fl\u0131 \u00e7\u0131narlar ve bir ceviz a\u011fac\u0131. Koparm\u0131\u015f ipini eski kay\u0131klar gibi y\u00fczer k\u0131\u015f\u0131n sabaha kar\u015f\u0131 r\u00fczgarda tahta cumbalar ve bir sac mangal\u0131n k\u00fcllerinde uyan\u0131r uykudan b\u00fcy\u00fck \u0130stanbul\u2019um. \u0130stanbul\u2019da uyanmak istiyordum. \u0130stanbul\u2019la beraber uyanmak istiyordum ben de Naz\u0131m gibi. Benim bulundu\u011fum \u015fehirde tepe yoktu. Mavi bir deniz yoktu. Rast pe\u015frevi yoktu havada, Bo\u011fazi\u00e7i sular\u0131 gibi akan&#8230; Bana do\u011fdu\u011fum \u015fehri \u00e7a\u011fr\u0131\u015ft\u0131ran hi\u00e7bir \u015fey yoktu Londra\u2019da. Sadece Naz\u0131m\u2019\u0131n dizeleri vard\u0131 elimde, beni \u015fehrime u\u00e7uran. \u0130\u00e7imde K\u0131\u0131zl Bir G\u00fcl Gibi, usta bir yazar\u0131n ustas\u0131 sayd\u0131\u011f\u0131 bir yazara \u00f6dedi\u011fi g\u00f6n\u00fcl borcu. Edebiyat\u0131n\u0131n ve ya\u015fam\u0131n s\u00fcreklili\u011fine ili\u015fkin zarif bir metin&#8230;<\/p>\n","protected":false},"excerpt":{"rendered":"<p>Gri kanatl\u0131 ku\u015flar, \u00e7\u0131\u011fl\u0131k \u00e7\u0131\u011fl\u0131\u011fa mart\u0131lar, beyaz k\u00f6p\u00fcklere de\u011ferek ge\u00e7ip gidiyorlard\u0131, tuzlu denize kanat vura vura. Minareleri kur\u015funkalemler gibi g\u00f6ky\u00fcz\u00fcne uzanan camilerin avlular\u0131nda iti\u015fip kak\u0131\u015f\u0131yordu. Dar\u0131ya<span class=\"excerpt-hellip\"> [\u2026]<\/span><\/p>\n","protected":false},"featured_media":0,"template":"","meta":{"_monsterinsights_skip_tracking":false,"_monsterinsights_sitenote_active":false,"_monsterinsights_sitenote_note":"","_monsterinsights_sitenote_category":0},"product_brand":[],"product_cat":[12777,12291],"product_tag":[],"class_list":{"0":"post-704963","1":"product","2":"type-product","3":"status-publish","5":"product_cat-deneme","6":"product_cat-edebiyat","7":"pa_cilt-ciltsiz","8":"pa_tur-kitap","9":"pa_yayinevi-everest-yayinlari","10":"pa_yazar-ayse-kulin","12":"first","13":"instock","14":"sale","15":"shipping-taxable","16":"purchasable","17":"product-type-simple"},"_links":{"self":[{"href":"https:\/\/roveyayinevi.com.tr\/index.php\/wp-json\/wp\/v2\/product\/704963","targetHints":{"allow":["GET"]}}],"collection":[{"href":"https:\/\/roveyayinevi.com.tr\/index.php\/wp-json\/wp\/v2\/product"}],"about":[{"href":"https:\/\/roveyayinevi.com.tr\/index.php\/wp-json\/wp\/v2\/types\/product"}],"wp:attachment":[{"href":"https:\/\/roveyayinevi.com.tr\/index.php\/wp-json\/wp\/v2\/media?parent=704963"}],"wp:term":[{"taxonomy":"product_brand","embeddable":true,"href":"https:\/\/roveyayinevi.com.tr\/index.php\/wp-json\/wp\/v2\/product_brand?post=704963"},{"taxonomy":"product_cat","embeddable":true,"href":"https:\/\/roveyayinevi.com.tr\/index.php\/wp-json\/wp\/v2\/product_cat?post=704963"},{"taxonomy":"product_tag","embeddable":true,"href":"https:\/\/roveyayinevi.com.tr\/index.php\/wp-json\/wp\/v2\/product_tag?post=704963"}],"curies":[{"name":"wp","href":"https:\/\/api.w.org\/{rel}","templated":true}]}}