{"id":704962,"date":"2025-08-27T15:40:54","date_gmt":"2025-08-27T12:40:54","guid":{"rendered":"https:\/\/roveyayinevi.com.tr\/index.php\/urun\/inziva\/"},"modified":"2026-04-16T02:13:55","modified_gmt":"2026-04-15T23:13:55","slug":"inziva","status":"publish","type":"product","link":"https:\/\/roveyayinevi.com.tr\/index.php\/urun\/inziva\/","title":{"rendered":"\u0130nziva"},"content":{"rendered":"<p>K\u00f6t\u00fc kalpli kocas\u0131 taraf\u0131ndan u\u011frad\u0131\u011f\u0131 \u015fiddet sonucunda g\u00f6r\u00fcn\u00fcm\u00fcnde kal\u0131c\u0131 hasar kalan ve t\u00fcm hayat\u0131 boyunca ciddi anksiyete bozuklu\u011fu ya\u015fayan dul Mary McAllister, yetmi\u015ften fazla y\u0131ld\u0131r t\u00fcm vaktini mermer k\u00f6\u015fk\u00fcn\u00fcn penceresinin \u00f6n\u00fcnde, Vermont, Mill River halk\u0131n\u0131 izleyerek ge\u00e7irir ve asla evinden d\u0131\u015far\u0131 \u00e7\u0131kmaz. D\u0131\u015far\u0131daki d\u00fcnyayla ba\u011flant\u0131s\u0131 \u00e7ok azd\u0131r: posta, televizyon, gazete ve kasabaya bakan yatak odas\u0131n\u0131n penceresi. A\u015f\u0131rma huyu olan papaz, h\u0131rsl\u0131 hem\u015fire ve kasaban\u0131n &#8220;deli&#8221;si, Mary&#8217;yi g\u00f6ren nadir insanlardand\u0131r. Kasaba sakinleri i\u00e7in beyaz mermer k\u00f6\u015fk ve i\u00e7inde ya\u015fayan bu ya\u015fl\u0131 kad\u0131n her zaman gizemli olmu\u015ftur. Hatta baz\u0131 kasabal\u0131lar, kad\u0131n\u0131n cad\u0131 oldu\u011funu d\u00fc\u015f\u00fcn\u00fcr. Herkesin, hatta kasabaya yeni ta\u015f\u0131nanlar\u0131n bile merak etti\u011fi bu kad\u0131n\u0131n, yaln\u0131zca papaz\u0131n bildi\u011fi b\u00fcy\u00fck bir s\u0131rr\u0131 vard\u0131r. Ve bu s\u0131r a\u00e7\u0131kland\u0131\u011f\u0131 zaman herkesin hayat\u0131 de\u011fi\u015fecektir. &#8220;Darcie Chan, bu ilk roman\u0131nda yetene\u011fini konu\u015fturmu\u015f\u2026 Toplumu bir arada tutan sevgi ve c\u00f6mertlikle ilgili rahatlat\u0131c\u0131 bir roman.&#8221; -Kirkus Reviews- &#8220;Kitab\u0131 okurken ger\u00e7ekten elinizden b\u0131rakamayacaks\u0131n\u0131z.&#8221; -IndieReader- (Tan\u0131t\u0131m B\u00fclteninden) <\/p>\n","protected":false},"excerpt":{"rendered":"<p>K\u00f6t\u00fc kalpli kocas\u0131 taraf\u0131ndan u\u011frad\u0131\u011f\u0131 \u015fiddet sonucunda g\u00f6r\u00fcn\u00fcm\u00fcnde kal\u0131c\u0131 hasar kalan ve t\u00fcm hayat\u0131 boyunca ciddi anksiyete bozuklu\u011fu ya\u015fayan dul Mary McAllister, yetmi\u015ften fazla y\u0131ld\u0131r t\u00fcm<span class=\"excerpt-hellip\"> [\u2026]<\/span><\/p>\n","protected":false},"featured_media":0,"template":"","meta":{"_monsterinsights_skip_tracking":false,"_monsterinsights_sitenote_active":false,"_monsterinsights_sitenote_note":"","_monsterinsights_sitenote_category":0},"product_brand":[],"product_cat":[12291,12711],"product_tag":[],"class_list":{"0":"post-704962","1":"product","2":"type-product","3":"status-publish","5":"product_cat-edebiyat","6":"product_cat-roman-oyku","7":"pa_cilt-ciltsiz","8":"pa_tur-kitap","9":"pa_yayinevi-epsilon-yayinlari","10":"pa_yazar-darcie-chan","12":"first","13":"instock","14":"sale","15":"shipping-taxable","16":"purchasable","17":"product-type-simple"},"_links":{"self":[{"href":"https:\/\/roveyayinevi.com.tr\/index.php\/wp-json\/wp\/v2\/product\/704962","targetHints":{"allow":["GET"]}}],"collection":[{"href":"https:\/\/roveyayinevi.com.tr\/index.php\/wp-json\/wp\/v2\/product"}],"about":[{"href":"https:\/\/roveyayinevi.com.tr\/index.php\/wp-json\/wp\/v2\/types\/product"}],"wp:attachment":[{"href":"https:\/\/roveyayinevi.com.tr\/index.php\/wp-json\/wp\/v2\/media?parent=704962"}],"wp:term":[{"taxonomy":"product_brand","embeddable":true,"href":"https:\/\/roveyayinevi.com.tr\/index.php\/wp-json\/wp\/v2\/product_brand?post=704962"},{"taxonomy":"product_cat","embeddable":true,"href":"https:\/\/roveyayinevi.com.tr\/index.php\/wp-json\/wp\/v2\/product_cat?post=704962"},{"taxonomy":"product_tag","embeddable":true,"href":"https:\/\/roveyayinevi.com.tr\/index.php\/wp-json\/wp\/v2\/product_tag?post=704962"}],"curies":[{"name":"wp","href":"https:\/\/api.w.org\/{rel}","templated":true}]}}