{"id":704958,"date":"2025-08-27T15:40:53","date_gmt":"2025-08-27T12:40:53","guid":{"rendered":"https:\/\/roveyayinevi.com.tr\/index.php\/urun\/yaz-ortasinda-olum\/"},"modified":"2026-04-16T02:13:55","modified_gmt":"2026-04-15T23:13:55","slug":"yaz-ortasinda-olum","status":"publish","type":"product","link":"https:\/\/roveyayinevi.com.tr\/index.php\/urun\/yaz-ortasinda-olum\/","title":{"rendered":"Yaz Ortas\u0131nda \u00d6l\u00fcm"},"content":{"rendered":"<p>\u00c7ocuklu\u011fun s\u0131ms\u0131k\u0131 m\u00fch\u00fcrlenmi\u015f bir sand\u0131\u011f\u0131 vard\u0131r. Gen\u00e7 insan bir gayret o sand\u0131\u011f\u0131 a\u00e7maya \u00e7al\u0131\u015f\u0131r. Kapa\u011f\u0131 a\u00e7t\u0131\u011f\u0131nda i\u00e7inin bo\u015f oldu\u011funu g\u00f6r\u00fcr. Bunun \u00fczerine anlar ki, hazine sand\u0131\u011f\u0131 dedikleri, her zaman b\u00f6ylesine bo\u015ftur. Sonras\u0131nda art\u0131k kendi yarg\u0131lar\u0131n\u0131 \u00f6nemsemeye ba\u015flar. Ancak sand\u0131k ger\u00e7ekten de bo\u015f mudur acaba? Sand\u0131\u011f\u0131 a\u00e7t\u0131\u011f\u0131 anda, g\u00f6remedi\u011fi \u00e7ok \u00f6nemli bir \u015fey u\u00e7up gitmi\u015f midir yoksa? Romanlar\u0131yla modern Japon edebiyat\u0131n\u0131 \u015fekillendiren Yukio Mi\u015fima, \u00fclkesinde ayn\u0131 zamanda bir \u00f6yk\u00fc ustas\u0131 olarak da bilinir. 1952 tarihli bu derleme, yazar\u0131n uzun eserlerinde resmetti\u011fi sahneleri aratmayan on bir minyat\u00fcr\u00fc i\u00e7eriyor. Kini, cinneti, sapk\u0131nl\u0131\u011f\u0131, \u00e7aresizli\u011fi ve erotizmi kendine ve k\u00fclt\u00fcr\u00fcne \u00f6zg\u00fc bir dinginlik ve durulukla betimlerken, zengin tasvirleriyle gelenekten kopamam\u0131\u015f bir Japonya panoramas\u0131 yarat\u0131yor. Yaz Ortas\u0131nda \u00d6l\u00fcm, h\u0131r\u00e7\u0131n bir kalemden, i\u00e7inde kaybolaca\u011f\u0131n\u0131z reng\u00e2renk \u00e7e\u015fitlemeler. \u201cJaponya\u2019n\u0131n Hemingway\u2019i.\u201d Life \ufffcTan\u0131t\u0131m Metni<\/p>\n","protected":false},"excerpt":{"rendered":"<p>\u00c7ocuklu\u011fun s\u0131ms\u0131k\u0131 m\u00fch\u00fcrlenmi\u015f bir sand\u0131\u011f\u0131 vard\u0131r. Gen\u00e7 insan bir gayret o sand\u0131\u011f\u0131 a\u00e7maya \u00e7al\u0131\u015f\u0131r. Kapa\u011f\u0131 a\u00e7t\u0131\u011f\u0131nda i\u00e7inin bo\u015f oldu\u011funu g\u00f6r\u00fcr. Bunun \u00fczerine anlar ki, hazine sand\u0131\u011f\u0131<span class=\"excerpt-hellip\"> [\u2026]<\/span><\/p>\n","protected":false},"featured_media":0,"template":"","meta":{"_monsterinsights_skip_tracking":false,"_monsterinsights_sitenote_active":false,"_monsterinsights_sitenote_note":"","_monsterinsights_sitenote_category":0},"product_brand":[],"product_cat":[13661,12291],"product_tag":[],"class_list":{"0":"post-704958","1":"product","2":"type-product","3":"status-publish","5":"product_cat-diger-ulke-edebiyatlari","6":"product_cat-edebiyat","7":"pa_cilt-ciltsiz","8":"pa_tur-kitap","9":"pa_yayinevi-can-yayinlari","10":"pa_yazar-yukio-misima","12":"first","13":"instock","14":"sale","15":"shipping-taxable","16":"purchasable","17":"product-type-simple"},"_links":{"self":[{"href":"https:\/\/roveyayinevi.com.tr\/index.php\/wp-json\/wp\/v2\/product\/704958","targetHints":{"allow":["GET"]}}],"collection":[{"href":"https:\/\/roveyayinevi.com.tr\/index.php\/wp-json\/wp\/v2\/product"}],"about":[{"href":"https:\/\/roveyayinevi.com.tr\/index.php\/wp-json\/wp\/v2\/types\/product"}],"wp:attachment":[{"href":"https:\/\/roveyayinevi.com.tr\/index.php\/wp-json\/wp\/v2\/media?parent=704958"}],"wp:term":[{"taxonomy":"product_brand","embeddable":true,"href":"https:\/\/roveyayinevi.com.tr\/index.php\/wp-json\/wp\/v2\/product_brand?post=704958"},{"taxonomy":"product_cat","embeddable":true,"href":"https:\/\/roveyayinevi.com.tr\/index.php\/wp-json\/wp\/v2\/product_cat?post=704958"},{"taxonomy":"product_tag","embeddable":true,"href":"https:\/\/roveyayinevi.com.tr\/index.php\/wp-json\/wp\/v2\/product_tag?post=704958"}],"curies":[{"name":"wp","href":"https:\/\/api.w.org\/{rel}","templated":true}]}}