{"id":704957,"date":"2025-08-27T15:40:52","date_gmt":"2025-08-27T12:40:52","guid":{"rendered":"https:\/\/roveyayinevi.com.tr\/index.php\/urun\/metafor-olarak-hastalik-a-ids-ve-metaforlari\/"},"modified":"2026-04-16T02:13:55","modified_gmt":"2026-04-15T23:13:55","slug":"metafor-olarak-hastalik-a-ids-ve-metaforlari","status":"publish","type":"product","link":"https:\/\/roveyayinevi.com.tr\/index.php\/urun\/metafor-olarak-hastalik-a-ids-ve-metaforlari\/","title":{"rendered":"Metafor Olarak Hastal\u0131k &#8211; A IDS ve Metaforlar\u0131"},"content":{"rendered":"<p>Susan Sontag kendisine meme kanseri te\u015fhisi kondu\u011funda, hastal\u0131kla ba\u015f edebilmek i\u00e7in \u00e7o\u011fu kez hastal\u0131k hakk\u0131ndaki ger\u00e7ekleri sapt\u0131ran ve hastay\u0131 izole eden bir mit olu\u015fturuldu\u011funu fark etti. Newsweek dergisinin \u201c\u00c7a\u011f\u0131m\u0131z\u0131n en \u00f6zg\u00fcrle\u015ftirici kitaplar\u0131ndan biri\u201d olarak tan\u0131mlad\u0131\u011f\u0131 bu kitapta Sontag, hastal\u0131klar\u0131 bu mitlerden ar\u0131nd\u0131r\u0131p y\u00fczy\u0131llar boyunca k\u00fclt\u00fcrleri etkileyen ger\u00e7ek \u00f6nemini ortaya koydu. Bu yakla\u015f\u0131m\u0131n\u0131 \u015f\u00f6yle belirliyor: \ufffcTan\u0131t\u0131m Metni<\/p>\n","protected":false},"excerpt":{"rendered":"<p>Susan Sontag kendisine meme kanseri te\u015fhisi kondu\u011funda, hastal\u0131kla ba\u015f edebilmek i\u00e7in \u00e7o\u011fu kez hastal\u0131k hakk\u0131ndaki ger\u00e7ekleri sapt\u0131ran ve hastay\u0131 izole eden bir mit olu\u015fturuldu\u011funu fark etti.<span class=\"excerpt-hellip\"> [\u2026]<\/span><\/p>\n","protected":false},"featured_media":0,"template":"","meta":{"_monsterinsights_skip_tracking":false,"_monsterinsights_sitenote_active":false,"_monsterinsights_sitenote_note":"","_monsterinsights_sitenote_category":0},"product_brand":[],"product_cat":[12777,12291],"product_tag":[],"class_list":{"0":"post-704957","1":"product","2":"type-product","3":"status-publish","5":"product_cat-deneme","6":"product_cat-edebiyat","7":"pa_cilt-ciltsiz","8":"pa_tur-kitap","9":"pa_yayinevi-can-yayinlari","10":"pa_yazar-susan-sontag","12":"first","13":"instock","14":"sale","15":"shipping-taxable","16":"purchasable","17":"product-type-simple"},"_links":{"self":[{"href":"https:\/\/roveyayinevi.com.tr\/index.php\/wp-json\/wp\/v2\/product\/704957","targetHints":{"allow":["GET"]}}],"collection":[{"href":"https:\/\/roveyayinevi.com.tr\/index.php\/wp-json\/wp\/v2\/product"}],"about":[{"href":"https:\/\/roveyayinevi.com.tr\/index.php\/wp-json\/wp\/v2\/types\/product"}],"wp:attachment":[{"href":"https:\/\/roveyayinevi.com.tr\/index.php\/wp-json\/wp\/v2\/media?parent=704957"}],"wp:term":[{"taxonomy":"product_brand","embeddable":true,"href":"https:\/\/roveyayinevi.com.tr\/index.php\/wp-json\/wp\/v2\/product_brand?post=704957"},{"taxonomy":"product_cat","embeddable":true,"href":"https:\/\/roveyayinevi.com.tr\/index.php\/wp-json\/wp\/v2\/product_cat?post=704957"},{"taxonomy":"product_tag","embeddable":true,"href":"https:\/\/roveyayinevi.com.tr\/index.php\/wp-json\/wp\/v2\/product_tag?post=704957"}],"curies":[{"name":"wp","href":"https:\/\/api.w.org\/{rel}","templated":true}]}}