{"id":704955,"date":"2025-08-27T15:40:51","date_gmt":"2025-08-27T12:40:51","guid":{"rendered":"https:\/\/roveyayinevi.com.tr\/index.php\/urun\/yaz\/"},"modified":"2026-04-16T02:13:55","modified_gmt":"2026-04-15T23:13:55","slug":"yaz","status":"publish","type":"product","link":"https:\/\/roveyayinevi.com.tr\/index.php\/urun\/yaz\/","title":{"rendered":"Yaz"},"content":{"rendered":"<p>Do\u011fa, denize, g\u00fcne\u015fe, do\u011faya derinlemesine bir sevgi duymu\u015f, kendisine bir s\u0131\u011f\u0131nak, d\u00fc\u015f\u00fcncelerine bir yan\u0131t aram\u0131\u015f ve Akdeniz \u0131\u015f\u0131\u011f\u0131n da b\u00fct\u00fcn ya\u015fam felsefesinin imgesini bulmu\u015f olan Camus bu kitab\u0131nda, Cezayir&#8217;in s\u0131cak ve ayd\u0131nl\u0131k do\u011fas\u0131ndan Antik Yunan&#8217;\u0131n \u00f6l\u00e7\u00fcl\u00fc ve \u0131\u015f\u0131kl\u0131 d\u00fc\u015f\u00fcncesine uzan\u0131r. Avrupa&#8217;n\u0131n kap\u0131ld\u0131\u011f\u0131 y\u0131k\u0131c\u0131 tutkuy, yal\u0131n oldu\u011fu kadar hayranl\u0131k uyand\u0131ran bir mant\u0131kla yarg\u0131lar. B\u00f6ylece ortaya \u00e7\u0131kan Akdeniz bilinci Albert Camus&#8217;n\u00fcn mutluluk etikas\u0131n\u0131 yarat\u0131r. Yaz ad\u0131 alt\u0131nda toplad\u0131\u011f\u0131 metinler, her zaman oldu\u011fu gibi, yazar\u0131n ba\u015fka metinleriyle ba\u011flant\u0131l\u0131d\u0131r; bu nedenle bu denemeleri, Camus&#8217;n\u00fcn D\u00fc\u011f\u00fcn ve Bir Alman Dosta Mektuplar, Tersi ve Y\u00fcz\u00fc, S\u00fcrg\u00fcn ve Krall\u0131k adl\u0131 kitaplar\u0131yla bir b\u00fct\u00fcn i\u00e7inde d\u00fc\u015f\u00fcnmek gerekir.<\/p>\n","protected":false},"excerpt":{"rendered":"<p>Do\u011fa, denize, g\u00fcne\u015fe, do\u011faya derinlemesine bir sevgi duymu\u015f, kendisine bir s\u0131\u011f\u0131nak, d\u00fc\u015f\u00fcncelerine bir yan\u0131t aram\u0131\u015f ve Akdeniz \u0131\u015f\u0131\u011f\u0131n da b\u00fct\u00fcn ya\u015fam felsefesinin imgesini bulmu\u015f olan Camus<span class=\"excerpt-hellip\"> [\u2026]<\/span><\/p>\n","protected":false},"featured_media":0,"template":"","meta":{"_monsterinsights_skip_tracking":false,"_monsterinsights_sitenote_active":false,"_monsterinsights_sitenote_note":"","_monsterinsights_sitenote_category":0},"product_brand":[],"product_cat":[12777,12291],"product_tag":[],"class_list":{"0":"post-704955","1":"product","2":"type-product","3":"status-publish","5":"product_cat-deneme","6":"product_cat-edebiyat","7":"pa_cilt-ciltsiz","8":"pa_tur-kitap","9":"pa_yayinevi-can-yayinlari","10":"pa_yazar-albert-camus","12":"first","13":"instock","14":"sale","15":"shipping-taxable","16":"purchasable","17":"product-type-simple"},"_links":{"self":[{"href":"https:\/\/roveyayinevi.com.tr\/index.php\/wp-json\/wp\/v2\/product\/704955","targetHints":{"allow":["GET"]}}],"collection":[{"href":"https:\/\/roveyayinevi.com.tr\/index.php\/wp-json\/wp\/v2\/product"}],"about":[{"href":"https:\/\/roveyayinevi.com.tr\/index.php\/wp-json\/wp\/v2\/types\/product"}],"wp:attachment":[{"href":"https:\/\/roveyayinevi.com.tr\/index.php\/wp-json\/wp\/v2\/media?parent=704955"}],"wp:term":[{"taxonomy":"product_brand","embeddable":true,"href":"https:\/\/roveyayinevi.com.tr\/index.php\/wp-json\/wp\/v2\/product_brand?post=704955"},{"taxonomy":"product_cat","embeddable":true,"href":"https:\/\/roveyayinevi.com.tr\/index.php\/wp-json\/wp\/v2\/product_cat?post=704955"},{"taxonomy":"product_tag","embeddable":true,"href":"https:\/\/roveyayinevi.com.tr\/index.php\/wp-json\/wp\/v2\/product_tag?post=704955"}],"curies":[{"name":"wp","href":"https:\/\/api.w.org\/{rel}","templated":true}]}}