{"id":704953,"date":"2025-08-27T15:40:50","date_gmt":"2025-08-27T12:40:50","guid":{"rendered":"https:\/\/roveyayinevi.com.tr\/index.php\/urun\/sarikamis-olume-yuruyus\/"},"modified":"2026-04-16T02:13:55","modified_gmt":"2026-04-15T23:13:55","slug":"sarikamis-olume-yuruyus","status":"publish","type":"product","link":"https:\/\/roveyayinevi.com.tr\/index.php\/urun\/sarikamis-olume-yuruyus\/","title":{"rendered":"Sar\u0131kam\u0131\u015f \u00d6l\u00fcme Y\u00fcr\u00fcy\u00fc\u015f"},"content":{"rendered":"<p>Ertesi sabah Enver Pa\u015fa ve subaylar\u0131n \u00fczerleri tamamen karlarla kapanm\u0131\u015ft\u0131\u2026 Karlar\u0131 \u00fczerlerinden atarak g\u00fc\u00e7l\u00fckle kalkt\u0131lar\u2026 Ortal\u0131kta sadece beyazl\u0131k vard\u0131\u2026 Bu beyazl\u0131k \u00f6l\u00fcm beyazl\u0131\u011f\u0131yd\u0131. Askerler kara g\u00f6m\u00fclm\u00fc\u015flerdi\u2026 Zaman zaman ayak, kafa g\u00f6z\u00fck\u00fcyordu, o kadar\u2026 Enver Pa\u015fa ve subaylar kalkar kalkmaz askerlere ko\u015ftular\u2026 \ufffcTan\u0131t\u0131m Metni<\/p>\n","protected":false},"excerpt":{"rendered":"<p>Ertesi sabah Enver Pa\u015fa ve subaylar\u0131n \u00fczerleri tamamen karlarla kapanm\u0131\u015ft\u0131\u2026 Karlar\u0131 \u00fczerlerinden atarak g\u00fc\u00e7l\u00fckle kalkt\u0131lar\u2026 Ortal\u0131kta sadece beyazl\u0131k vard\u0131\u2026 Bu beyazl\u0131k \u00f6l\u00fcm beyazl\u0131\u011f\u0131yd\u0131. Askerler kara g\u00f6m\u00fclm\u00fc\u015flerdi\u2026<span class=\"excerpt-hellip\"> [\u2026]<\/span><\/p>\n","protected":false},"featured_media":0,"template":"","meta":{"_monsterinsights_skip_tracking":false,"_monsterinsights_sitenote_active":false,"_monsterinsights_sitenote_note":"","_monsterinsights_sitenote_category":0},"product_brand":[],"product_cat":[12291,12745],"product_tag":[],"class_list":{"0":"post-704953","1":"product","2":"type-product","3":"status-publish","5":"product_cat-edebiyat","6":"product_cat-tarihi-roman","7":"pa_cilt-ciltli","8":"pa_tur-kitap","9":"pa_yayinevi-yeditepe-yayinevi","10":"pa_yazar-cemalettin-taskiran","12":"first","13":"instock","14":"sale","15":"shipping-taxable","16":"purchasable","17":"product-type-simple"},"_links":{"self":[{"href":"https:\/\/roveyayinevi.com.tr\/index.php\/wp-json\/wp\/v2\/product\/704953","targetHints":{"allow":["GET"]}}],"collection":[{"href":"https:\/\/roveyayinevi.com.tr\/index.php\/wp-json\/wp\/v2\/product"}],"about":[{"href":"https:\/\/roveyayinevi.com.tr\/index.php\/wp-json\/wp\/v2\/types\/product"}],"wp:attachment":[{"href":"https:\/\/roveyayinevi.com.tr\/index.php\/wp-json\/wp\/v2\/media?parent=704953"}],"wp:term":[{"taxonomy":"product_brand","embeddable":true,"href":"https:\/\/roveyayinevi.com.tr\/index.php\/wp-json\/wp\/v2\/product_brand?post=704953"},{"taxonomy":"product_cat","embeddable":true,"href":"https:\/\/roveyayinevi.com.tr\/index.php\/wp-json\/wp\/v2\/product_cat?post=704953"},{"taxonomy":"product_tag","embeddable":true,"href":"https:\/\/roveyayinevi.com.tr\/index.php\/wp-json\/wp\/v2\/product_tag?post=704953"}],"curies":[{"name":"wp","href":"https:\/\/api.w.org\/{rel}","templated":true}]}}