{"id":704952,"date":"2025-08-27T15:40:50","date_gmt":"2025-08-27T12:40:50","guid":{"rendered":"https:\/\/roveyayinevi.com.tr\/index.php\/urun\/goremedigim-sen\/"},"modified":"2026-04-16T02:13:55","modified_gmt":"2026-04-15T23:13:55","slug":"goremedigim-sen","status":"publish","type":"product","link":"https:\/\/roveyayinevi.com.tr\/index.php\/urun\/goremedigim-sen\/","title":{"rendered":"G\u00f6remedi\u011fim Sen"},"content":{"rendered":"<p>Aynadan yans\u0131yan g\u00f6r\u00fcnt\u00fcs\u00fc onun en b\u00fcy\u00fck d\u00fc\u015fman\u0131yd\u0131. Hayat\u0131n\u0131 alt \u00fcst eden yans\u0131mas\u0131ndaki en belirgin yeri insan\u0131n i\u00e7ine i\u015fleyen o yosun ye\u015fili g\u00f6zleriydi. <\/p>\n","protected":false},"excerpt":{"rendered":"<p>Aynadan yans\u0131yan g\u00f6r\u00fcnt\u00fcs\u00fc onun en b\u00fcy\u00fck d\u00fc\u015fman\u0131yd\u0131. Hayat\u0131n\u0131 alt \u00fcst eden yans\u0131mas\u0131ndaki en belirgin yeri insan\u0131n i\u00e7ine i\u015fleyen o yosun ye\u015fili g\u00f6zleriydi.<\/p>\n","protected":false},"featured_media":0,"template":"","meta":{"_monsterinsights_skip_tracking":false,"_monsterinsights_sitenote_active":false,"_monsterinsights_sitenote_note":"","_monsterinsights_sitenote_category":0},"product_brand":[],"product_cat":[12291,12711],"product_tag":[],"class_list":{"0":"post-704952","1":"product","2":"type-product","3":"status-publish","5":"product_cat-edebiyat","6":"product_cat-roman-oyku","7":"pa_tur-kitap","8":"pa_yayinevi-parola-yayinlari","9":"pa_yazar-yasemin-yaman","11":"first","12":"instock","13":"sale","14":"shipping-taxable","15":"purchasable","16":"product-type-simple"},"_links":{"self":[{"href":"https:\/\/roveyayinevi.com.tr\/index.php\/wp-json\/wp\/v2\/product\/704952","targetHints":{"allow":["GET"]}}],"collection":[{"href":"https:\/\/roveyayinevi.com.tr\/index.php\/wp-json\/wp\/v2\/product"}],"about":[{"href":"https:\/\/roveyayinevi.com.tr\/index.php\/wp-json\/wp\/v2\/types\/product"}],"wp:attachment":[{"href":"https:\/\/roveyayinevi.com.tr\/index.php\/wp-json\/wp\/v2\/media?parent=704952"}],"wp:term":[{"taxonomy":"product_brand","embeddable":true,"href":"https:\/\/roveyayinevi.com.tr\/index.php\/wp-json\/wp\/v2\/product_brand?post=704952"},{"taxonomy":"product_cat","embeddable":true,"href":"https:\/\/roveyayinevi.com.tr\/index.php\/wp-json\/wp\/v2\/product_cat?post=704952"},{"taxonomy":"product_tag","embeddable":true,"href":"https:\/\/roveyayinevi.com.tr\/index.php\/wp-json\/wp\/v2\/product_tag?post=704952"}],"curies":[{"name":"wp","href":"https:\/\/api.w.org\/{rel}","templated":true}]}}