{"id":704948,"date":"2025-08-27T15:40:48","date_gmt":"2025-08-27T12:40:48","guid":{"rendered":"https:\/\/roveyayinevi.com.tr\/index.php\/urun\/altmis-akil-yetmis-fikir\/"},"modified":"2026-04-16T02:13:55","modified_gmt":"2026-04-15T23:13:55","slug":"altmis-akil-yetmis-fikir","status":"publish","type":"product","link":"https:\/\/roveyayinevi.com.tr\/index.php\/urun\/altmis-akil-yetmis-fikir\/","title":{"rendered":"Altm\u0131\u015f Ak\u0131l Yetmi\u015f Fikir"},"content":{"rendered":"<p>Kitapta Yer Alan KonularA. Genel K\u00fclt\u00fcrV. T\u00fcrk K\u00fclt\u00fcr\u00fc Kongresi A\u00e7\u0131l\u0131\u015f T\u00f6reni Konu\u015fmas\u0131V. T\u00fcrk K\u00fclt\u00fcr\u00fc Kongresi \u00dczerineBak\u00fc Slavyan \u00dcniversitesi T\u00fcrkiye Ara\u015ft\u0131rmalar\u0131 Merkezi A\u00e7\u0131l\u0131\u015f T\u00f6reni Konu\u015fmas\u0131 Bak\u00fc Slavyan \u00dcniversitesinde T\u00fcrkiye Ara\u015ft\u0131rmalar\u0131 MerkeziT\u00fcrk K\u00fclt\u00fcr\u00fcn\u00fcn D\u00fcnya K\u00fclt\u00fcrlerine Etki ve Katk\u0131lar\u0131 Konulu VI. Uluslararas\u0131 T\u00fcrk K\u00fclt\u00fcr\u00fc Kongresi Sonu\u00e7 BildirgesiAtat\u00fcrk Y\u00fcksek Kurumu Atat\u00fcrk K\u00fclt\u00fcr Merkezi Ba\u015fkan\u0131 Olarak Ger\u00e7ekle\u015ftirilen EtkinliklerK\u0131r\u0131kkale Karake\u00e7ili&#8217;den \u015eanl\u0131urfa Karake\u00e7ili&#8217;ye Ortak K\u00fclt\u00fcr De\u011ferleri Projesi \u015eanl\u0131urfa Karake\u00e7ili Festivali A\u00e7\u0131l\u0131\u015f T\u00f6reni Konu\u015fmas\u0131 (2011)T\u00fcrk D\u00fcnyas\u0131 Karake\u00e7ili T\u00fcrkmen \u015eenli\u011fi A\u00e7\u0131l\u0131\u015f T\u00f6reni Konu\u015fmas\u0131 (2013)T\u00fcrkiye&#8217;nin En B\u00fcy\u00fck Ailesi (A\u015fireti) Karake\u00e7ili \u015eenlikleri ve Bir \u015eiirUluslararas\u0131 Karacao\u011flan \u015eelale \u015eiir Ak\u015famlar\u0131 On Bir Ya\u015f\u0131ndaB. Atat\u00fcrk\u00e7\u00fcl\u00fckAtat\u00fcrk&#8217;\u00fc AnlamakAtat\u00fcrk&#8217;\u00fc Putin Anlad\u0131, \u00c7in Anlad\u0131, Biz Anlayamad\u0131k!Atat\u00fcrk ve G\u00fczel SanatlarC. T\u00fcrk Kad\u0131n\u0131, Kad\u0131n ve K\u00fclt\u00fcrCumhuriyet&#8217;in Kurulu\u015funda Kad\u0131n\u0131n Yeri ve \u00d6nemiCumhuriyet ve Kad\u0131nAvrupa Birli\u011fi ve T\u00fcrkiye&#8217;de Kad\u0131n, E\u011fitim, K\u00fclt\u00fcrCumhuriyetimizin 80. Y\u0131l\u0131nda Atat\u00fcrk ve Ulusall\u0131ktan Evrenselli\u011fe T\u00fcrk Kad\u0131n\u0131Cumhuriyetimizin 89. Y\u0131l\u0131nda Atat\u00fcrk ve Ulusall\u0131ktan Evrenselli\u011fe T\u00fcrk Kad\u0131n\u0131&#8221;21. Y\u00fczy\u0131l T\u00fcrkiyesi&#8221;nde Kad\u0131n\u0131n D\u00fcn\u00fc, Bug\u00fcn\u00fc ve Gelece\u011fiK\u00fclt\u00fcr ve Kad\u0131n <\/p>\n","protected":false},"excerpt":{"rendered":"<p>Kitapta Yer Alan KonularA. Genel K\u00fclt\u00fcrV. T\u00fcrk K\u00fclt\u00fcr\u00fc Kongresi A\u00e7\u0131l\u0131\u015f T\u00f6reni Konu\u015fmas\u0131V. T\u00fcrk K\u00fclt\u00fcr\u00fc Kongresi \u00dczerineBak\u00fc Slavyan \u00dcniversitesi T\u00fcrkiye Ara\u015ft\u0131rmalar\u0131 Merkezi A\u00e7\u0131l\u0131\u015f T\u00f6reni Konu\u015fmas\u0131 Bak\u00fc Slavyan<span class=\"excerpt-hellip\"> [\u2026]<\/span><\/p>\n","protected":false},"featured_media":0,"template":"","meta":{"_monsterinsights_skip_tracking":false,"_monsterinsights_sitenote_active":false,"_monsterinsights_sitenote_note":"","_monsterinsights_sitenote_category":0},"product_brand":[],"product_cat":[13072,12291],"product_tag":[],"class_list":{"0":"post-704948","1":"product","2":"type-product","3":"status-publish","5":"product_cat-arastirma-inceleme-referans","6":"product_cat-edebiyat","7":"pa_cilt-ciltsiz","8":"pa_tur-kitap","9":"pa_yayinevi-kultur-ajans-yayinlari","10":"pa_yazar-taciser-onuk","12":"first","13":"instock","14":"sale","15":"shipping-taxable","16":"purchasable","17":"product-type-simple"},"_links":{"self":[{"href":"https:\/\/roveyayinevi.com.tr\/index.php\/wp-json\/wp\/v2\/product\/704948","targetHints":{"allow":["GET"]}}],"collection":[{"href":"https:\/\/roveyayinevi.com.tr\/index.php\/wp-json\/wp\/v2\/product"}],"about":[{"href":"https:\/\/roveyayinevi.com.tr\/index.php\/wp-json\/wp\/v2\/types\/product"}],"wp:attachment":[{"href":"https:\/\/roveyayinevi.com.tr\/index.php\/wp-json\/wp\/v2\/media?parent=704948"}],"wp:term":[{"taxonomy":"product_brand","embeddable":true,"href":"https:\/\/roveyayinevi.com.tr\/index.php\/wp-json\/wp\/v2\/product_brand?post=704948"},{"taxonomy":"product_cat","embeddable":true,"href":"https:\/\/roveyayinevi.com.tr\/index.php\/wp-json\/wp\/v2\/product_cat?post=704948"},{"taxonomy":"product_tag","embeddable":true,"href":"https:\/\/roveyayinevi.com.tr\/index.php\/wp-json\/wp\/v2\/product_tag?post=704948"}],"curies":[{"name":"wp","href":"https:\/\/api.w.org\/{rel}","templated":true}]}}