{"id":704946,"date":"2025-08-27T15:40:47","date_gmt":"2025-08-27T12:40:47","guid":{"rendered":"https:\/\/roveyayinevi.com.tr\/index.php\/urun\/hic-2\/"},"modified":"2026-04-16T02:13:55","modified_gmt":"2026-04-15T23:13:55","slug":"hic-2","status":"publish","type":"product","link":"https:\/\/roveyayinevi.com.tr\/index.php\/urun\/hic-2\/","title":{"rendered":"Hi\u00e7"},"content":{"rendered":"<p>(\u2026) Bo\u015fluk titriyordu.. \u0130lk s\u00f6yleni\u015findeki h\u00fcz\u00fcnl\u00fc sesi yitmi\u015fti. Can s\u0131k\u0131nt\u0131s\u0131 da\u011f\u0131lm\u0131\u015f, hi\u00e7lik belirmeye ba\u015flam\u0131\u015ft\u0131. Hi\u00e7lik ilk s\u00f6yleni\u015finde hattat\u2019a \u00e7ocuklu\u011fundaki cibinlik alt\u0131nda uyudu\u011fu, yani uyuyamad\u0131\u011f\u0131 yaz gecelerinin Gulyabanilerini \u00e7a\u011fr\u0131\u015ft\u0131rm\u0131\u015ft\u0131\u2026 <\/p>\n","protected":false},"excerpt":{"rendered":"<p>(\u2026) Bo\u015fluk titriyordu.. \u0130lk s\u00f6yleni\u015findeki h\u00fcz\u00fcnl\u00fc sesi yitmi\u015fti. Can s\u0131k\u0131nt\u0131s\u0131 da\u011f\u0131lm\u0131\u015f, hi\u00e7lik belirmeye ba\u015flam\u0131\u015ft\u0131. Hi\u00e7lik ilk s\u00f6yleni\u015finde hattat\u2019a \u00e7ocuklu\u011fundaki cibinlik alt\u0131nda uyudu\u011fu, yani uyuyamad\u0131\u011f\u0131 yaz gecelerinin<span class=\"excerpt-hellip\"> [\u2026]<\/span><\/p>\n","protected":false},"featured_media":0,"template":"","meta":{"_monsterinsights_skip_tracking":false,"_monsterinsights_sitenote_active":false,"_monsterinsights_sitenote_note":"","_monsterinsights_sitenote_category":0},"product_brand":[],"product_cat":[12291,12711],"product_tag":[],"class_list":{"0":"post-704946","1":"product","2":"type-product","3":"status-publish","5":"product_cat-edebiyat","6":"product_cat-roman-oyku","7":"pa_tur-kitap","8":"pa_yayinevi-profil-kitap","9":"pa_yazar-sadik-yalsizucanlar","11":"first","12":"instock","13":"sale","14":"shipping-taxable","15":"purchasable","16":"product-type-simple"},"_links":{"self":[{"href":"https:\/\/roveyayinevi.com.tr\/index.php\/wp-json\/wp\/v2\/product\/704946","targetHints":{"allow":["GET"]}}],"collection":[{"href":"https:\/\/roveyayinevi.com.tr\/index.php\/wp-json\/wp\/v2\/product"}],"about":[{"href":"https:\/\/roveyayinevi.com.tr\/index.php\/wp-json\/wp\/v2\/types\/product"}],"wp:attachment":[{"href":"https:\/\/roveyayinevi.com.tr\/index.php\/wp-json\/wp\/v2\/media?parent=704946"}],"wp:term":[{"taxonomy":"product_brand","embeddable":true,"href":"https:\/\/roveyayinevi.com.tr\/index.php\/wp-json\/wp\/v2\/product_brand?post=704946"},{"taxonomy":"product_cat","embeddable":true,"href":"https:\/\/roveyayinevi.com.tr\/index.php\/wp-json\/wp\/v2\/product_cat?post=704946"},{"taxonomy":"product_tag","embeddable":true,"href":"https:\/\/roveyayinevi.com.tr\/index.php\/wp-json\/wp\/v2\/product_tag?post=704946"}],"curies":[{"name":"wp","href":"https:\/\/api.w.org\/{rel}","templated":true}]}}