{"id":704943,"date":"2025-08-27T15:40:46","date_gmt":"2025-08-27T12:40:46","guid":{"rendered":"https:\/\/roveyayinevi.com.tr\/index.php\/urun\/guzeran\/"},"modified":"2026-04-16T02:13:54","modified_gmt":"2026-04-15T23:13:54","slug":"guzeran","status":"publish","type":"product","link":"https:\/\/roveyayinevi.com.tr\/index.php\/urun\/guzeran\/","title":{"rendered":"G\u00fczeran"},"content":{"rendered":"<p>(\u2026) Bir iz sadece. \u00c7o\u011falmayan bir sessiz oysa. Ak\u0131c\u0131 de\u011fil s\u0131z\u0131c\u0131 hi\u00e7 de\u011fil. Bir iz gibi ayr\u0131lm\u0131\u015f. Ge\u00e7ince bazen biliniyor, duyuluyor bazen. Seziliyor oysa. Hep ge\u00e7iyor ve g\u00f6r\u00fclm\u00fcyor. Bir uyku. D\u00fc\u015f gibi ge\u00e7iyor. R\u00fczgar gibi savruluyor. Sonsuz san\u0131nca hi\u00e7li\u011fe d\u00fc\u015f\u00fcyor. Uykuyla uyan\u0131kl\u0131k aras\u0131nda iri beyaz bir ku\u015f geliyor. Seni al\u0131p d\u00fcnyan\u0131n bir hardal tanesi gibi  k\u00fc\u00e7\u00fcld\u00fc\u011f\u00fc yere \u00e7\u0131kar\u0131yor. Orada seni bekleyen, senin bekledi\u011fin bir da\u011f var. <\/p>\n","protected":false},"excerpt":{"rendered":"<p>(\u2026) Bir iz sadece. \u00c7o\u011falmayan bir sessiz oysa. Ak\u0131c\u0131 de\u011fil s\u0131z\u0131c\u0131 hi\u00e7 de\u011fil. Bir iz gibi ayr\u0131lm\u0131\u015f. Ge\u00e7ince bazen biliniyor, duyuluyor bazen. Seziliyor oysa. Hep ge\u00e7iyor<span class=\"excerpt-hellip\"> [\u2026]<\/span><\/p>\n","protected":false},"featured_media":0,"template":"","meta":{"_monsterinsights_skip_tracking":false,"_monsterinsights_sitenote_active":false,"_monsterinsights_sitenote_note":"","_monsterinsights_sitenote_category":0},"product_brand":[],"product_cat":[12291,12711],"product_tag":[],"class_list":{"0":"post-704943","1":"product","2":"type-product","3":"status-publish","5":"product_cat-edebiyat","6":"product_cat-roman-oyku","7":"pa_tur-kitap","8":"pa_yayinevi-profil-kitap","9":"pa_yazar-sadik-yalsizucanlar","11":"first","12":"instock","13":"sale","14":"shipping-taxable","15":"purchasable","16":"product-type-simple"},"_links":{"self":[{"href":"https:\/\/roveyayinevi.com.tr\/index.php\/wp-json\/wp\/v2\/product\/704943","targetHints":{"allow":["GET"]}}],"collection":[{"href":"https:\/\/roveyayinevi.com.tr\/index.php\/wp-json\/wp\/v2\/product"}],"about":[{"href":"https:\/\/roveyayinevi.com.tr\/index.php\/wp-json\/wp\/v2\/types\/product"}],"wp:attachment":[{"href":"https:\/\/roveyayinevi.com.tr\/index.php\/wp-json\/wp\/v2\/media?parent=704943"}],"wp:term":[{"taxonomy":"product_brand","embeddable":true,"href":"https:\/\/roveyayinevi.com.tr\/index.php\/wp-json\/wp\/v2\/product_brand?post=704943"},{"taxonomy":"product_cat","embeddable":true,"href":"https:\/\/roveyayinevi.com.tr\/index.php\/wp-json\/wp\/v2\/product_cat?post=704943"},{"taxonomy":"product_tag","embeddable":true,"href":"https:\/\/roveyayinevi.com.tr\/index.php\/wp-json\/wp\/v2\/product_tag?post=704943"}],"curies":[{"name":"wp","href":"https:\/\/api.w.org\/{rel}","templated":true}]}}