{"id":704940,"date":"2025-08-27T15:40:45","date_gmt":"2025-08-27T12:40:45","guid":{"rendered":"https:\/\/roveyayinevi.com.tr\/index.php\/urun\/sade\/"},"modified":"2026-04-16T02:13:54","modified_gmt":"2026-04-15T23:13:54","slug":"sade","status":"publish","type":"product","link":"https:\/\/roveyayinevi.com.tr\/index.php\/urun\/sade\/","title":{"rendered":"Sade"},"content":{"rendered":"<p>Kalabal\u0131kta kendimizi bile bulamay\u0131z. Etraf\u0131m\u0131z\u0131, evimizi, \u00e7antam\u0131z\u0131, program\u0131m\u0131z\u0131, g\u00fcn\u00fcm\u00fcz\u00fc, gard\u0131robumuzu, c\u00fczdan\u0131m\u0131z\u0131 yani k\u0131sacas\u0131 t\u00fcm hayat\u0131m\u0131z\u0131 ne kadar \u00e7ok doldurursak o kadar tatmin ve dolay\u0131s\u0131yla mutlu olaca\u011f\u0131m\u0131z\u0131 zannederiz. Bu kalabal\u0131\u011f\u0131 yarat\u0131rken yapt\u0131\u011f\u0131m\u0131z \u015fey kendimizi yok etmektir asl\u0131nda. \u00c7\u00fcnk\u00fc kendini sadece bo\u015flukta yaratabilir insan. Azal\u0131nca \u00e7o\u011fal\u0131r, sadele\u015ftik\u00e7e \u00f6zg\u00fcrle\u015fir ve hatta daha \u00e7ok g\u00f6r\u00fcn\u00fcr olur. Beg\u00fcm Ba\u015fo\u011flu ve Ege Erim bir g\u00fcn hayatlar\u0131ndaki fazlal\u0131klar\u0131 att\u0131k\u00e7a daha mutlu olduklar\u0131n\u0131 ke\u015ffettiler. Bu ke\u015fif onlar\u0131n hayat\u0131n\u0131 de\u011fi\u015ftirdi ve daha \u00e7ok, daha \u00e7ok atmaya ba\u015flad\u0131lar. Giymedikleri giysileri tutmay\u0131p, kullanmad\u0131klar\u0131 e\u015fyalar\u0131 saklamad\u0131lar. Her programa dahil olmaktan vazge\u00e7erken, asl\u0131nda bir s\u00fcr\u00fc \u015feye \u2018maruz kalmaktan\u2019 kurtuldular. Yani sade bir ya\u015fam\u0131 tercih ettiler. Buna tan\u0131k olanlar ayn\u0131s\u0131n\u0131 deneyimlemek istedi\u011finde de \u2018sade ya\u015famak\u2019 ak\u0131m\u0131 olu\u015ftu. Art\u0131k belki fark\u0131nda oldu\u011funuz belki de olmad\u0131\u011f\u0131n\u0131z bir\u00e7ok ki\u015fi sade ya\u015f\u0131yor. \u0130\u00e7inde daha az e\u015fya, daha fazla deneyim olan, daha hafif, s\u0131n\u0131rlar\u0131n\u0131 kendinizin belirledi\u011fi dolu dolu bir ya\u015fam, sadedir. Ve sadelik g\u00fczeldir.<\/p>\n","protected":false},"excerpt":{"rendered":"<p>Kalabal\u0131kta kendimizi bile bulamay\u0131z. Etraf\u0131m\u0131z\u0131, evimizi, \u00e7antam\u0131z\u0131, program\u0131m\u0131z\u0131, g\u00fcn\u00fcm\u00fcz\u00fc, gard\u0131robumuzu, c\u00fczdan\u0131m\u0131z\u0131 yani k\u0131sacas\u0131 t\u00fcm hayat\u0131m\u0131z\u0131 ne kadar \u00e7ok doldurursak o kadar tatmin ve dolay\u0131s\u0131yla mutlu olaca\u011f\u0131m\u0131z\u0131<span class=\"excerpt-hellip\"> [\u2026]<\/span><\/p>\n","protected":false},"featured_media":0,"template":"","meta":{"_monsterinsights_skip_tracking":false,"_monsterinsights_sitenote_active":false,"_monsterinsights_sitenote_note":"","_monsterinsights_sitenote_category":0},"product_brand":[],"product_cat":[12364,12376],"product_tag":[],"class_list":{"0":"post-704940","1":"product","2":"type-product","3":"status-publish","5":"product_cat-genel-konular","6":"product_cat-kisisel-gelisim","7":"pa_cilt-ciltsiz","8":"pa_tur-kitap","9":"pa_yayinevi-okuyan-us-yayin","10":"pa_yazar-begum-basoglu-ege-erim","12":"first","13":"instock","14":"sale","15":"shipping-taxable","16":"purchasable","17":"product-type-simple"},"_links":{"self":[{"href":"https:\/\/roveyayinevi.com.tr\/index.php\/wp-json\/wp\/v2\/product\/704940","targetHints":{"allow":["GET"]}}],"collection":[{"href":"https:\/\/roveyayinevi.com.tr\/index.php\/wp-json\/wp\/v2\/product"}],"about":[{"href":"https:\/\/roveyayinevi.com.tr\/index.php\/wp-json\/wp\/v2\/types\/product"}],"wp:attachment":[{"href":"https:\/\/roveyayinevi.com.tr\/index.php\/wp-json\/wp\/v2\/media?parent=704940"}],"wp:term":[{"taxonomy":"product_brand","embeddable":true,"href":"https:\/\/roveyayinevi.com.tr\/index.php\/wp-json\/wp\/v2\/product_brand?post=704940"},{"taxonomy":"product_cat","embeddable":true,"href":"https:\/\/roveyayinevi.com.tr\/index.php\/wp-json\/wp\/v2\/product_cat?post=704940"},{"taxonomy":"product_tag","embeddable":true,"href":"https:\/\/roveyayinevi.com.tr\/index.php\/wp-json\/wp\/v2\/product_tag?post=704940"}],"curies":[{"name":"wp","href":"https:\/\/api.w.org\/{rel}","templated":true}]}}