{"id":704939,"date":"2025-08-27T15:40:45","date_gmt":"2025-08-27T12:40:45","guid":{"rendered":"https:\/\/roveyayinevi.com.tr\/index.php\/urun\/izmir-postasinin-adamlari\/"},"modified":"2026-04-16T02:13:54","modified_gmt":"2026-04-15T23:13:54","slug":"izmir-postasinin-adamlari","status":"publish","type":"product","link":"https:\/\/roveyayinevi.com.tr\/index.php\/urun\/izmir-postasinin-adamlari\/","title":{"rendered":"\u0130zmir Postas\u0131\u2019n\u0131n Adamlar\u0131"},"content":{"rendered":"<p>Y\u00fcz g\u00fcn oldu babam \u00f6leli. \u00d6l\u00fcm\u00fcn bana bu kadar yakla\u015fabilece\u011fine inanmazd\u0131m. O hep k\u00fc\u00e7\u00fck bah\u00e7emde dola\u015f\u0131r, duvarlar\u0131 yoklar, oradan \u00e7at\u0131ya ak\u0131p tahta nal\u0131nlar\u0131yla \u00fczerimizde gezerdi. Ama kap\u0131y\u0131 zorlay\u0131p i\u00e7eriye kadar girebilece\u011fini ve bunca y\u0131l\u0131n Nalbant As\u0131m\u2019\u0131n\u0131 soluksuz b\u0131rakaca\u011f\u0131n\u0131 d\u00fc\u015f\u00fcnmemi\u015ftim. Gece herkes uyurken koydu\u011fum g\u00f6zlerin tam y\u00fcz g\u00fcnd\u00fcr ayn\u0131 kavanozun i\u00e7inde Nalbant As\u0131m! H\u00e2l\u00e2 mavilikleri durula\u015fmad\u0131.  \u0130zmir Postas\u0131\u2019n\u0131n Adamlar\u0131, \u00f6yk\u00fcleriyle son y\u0131llarda ad\u0131ndan s\u00f6z ettiren Ahmet B\u00fcke\u2019nin ilk \u00f6yk\u00fc kitab\u0131. Yay\u0131mland\u0131\u011f\u0131nda kendine \u00f6zg\u00fc sesi ve bi\u00e7imiyle hemen dikkatleri \u00fczerine \u00e7eken bu \u00f6yk\u00fclerde g\u00fcnl\u00fck ya\u015fam\u0131n al\u00e7ak sesli ama etkileyici esintisi var. Ahmet B\u00fcke, yaln\u0131zca ya\u015fad\u0131\u011f\u0131 kentin de\u011fil, T\u00fcrk \u00f6yk\u00fcc\u00fcl\u00fc\u011f\u00fcn\u00fcn de ara sokaklar\u0131n\u0131 iyi tan\u0131d\u0131\u011f\u0131n\u0131, iyi okudu\u011funu ortaya koyuyor \u0130zmir Postas\u0131\u2019n\u0131n Adamlar\u0131\u2019nda. <\/p>\n","protected":false},"excerpt":{"rendered":"<p>Y\u00fcz g\u00fcn oldu babam \u00f6leli. \u00d6l\u00fcm\u00fcn bana bu kadar yakla\u015fabilece\u011fine inanmazd\u0131m. O hep k\u00fc\u00e7\u00fck bah\u00e7emde dola\u015f\u0131r, duvarlar\u0131 yoklar, oradan \u00e7at\u0131ya ak\u0131p tahta nal\u0131nlar\u0131yla \u00fczerimizde gezerdi. Ama<span class=\"excerpt-hellip\"> [\u2026]<\/span><\/p>\n","protected":false},"featured_media":0,"template":"","meta":{"_monsterinsights_skip_tracking":false,"_monsterinsights_sitenote_active":false,"_monsterinsights_sitenote_note":"","_monsterinsights_sitenote_category":0},"product_brand":[],"product_cat":[12291,12711],"product_tag":[],"class_list":{"0":"post-704939","1":"product","2":"type-product","3":"status-publish","5":"product_cat-edebiyat","6":"product_cat-roman-oyku","7":"pa_cilt-ciltsiz","8":"pa_tur-kitap","9":"pa_yayinevi-can-yayinlari","10":"pa_yazar-ahmet-buke","12":"first","13":"instock","14":"sale","15":"shipping-taxable","16":"purchasable","17":"product-type-simple"},"_links":{"self":[{"href":"https:\/\/roveyayinevi.com.tr\/index.php\/wp-json\/wp\/v2\/product\/704939","targetHints":{"allow":["GET"]}}],"collection":[{"href":"https:\/\/roveyayinevi.com.tr\/index.php\/wp-json\/wp\/v2\/product"}],"about":[{"href":"https:\/\/roveyayinevi.com.tr\/index.php\/wp-json\/wp\/v2\/types\/product"}],"wp:attachment":[{"href":"https:\/\/roveyayinevi.com.tr\/index.php\/wp-json\/wp\/v2\/media?parent=704939"}],"wp:term":[{"taxonomy":"product_brand","embeddable":true,"href":"https:\/\/roveyayinevi.com.tr\/index.php\/wp-json\/wp\/v2\/product_brand?post=704939"},{"taxonomy":"product_cat","embeddable":true,"href":"https:\/\/roveyayinevi.com.tr\/index.php\/wp-json\/wp\/v2\/product_cat?post=704939"},{"taxonomy":"product_tag","embeddable":true,"href":"https:\/\/roveyayinevi.com.tr\/index.php\/wp-json\/wp\/v2\/product_tag?post=704939"}],"curies":[{"name":"wp","href":"https:\/\/api.w.org\/{rel}","templated":true}]}}