{"id":704937,"date":"2025-08-27T15:40:44","date_gmt":"2025-08-27T12:40:44","guid":{"rendered":"https:\/\/roveyayinevi.com.tr\/index.php\/urun\/petersburglu-usta\/"},"modified":"2026-04-16T02:13:54","modified_gmt":"2026-04-15T23:13:54","slug":"petersburglu-usta","status":"publish","type":"product","link":"https:\/\/roveyayinevi.com.tr\/index.php\/urun\/petersburglu-usta\/","title":{"rendered":"Petersburg\u2019lu Usta"},"content":{"rendered":"<p>1869 y\u0131l\u0131n\u0131n sonbahar\u0131nda, \u00fcnl\u00fc Rus yazar Fyodor Mihaylovi\u00e7 Dostoyevski, g\u00f6n\u00fcll\u00fc bir s\u00fcrg\u00fcn olarak ya\u015fad\u0131\u011f\u0131 Almanya\u2019dan Petersburg\u2019a \u00e7a\u011fr\u0131l\u0131r. Ellisine merdiven dayayan, mutsuz ve \u00f6fkeli yazar, alacakl\u0131lar\u0131na yakalanma tehlikesine, gizli polisten korkmas\u0131na ra\u011fmen sahte bir ad kullanarak d\u00f6ner Petersburg\u2019a. \u00dcvey o\u011flu Pavel\u2019in gizemli ve beklenmedik \u00f6l\u00fcm\u00fcd\u00fcr d\u00f6n\u00fc\u015f nedeni. Kederli Dostoyevski, \u00e7ok sevdi\u011fi halde uzak d\u00fc\u015ft\u00fc\u011f\u00fc Pavel\u2019in \u00f6l\u00fcm\u00fcn\u00fcn ard\u0131ndaki s\u0131rr\u0131 \u00f6\u011frenmeden huzur bulamayacakt\u0131r. O\u011flunun \u00f6l\u00fcm\u00fc intihar m\u0131d\u0131r yoksa cinayet mi? Pavel, \u00fcvey babas\u0131n\u0131 sevmi\u015f midir yoksa ondan nefret mi etmi\u015ftir? \u015eiddet eylemlerine giri\u015ferek devleti ve t\u00fcm kurumlar\u0131n\u0131 devirmeye \u00e7al\u0131\u015fan devrimci Ne\u00e7ayev\u2019e ba\u011fl\u0131l\u0131k yemini edenlerden biri midir? Dostoyevski\u2019nin, Pavel\u2019in ev sahibesiyle ili\u015fkisi nas\u0131l sonu\u00e7lanacakt\u0131r? \u00dcnl\u00fc yazar, Pavel\u2019in \u00f6l\u00fcm\u00fcn\u00fcn izini s\u00fcrerken kendi kimli\u011fiyle ve hayattaki duru\u015fuyla ilgili ger\u00e7eklerle de y\u00fczle\u015fmek zorunda kal\u0131r.J.M. Coetzee, roman\u0131nda Dostoyevski\u2019yi yeniden yarat\u0131rken zoru ba\u015far\u0131yor; bir ba\u015fka yazar\u0131n, Dostoyevski\u2019nin kafas\u0131n\u0131n i\u00e7inden yaz\u0131yor; insan zihninin kimi zaman son derece itici \u00e7eli\u015fkilerini cesaretle ve riske girerek ortaya koyuyor; kurdu\u011fu d\u00fcnyada ve yaratt\u0131\u011f\u0131 karakterlerde, Dostoyevski\u2019nin romanlar\u0131n\u0131n karanl\u0131k ortam\u0131n\u0131, ruhsal \u00e7\u00f6z\u00fcmlemelerini ustal\u0131kla yans\u0131t\u0131yor. Petersburg\u2019lu Usta ayn\u0131 zamanda m\u00fcthi\u015f bir de\u011fi\u015fimin e\u015fi\u011findeki Rus toplumunun da d\u00f6nemsel bir tablosu. <\/p>\n","protected":false},"excerpt":{"rendered":"<p>1869 y\u0131l\u0131n\u0131n sonbahar\u0131nda, \u00fcnl\u00fc Rus yazar Fyodor Mihaylovi\u00e7 Dostoyevski, g\u00f6n\u00fcll\u00fc bir s\u00fcrg\u00fcn olarak ya\u015fad\u0131\u011f\u0131 Almanya\u2019dan Petersburg\u2019a \u00e7a\u011fr\u0131l\u0131r. Ellisine merdiven dayayan, mutsuz ve \u00f6fkeli yazar, alacakl\u0131lar\u0131na yakalanma<span class=\"excerpt-hellip\"> [\u2026]<\/span><\/p>\n","protected":false},"featured_media":0,"template":"","meta":{"_monsterinsights_skip_tracking":false,"_monsterinsights_sitenote_active":false,"_monsterinsights_sitenote_note":"","_monsterinsights_sitenote_category":0},"product_brand":[],"product_cat":[13661,12291],"product_tag":[],"class_list":{"0":"post-704937","1":"product","2":"type-product","3":"status-publish","5":"product_cat-diger-ulke-edebiyatlari","6":"product_cat-edebiyat","7":"pa_cilt-ciltsiz","8":"pa_tur-kitap","9":"pa_yayinevi-can-yayinlari","10":"pa_yazar-j-m-coetzee","12":"first","13":"instock","14":"sale","15":"shipping-taxable","16":"purchasable","17":"product-type-simple"},"_links":{"self":[{"href":"https:\/\/roveyayinevi.com.tr\/index.php\/wp-json\/wp\/v2\/product\/704937","targetHints":{"allow":["GET"]}}],"collection":[{"href":"https:\/\/roveyayinevi.com.tr\/index.php\/wp-json\/wp\/v2\/product"}],"about":[{"href":"https:\/\/roveyayinevi.com.tr\/index.php\/wp-json\/wp\/v2\/types\/product"}],"wp:attachment":[{"href":"https:\/\/roveyayinevi.com.tr\/index.php\/wp-json\/wp\/v2\/media?parent=704937"}],"wp:term":[{"taxonomy":"product_brand","embeddable":true,"href":"https:\/\/roveyayinevi.com.tr\/index.php\/wp-json\/wp\/v2\/product_brand?post=704937"},{"taxonomy":"product_cat","embeddable":true,"href":"https:\/\/roveyayinevi.com.tr\/index.php\/wp-json\/wp\/v2\/product_cat?post=704937"},{"taxonomy":"product_tag","embeddable":true,"href":"https:\/\/roveyayinevi.com.tr\/index.php\/wp-json\/wp\/v2\/product_tag?post=704937"}],"curies":[{"name":"wp","href":"https:\/\/api.w.org\/{rel}","templated":true}]}}