{"id":704931,"date":"2025-08-27T15:40:41","date_gmt":"2025-08-27T12:40:41","guid":{"rendered":"https:\/\/roveyayinevi.com.tr\/index.php\/urun\/piyano-eslikli-belirli-gun-ve-haftalar-temali-koro-ve-solo-sarkilar\/"},"modified":"2026-04-16T02:13:54","modified_gmt":"2026-04-15T23:13:54","slug":"piyano-eslikli-belirli-gun-ve-haftalar-temali-koro-ve-solo-sarkilar","status":"publish","type":"product","link":"https:\/\/roveyayinevi.com.tr\/index.php\/urun\/piyano-eslikli-belirli-gun-ve-haftalar-temali-koro-ve-solo-sarkilar\/","title":{"rendered":"Piyano E\u015flikli Belirli G\u00fcn ve Haftalar Temal\u0131 Koro ve Solo \u015eark\u0131lar"},"content":{"rendered":"<p>\u00d6\u011fretmenlik hayat\u0131m\u0131n 5. y\u0131l\u0131nda oldu\u011fum \u015fu d\u00f6nemde, uzun zamand\u0131r hayalini kurdu\u011fum bir \u015feyi ger\u00e7ekle\u015ftirmenin heyecan\u0131n\u0131 ya\u015f\u0131yorum. Kafamda uzun y\u0131llard\u0131r ta\u015f\u0131d\u0131\u011f\u0131m   Hayata k\u00fc\u00e7\u00fck bir iz b\u0131rakma   d\u00fc\u015f\u00fcncesiyle yola \u00e7\u0131kt\u0131\u011f\u0131m ve tamamlad\u0131\u011f\u0131m, \u00f6zellikle m\u00fczik \u00f6\u011fretmenlerinin ve koro \u015feflerinin faydalanaca\u011f\u0131n\u0131 d\u00fc\u015f\u00fcnd\u00fc\u011f\u00fcm bu kitab\u0131 sizlere sunuyorum. Bu ilk \u00e7al\u0131\u015fmamda,   Belirli G\u00fcn ve Haftalar   temas\u0131 \u00fczerine \u00e7al\u0131\u015fmak istememin sebebi, m\u00fczik \u00f6\u011fretmenlerinin kaynak eksikliklerini fark etmem ve devaml\u0131 bu \u00f6zel g\u00fcnler ile ilgili aray\u0131\u015f i\u00e7erisinde olduklar\u0131n\u0131 g\u00f6rmemdi. Bu vesileyle bu \u00f6zel g\u00fcnleri anlatan 19 adet piyano e\u015flikli koro \u015fark\u0131s\u0131 ortaya \u00e7\u0131kt\u0131. Sizlerden alaca\u011f\u0131m geri bildirimler sayesinde, gelecekte \u00e7ok daha g\u00fczel \u00fcr\u00fcnler ortaya koymay\u0131 \u00fcmit ediyorum. Dilerim bu ve bunun gibi yay\u0131nlar \u00e7o\u011fal\u0131r ve \u00e7ocuklar\u0131m\u0131z sahnelerde hep g\u00fczel \u015fark\u0131lar s\u00f6ylerler. <\/p>\n","protected":false},"excerpt":{"rendered":"<p>\u00d6\u011fretmenlik hayat\u0131m\u0131n 5. y\u0131l\u0131nda oldu\u011fum \u015fu d\u00f6nemde, uzun zamand\u0131r hayalini kurdu\u011fum bir \u015feyi ger\u00e7ekle\u015ftirmenin heyecan\u0131n\u0131 ya\u015f\u0131yorum. Kafamda uzun y\u0131llard\u0131r ta\u015f\u0131d\u0131\u011f\u0131m Hayata k\u00fc\u00e7\u00fck bir iz b\u0131rakma d\u00fc\u015f\u00fcncesiyle<span class=\"excerpt-hellip\"> [\u2026]<\/span><\/p>\n","protected":false},"featured_media":0,"template":"","meta":{"_monsterinsights_skip_tracking":false,"_monsterinsights_sitenote_active":false,"_monsterinsights_sitenote_note":"","_monsterinsights_sitenote_category":0},"product_brand":[],"product_cat":[14556,20810],"product_tag":[],"class_list":{"0":"post-704931","1":"product","2":"type-product","3":"status-publish","5":"product_cat-muzik","6":"product_cat-ogrenim-kitaplari","7":"pa_tur-kitap","8":"pa_yayinevi-porte-muzik-egitim-merkezi","9":"pa_yazar-gunes-kaya","11":"first","12":"instock","13":"sale","14":"shipping-taxable","15":"purchasable","16":"product-type-simple"},"_links":{"self":[{"href":"https:\/\/roveyayinevi.com.tr\/index.php\/wp-json\/wp\/v2\/product\/704931","targetHints":{"allow":["GET"]}}],"collection":[{"href":"https:\/\/roveyayinevi.com.tr\/index.php\/wp-json\/wp\/v2\/product"}],"about":[{"href":"https:\/\/roveyayinevi.com.tr\/index.php\/wp-json\/wp\/v2\/types\/product"}],"wp:attachment":[{"href":"https:\/\/roveyayinevi.com.tr\/index.php\/wp-json\/wp\/v2\/media?parent=704931"}],"wp:term":[{"taxonomy":"product_brand","embeddable":true,"href":"https:\/\/roveyayinevi.com.tr\/index.php\/wp-json\/wp\/v2\/product_brand?post=704931"},{"taxonomy":"product_cat","embeddable":true,"href":"https:\/\/roveyayinevi.com.tr\/index.php\/wp-json\/wp\/v2\/product_cat?post=704931"},{"taxonomy":"product_tag","embeddable":true,"href":"https:\/\/roveyayinevi.com.tr\/index.php\/wp-json\/wp\/v2\/product_tag?post=704931"}],"curies":[{"name":"wp","href":"https:\/\/api.w.org\/{rel}","templated":true}]}}