{"id":704928,"date":"2025-08-27T15:40:40","date_gmt":"2025-08-27T12:40:40","guid":{"rendered":"https:\/\/roveyayinevi.com.tr\/index.php\/urun\/kurbani-beslemek\/"},"modified":"2026-04-16T02:13:54","modified_gmt":"2026-04-15T23:13:54","slug":"kurbani-beslemek","status":"publish","type":"product","link":"https:\/\/roveyayinevi.com.tr\/index.php\/urun\/kurbani-beslemek\/","title":{"rendered":"Kurban\u0131 Beslemek"},"content":{"rendered":"<p>Eeyore, g\u00f6rmek denilen \u015fey, hayal g\u00fcc\u00fcn\u00fc kullanarak objeleri alg\u0131lamaktan ba\u015fka bir \u015fey de\u011fildir ki.Eeyore, senin g\u00f6z sinirlerin d\u00fczg\u00fcn \u00e7al\u0131\u015fsayd\u0131 bile, hayvanlar\u0131 hayal etme iste\u011fin olmad\u0131ktan sonra onlar\u0131 yine g\u00f6remezdin.Burada kar\u015f\u0131m\u0131za \u00e7\u0131kan \u015feyler, g\u00fcnl\u00fck ya\u015fant\u0131m\u0131zda g\u00f6rmeye al\u0131\u015f\u0131k oldu\u011fumuz, onlar\u0131 alg\u0131lamak i\u00e7in hayal g\u00fcc\u00fcm\u00fcz\u00fc az\u0131c\u0131k bile \u00e7al\u0131\u015ft\u0131rmam\u0131za gerek olmayan \u015feyler de\u011fil Eeyore. <\/p>\n","protected":false},"excerpt":{"rendered":"<p>Eeyore, g\u00f6rmek denilen \u015fey, hayal g\u00fcc\u00fcn\u00fc kullanarak objeleri alg\u0131lamaktan ba\u015fka bir \u015fey de\u011fildir ki.Eeyore, senin g\u00f6z sinirlerin d\u00fczg\u00fcn \u00e7al\u0131\u015fsayd\u0131 bile, hayvanlar\u0131 hayal etme iste\u011fin olmad\u0131ktan sonra<span class=\"excerpt-hellip\"> [\u2026]<\/span><\/p>\n","protected":false},"featured_media":0,"template":"","meta":{"_monsterinsights_skip_tracking":false,"_monsterinsights_sitenote_active":false,"_monsterinsights_sitenote_note":"","_monsterinsights_sitenote_category":0},"product_brand":[],"product_cat":[12291,12711],"product_tag":[],"class_list":{"0":"post-704928","1":"product","2":"type-product","3":"status-publish","5":"product_cat-edebiyat","6":"product_cat-roman-oyku","7":"pa_cilt-ciltsiz","8":"pa_tur-kitap","9":"pa_yayinevi-can-yayinlari","10":"pa_yazar-kenzaburo-oe","12":"first","13":"instock","14":"sale","15":"shipping-taxable","16":"purchasable","17":"product-type-simple"},"_links":{"self":[{"href":"https:\/\/roveyayinevi.com.tr\/index.php\/wp-json\/wp\/v2\/product\/704928","targetHints":{"allow":["GET"]}}],"collection":[{"href":"https:\/\/roveyayinevi.com.tr\/index.php\/wp-json\/wp\/v2\/product"}],"about":[{"href":"https:\/\/roveyayinevi.com.tr\/index.php\/wp-json\/wp\/v2\/types\/product"}],"wp:attachment":[{"href":"https:\/\/roveyayinevi.com.tr\/index.php\/wp-json\/wp\/v2\/media?parent=704928"}],"wp:term":[{"taxonomy":"product_brand","embeddable":true,"href":"https:\/\/roveyayinevi.com.tr\/index.php\/wp-json\/wp\/v2\/product_brand?post=704928"},{"taxonomy":"product_cat","embeddable":true,"href":"https:\/\/roveyayinevi.com.tr\/index.php\/wp-json\/wp\/v2\/product_cat?post=704928"},{"taxonomy":"product_tag","embeddable":true,"href":"https:\/\/roveyayinevi.com.tr\/index.php\/wp-json\/wp\/v2\/product_tag?post=704928"}],"curies":[{"name":"wp","href":"https:\/\/api.w.org\/{rel}","templated":true}]}}