{"id":704922,"date":"2025-08-27T15:40:37","date_gmt":"2025-08-27T12:40:37","guid":{"rendered":"https:\/\/roveyayinevi.com.tr\/index.php\/urun\/peter-camenzind\/"},"modified":"2026-04-16T02:13:54","modified_gmt":"2026-04-15T23:13:54","slug":"peter-camenzind","status":"publish","type":"product","link":"https:\/\/roveyayinevi.com.tr\/index.php\/urun\/peter-camenzind\/","title":{"rendered":"Peter Camenzind"},"content":{"rendered":"<p>Ben birisiyle tan\u0131\u015ft\u0131\u011f\u0131m zaman kendi kendime onun eline b\u0131rak\u0131lmak isteyip istemedi\u011fimi sorar\u0131m. \u0130nan bana evet diyece\u011fim \u00e7ok az insan var yery\u00fcz\u00fcnde.   Kendi ya\u015fam\u0131ndan yola \u00e7\u0131karak kaleme ald\u0131\u011f\u0131 bu ilk romanda Hermann Hesse, maddi kayg\u0131lara sahip duyars\u0131z bir toplumda hassas ruhlu bir sanat\u00e7\u0131n\u0131n ideallerine ula\u015fmak i\u00e7in \u00e7\u0131kmas\u0131 gereken yolculu\u011fun hik\u00e2yesini anlat\u0131yor. \u00c7ift\u00e7i bir ailenin o\u011flu olan Peter, gen\u00e7li\u011fini \u0130svi\u00e7re da\u011flar\u0131nda \u00fccra bir kasabada ge\u00e7irdikten sonra kendisine \u00e7izilen hayat\u0131 reddederek yeni deneyimlerin pe\u015finden gitmeye karar verir. Ancak hayat\u0131n mutsuz s\u00fcrprizleri \u00e7\u0131kt\u0131\u011f\u0131 yolda onu beklemektedir.   Peter Camenzind, g\u00fczellikten yoksun bir d\u00fcnyada hayallerini kanatland\u0131rmaya \u00e7al\u0131\u015fan bir idealistin \u00f6yk\u00fcs\u00fc. Siddhartha\u2019ya y\u0131llar \u00f6tesinden selam g\u00f6nderen bir ruhsal yolculuk hik\u00e2yesi.   \u201cZamana ve taklitlere meydan okuyan \u00f6zg\u00fcrle\u015ftirici bir anlat\u0131.\u201d The Guardian <\/p>\n","protected":false},"excerpt":{"rendered":"<p>Ben birisiyle tan\u0131\u015ft\u0131\u011f\u0131m zaman kendi kendime onun eline b\u0131rak\u0131lmak isteyip istemedi\u011fimi sorar\u0131m. \u0130nan bana evet diyece\u011fim \u00e7ok az insan var yery\u00fcz\u00fcnde. Kendi ya\u015fam\u0131ndan yola \u00e7\u0131karak kaleme<span class=\"excerpt-hellip\"> [\u2026]<\/span><\/p>\n","protected":false},"featured_media":0,"template":"","meta":{"_monsterinsights_skip_tracking":false,"_monsterinsights_sitenote_active":false,"_monsterinsights_sitenote_note":"","_monsterinsights_sitenote_category":0},"product_brand":[],"product_cat":[12782,12291],"product_tag":[],"class_list":{"0":"post-704922","1":"product","2":"type-product","3":"status-publish","5":"product_cat-alman-edebiyati","6":"product_cat-edebiyat","7":"pa_cilt-ciltsiz","8":"pa_tur-kitap","9":"pa_yayinevi-can-yayinlari","10":"pa_yazar-hermann-hesse","12":"first","13":"instock","14":"sale","15":"shipping-taxable","16":"purchasable","17":"product-type-simple"},"_links":{"self":[{"href":"https:\/\/roveyayinevi.com.tr\/index.php\/wp-json\/wp\/v2\/product\/704922","targetHints":{"allow":["GET"]}}],"collection":[{"href":"https:\/\/roveyayinevi.com.tr\/index.php\/wp-json\/wp\/v2\/product"}],"about":[{"href":"https:\/\/roveyayinevi.com.tr\/index.php\/wp-json\/wp\/v2\/types\/product"}],"wp:attachment":[{"href":"https:\/\/roveyayinevi.com.tr\/index.php\/wp-json\/wp\/v2\/media?parent=704922"}],"wp:term":[{"taxonomy":"product_brand","embeddable":true,"href":"https:\/\/roveyayinevi.com.tr\/index.php\/wp-json\/wp\/v2\/product_brand?post=704922"},{"taxonomy":"product_cat","embeddable":true,"href":"https:\/\/roveyayinevi.com.tr\/index.php\/wp-json\/wp\/v2\/product_cat?post=704922"},{"taxonomy":"product_tag","embeddable":true,"href":"https:\/\/roveyayinevi.com.tr\/index.php\/wp-json\/wp\/v2\/product_tag?post=704922"}],"curies":[{"name":"wp","href":"https:\/\/api.w.org\/{rel}","templated":true}]}}