{"id":704921,"date":"2025-08-27T15:40:36","date_gmt":"2025-08-27T12:40:36","guid":{"rendered":"https:\/\/roveyayinevi.com.tr\/index.php\/urun\/demian-emil-sinclairin-gencliginin-oykusu\/"},"modified":"2026-04-08T02:18:30","modified_gmt":"2026-04-07T23:18:30","slug":"demian-emil-sinclairin-gencliginin-oykusu","status":"publish","type":"product","link":"https:\/\/roveyayinevi.com.tr\/index.php\/urun\/demian-emil-sinclairin-gencliginin-oykusu\/","title":{"rendered":"Demian &#8211; Emil Sinclair&#8217;in Gen\u00e7li\u011finin \u00d6yk\u00fcs\u00fc"},"content":{"rendered":"<p>On ya\u015f\u0131ndaki Latince \u00f6\u011frencisi Emil Sinclair, g\u00fcvenceli aile ortam\u0131n\u0131n d\u0131\u015f\u0131nda sert ve ac\u0131mas\u0131z bir d\u00fcnya oldu\u011funu erken fark eder. Kendini bulma yolundaki delikanl\u0131, din ve ahlak gibi art\u0131k inanamad\u0131\u011f\u0131 kal\u0131parla birlikte baba evinden de kopar. K\u00fc\u00e7\u00fck yalanlar ve h\u0131rs\u0131zl\u0131klarla beslenen ya\u015fam\u0131nda, sa\u011flam \u00e7ocuk d\u00fcnyas\u0131n\u0131n \u00e7\u00f6kt\u00fc\u011f\u00fcn\u00fc g\u00f6r\u00fcr. Onu bu ac\u0131lardan kurtaracak olan ki\u015fi, okula yeni gelen bir ba\u015fka \u00f6\u011frenci: Max Demian&#8217;d\u0131r. Demian, Sinclair&#8217;in ya\u015fam\u0131n\u0131 y\u00f6nlendiren, etkileyen ba\u015fkisi olur. Tan\u0131\u015ft\u0131\u011f\u0131 ve tan\u0131d\u0131\u011f\u0131 insanlar, Sinclair&#8217;in kendini ve benli\u011fini bulma yolunda birer kilometre ta\u015f\u0131d\u0131r. Hermann Hesse&#8217;nin \u00f6teki romanlar\u0131ndan ayr\u0131lan bir yan\u0131 var Demian&#8217;\u0131n: Bir gen\u00e7lik ve \u00f6\u011frencilik roman\u0131 olan Demian, yazar\u0131n o d\u00f6nemdeki korkular\u0131n\u0131 ve sorunlar\u0131n\u0131 t\u00fcm\u00fcyle yans\u0131t\u0131yor. Hesse&#8217;nin meslek sorunlar\u0131n\u0131n yan\u0131na ki\u015fisel sorunlar\u0131 da kat\u0131l\u0131yor: Babas\u0131n\u0131n \u00f6l\u00fcm\u00fc, en k\u00fc\u00e7\u00fck o\u011flu Martin&#8217;in tehlikeli bir hastal\u0131\u011fa yakalanmas\u0131 ve kar\u0131s\u0131n\u0131n, onu hastanelerde tedavi g\u00f6rmeye zorlayan ve gitgide ciddile\u015fen ruhsal bozuklu\u011fu. Hesse&#8217;nin ac\u0131larla yo\u011frulan bu d\u00f6nemi hayat\u0131nda b\u00fcy\u00fck de\u011fi\u015fimlere yol a\u00e7t\u0131. Ruhsal \u00e7\u00f6k\u00fcnt\u00fcs\u00fcyle, ancak doktor yard\u0131m\u0131yla ba\u015f edebildi. Bu sorunlu d\u00f6nemin meyvesi ise Demian oldu. Birka\u00e7 ay i\u00e7inde bitirdi\u011fi roman\u0131n\u0131 Emil Sinclair ad\u0131 alt\u0131nda yay\u0131nevine yollad\u0131, ancak \u0130svi\u00e7reli bu gen\u00e7, ama hasta yazar\u0131 destekledi\u011fini s\u00f6yledi. Ger\u00e7ek kimli\u011fini kitab\u0131n daha sonraki bask\u0131lar\u0131nda a\u00e7\u0131klad\u0131. <\/p>\n","protected":false},"excerpt":{"rendered":"<p>On ya\u015f\u0131ndaki Latince \u00f6\u011frencisi Emil Sinclair, g\u00fcvenceli aile ortam\u0131n\u0131n d\u0131\u015f\u0131nda sert ve ac\u0131mas\u0131z bir d\u00fcnya oldu\u011funu erken fark eder. Kendini bulma yolundaki delikanl\u0131, din ve ahlak<span class=\"excerpt-hellip\"> [\u2026]<\/span><\/p>\n","protected":false},"featured_media":0,"template":"","meta":{"_monsterinsights_skip_tracking":false,"_monsterinsights_sitenote_active":false,"_monsterinsights_sitenote_note":"","_monsterinsights_sitenote_category":0},"product_brand":[],"product_cat":[12291,12711],"product_tag":[],"class_list":{"0":"post-704921","1":"product","2":"type-product","3":"status-publish","5":"product_cat-edebiyat","6":"product_cat-roman-oyku","7":"pa_cilt-ciltsiz","8":"pa_tur-kitap","9":"pa_yayinevi-can-yayinlari","10":"pa_yazar-hermann-hesse","12":"first","13":"instock","14":"sale","15":"shipping-taxable","16":"purchasable","17":"product-type-simple"},"_links":{"self":[{"href":"https:\/\/roveyayinevi.com.tr\/index.php\/wp-json\/wp\/v2\/product\/704921","targetHints":{"allow":["GET"]}}],"collection":[{"href":"https:\/\/roveyayinevi.com.tr\/index.php\/wp-json\/wp\/v2\/product"}],"about":[{"href":"https:\/\/roveyayinevi.com.tr\/index.php\/wp-json\/wp\/v2\/types\/product"}],"wp:attachment":[{"href":"https:\/\/roveyayinevi.com.tr\/index.php\/wp-json\/wp\/v2\/media?parent=704921"}],"wp:term":[{"taxonomy":"product_brand","embeddable":true,"href":"https:\/\/roveyayinevi.com.tr\/index.php\/wp-json\/wp\/v2\/product_brand?post=704921"},{"taxonomy":"product_cat","embeddable":true,"href":"https:\/\/roveyayinevi.com.tr\/index.php\/wp-json\/wp\/v2\/product_cat?post=704921"},{"taxonomy":"product_tag","embeddable":true,"href":"https:\/\/roveyayinevi.com.tr\/index.php\/wp-json\/wp\/v2\/product_tag?post=704921"}],"curies":[{"name":"wp","href":"https:\/\/api.w.org\/{rel}","templated":true}]}}