{"id":704919,"date":"2025-08-27T15:40:36","date_gmt":"2025-08-27T12:40:36","guid":{"rendered":"https:\/\/roveyayinevi.com.tr\/index.php\/urun\/mutluluk-terapileri\/"},"modified":"2026-04-13T02:17:30","modified_gmt":"2026-04-12T23:17:30","slug":"mutluluk-terapileri","status":"publish","type":"product","link":"https:\/\/roveyayinevi.com.tr\/index.php\/urun\/mutluluk-terapileri\/","title":{"rendered":"Mutluluk Terapileri"},"content":{"rendered":"<p>Hepimiz do\u011fu\u015ftan bir \u00f6zle geliriz d\u00fcnyaya. Temiz ve saf bir \u00f6z. Buna \u2018ger\u00e7ek benlik\u2019 de diyebiliriz. Biz \u00e7ocukken ortada sadece ger\u00e7ek benli\u011fimiz vard\u0131r. Benli\u011fimizin ve \u00f6z\u00fcm\u00fcz\u00fcn etkisi ile bir ba\u015fka \u00e7ocukla hemen arkada\u015f olabiliriz. Arkada\u015flar\u0131m\u0131za k\u00fcssek de onlarla hemen geri bar\u0131\u015fabiliriz. \u0130\u00e7imizde kin biriktirmeyiz. K\u00fc\u00e7\u00fck \u015feylerle mutlu olabiliriz&#8230;\u0130\u015fte \u00e7ocuklu\u011fumuzdaki bu benli\u011fimizi zaman i\u00e7inde ba\u015fka bir benlik yani \u2018ki\u015filik\u2019 sarmaya ba\u015flar. Ki\u015fili\u011fin ortaya \u00e7\u0131kma nedeni ise \u00f6z\u00fc korumakt\u0131r asl\u0131nda. \u00c7\u00fcnk\u00fc herkese kar\u015f\u0131 g\u00fcven i\u00e7inde ve saf olan \u00f6z, fiziki d\u00fcnyada ayakta kalmak zorundad\u0131r. Her zaman i\u00e7inden geldi\u011fi gibi davranamaz. Herkese g\u00fcvenemez. \u00d6z\u00fc fiziksel d\u00fcnyadan gelecek zararlara kar\u015f\u0131 korumak amac\u0131yla ger\u00e7ek benli\u011fimizin \u00fczerine bir benlik daha in\u015fa ederiz. Bu benli\u011fe maske de diyebiliriz. Yani ki\u015filik bir nevi \u00f6z\u00fcm\u00fcz\u00fc kapatan bir maskedir. \u0130deal olan nedir biliyor musunuz? Ki\u015filik ve \u00f6z\u00fcn paralel geli\u015fmesidir! Ne var ki, bu ikinci benlik o kadar \u00e7ok \u00f6ne \u00e7\u0131kar ki, insan zaman i\u00e7inde \u00f6z\u00fcn\u00fc unutur ve ondan uzakla\u015f\u0131r. Toplumun bekledi\u011fi tarzda hareket ederken kendisi olamaz. G\u00fcndelik olaylar\u0131n ak\u0131\u015f\u0131na kendini kapt\u0131r\u0131rken ve g\u00fcndemi takip ederken derine inemez!Sonu\u00e7ta bug\u00fcn hepimizin ortak \u015fik\u00e2yeti olan \u2018mutsuzluk\u2019 bo\u015flu\u011fu kaplar i\u00e7imizi! Ya y\u0131llarca arzulay\u0131p bizi mutlu edece\u011fine inand\u0131\u011f\u0131m\u0131z \u015feyleri elde ettikten sonra mutlu de\u011filizdir ya da elimizde olmayan ve bizi mutlu edece\u011fine inand\u0131\u011f\u0131m\u0131z \u015feylere ula\u015fmak i\u00e7in bug\u00fcn\u00fc ya\u015famaktan vazge\u00e7erek canla ba\u015fla \u2018nefes\u2019 almadan \u2018daha fazlas\u0131\u2019 i\u00e7in \u00e7al\u0131\u015ft\u0131\u011f\u0131m\u0131z i\u00e7in&#8230;Bu kitab\u0131 okuyunca, insan olarak bunca zaman kendinize yapt\u0131\u011f\u0131n\u0131z haks\u0131zl\u0131\u011f\u0131 anlayacaks\u0131n\u0131z ve \u015f\u00fckrederek derin bir nefes alacaks\u0131n\u0131z. G\u00f6zlerinizdeki \u0131\u015f\u0131k tekrar parlayacak, hayata bak\u0131\u015f a\u00e7\u0131n\u0131z olumlu y\u00f6nde de\u011fi\u015fecek, kalbiniz \u0131s\u0131nacak, ruhunuz rahatlayacak. Evet, \u2018mutlu\u2019 olacaks\u0131n\u0131z!Pedagoji Derne\u011fi Ba\u015fkan\u0131 olan Uzman Pedagog Mehmet Teber, kadim k\u00fclt\u00fcr\u00fcm\u00fcz\u00fcn kaynaklar\u0131 ile modern psikolojinin verilerini harmanlayarak mutlulu\u011fa dair farkl\u0131 bir bak\u0131\u015f a\u00e7\u0131s\u0131 yakalam\u0131\u015f. Didaktik bir dille de\u011fil, \u00f6yk\u00fclerle mutlulu\u011fa g\u00f6t\u00fcr\u00fcyor bizleri. <\/p>\n","protected":false},"excerpt":{"rendered":"<p>Hepimiz do\u011fu\u015ftan bir \u00f6zle geliriz d\u00fcnyaya. Temiz ve saf bir \u00f6z. Buna \u2018ger\u00e7ek benlik\u2019 de diyebiliriz. Biz \u00e7ocukken ortada sadece ger\u00e7ek benli\u011fimiz vard\u0131r. Benli\u011fimizin ve \u00f6z\u00fcm\u00fcz\u00fcn<span class=\"excerpt-hellip\"> [\u2026]<\/span><\/p>\n","protected":false},"featured_media":0,"template":"","meta":{"_monsterinsights_skip_tracking":false,"_monsterinsights_sitenote_active":false,"_monsterinsights_sitenote_note":"","_monsterinsights_sitenote_category":0},"product_brand":[],"product_cat":[12364,12376],"product_tag":[],"class_list":{"0":"post-704919","1":"product","2":"type-product","3":"status-publish","5":"product_cat-genel-konular","6":"product_cat-kisisel-gelisim","7":"pa_cilt-ciltsiz","8":"pa_tur-kitap","9":"pa_yayinevi-hayykitap","10":"pa_yazar-mehmet-teber","12":"first","13":"instock","14":"sale","15":"shipping-taxable","16":"purchasable","17":"product-type-simple"},"_links":{"self":[{"href":"https:\/\/roveyayinevi.com.tr\/index.php\/wp-json\/wp\/v2\/product\/704919","targetHints":{"allow":["GET"]}}],"collection":[{"href":"https:\/\/roveyayinevi.com.tr\/index.php\/wp-json\/wp\/v2\/product"}],"about":[{"href":"https:\/\/roveyayinevi.com.tr\/index.php\/wp-json\/wp\/v2\/types\/product"}],"wp:attachment":[{"href":"https:\/\/roveyayinevi.com.tr\/index.php\/wp-json\/wp\/v2\/media?parent=704919"}],"wp:term":[{"taxonomy":"product_brand","embeddable":true,"href":"https:\/\/roveyayinevi.com.tr\/index.php\/wp-json\/wp\/v2\/product_brand?post=704919"},{"taxonomy":"product_cat","embeddable":true,"href":"https:\/\/roveyayinevi.com.tr\/index.php\/wp-json\/wp\/v2\/product_cat?post=704919"},{"taxonomy":"product_tag","embeddable":true,"href":"https:\/\/roveyayinevi.com.tr\/index.php\/wp-json\/wp\/v2\/product_tag?post=704919"}],"curies":[{"name":"wp","href":"https:\/\/api.w.org\/{rel}","templated":true}]}}