{"id":704918,"date":"2025-08-27T15:40:35","date_gmt":"2025-08-27T12:40:35","guid":{"rendered":"https:\/\/roveyayinevi.com.tr\/index.php\/urun\/elde-var-hikaye\/"},"modified":"2026-04-15T02:18:45","modified_gmt":"2026-04-14T23:18:45","slug":"elde-var-hikaye","status":"publish","type":"product","link":"https:\/\/roveyayinevi.com.tr\/index.php\/urun\/elde-var-hikaye\/","title":{"rendered":"Elde Var Hikaye"},"content":{"rendered":"<p>2010 Memet Fuat Yay\u0131nc\u0131l\u0131k \u00d6d\u00fcl\u00fc\u2019yle ta\u00e7lanan \u201cK\u00f6pr\u00fc Kitaplar\u201d koleksiyonunun 19. kitab\u0131, Tar\u0131k Dursun K.\u2019n\u0131n \u00f6zenle se\u00e7ilen \u00f6yk\u00fclerinden derlendi. Heyecanla bekledi\u011fi kitab\u0131n\u0131n haz\u0131rl\u0131klar\u0131 s\u00fcrerken aram\u0131zdan ayr\u0131lan usta yazar, hik\u00e2yelerini gen\u00e7lere miras b\u0131rakt\u0131. 1950\u2019lilerin en verimli yazarlar\u0131ndan say\u0131lan Tar\u0131k Dursun K.\u2019n\u0131n kitapta yer alan 13 \u00f6yk\u00fcs\u00fc soka\u011f\u0131, gen\u00e7leri, i\u015f\u00e7iyi ve hayat\u0131 naif ayr\u0131nt\u0131lar\u0131yla anlat\u0131yor. \u201cK\u00f6pr\u00fc Kitaplar\u201d\u0131n edit\u00f6r\u00fc Semih G\u00fcm\u00fc\u015f, ger\u00e7ek\u00e7i diyaloglar\u0131 ve yal\u0131n \u00fcslubuyla bir d\u00f6nemi kayda ge\u00e7en \u00f6d\u00fcll\u00fc yazar\u0131n edebiyat\u0131m\u0131zdaki yerini, \u201cSait Faik\u2019e yak\u0131n, Orhan Kemal ve Sabahattin Ali\u2019nin yan\u0131 ba\u015f\u0131nda,\u201d diye tan\u0131ml\u0131yor. M\u00fcren Beykan\u2019\u0131n yay\u0131na haz\u0131rlad\u011f\u0131 kitap, Tar\u0131k Dursun K.\u2019y\u0131 hat\u0131rlamak ya da tan\u0131mak isteyenler i\u00e7in benzersiz bir edebi yolculuk \u015fans\u0131.<\/p>\n","protected":false},"excerpt":{"rendered":"<p>2010 Memet Fuat Yay\u0131nc\u0131l\u0131k \u00d6d\u00fcl\u00fc\u2019yle ta\u00e7lanan \u201cK\u00f6pr\u00fc Kitaplar\u201d koleksiyonunun 19. kitab\u0131, Tar\u0131k Dursun K.\u2019n\u0131n \u00f6zenle se\u00e7ilen \u00f6yk\u00fclerinden derlendi. Heyecanla bekledi\u011fi kitab\u0131n\u0131n haz\u0131rl\u0131klar\u0131 s\u00fcrerken aram\u0131zdan ayr\u0131lan usta<span class=\"excerpt-hellip\"> [\u2026]<\/span><\/p>\n","protected":false},"featured_media":0,"template":"","meta":{"_monsterinsights_skip_tracking":false,"_monsterinsights_sitenote_active":false,"_monsterinsights_sitenote_note":"","_monsterinsights_sitenote_category":0},"product_brand":[],"product_cat":[12291,12711],"product_tag":[],"class_list":{"0":"post-704918","1":"product","2":"type-product","3":"status-publish","5":"product_cat-edebiyat","6":"product_cat-roman-oyku","7":"pa_cilt-ciltsiz","8":"pa_tur-kitap","9":"pa_yayinevi-gunisigi-kitapligi","10":"pa_yazar-tarik-dursun-k","12":"first","13":"instock","14":"sale","15":"shipping-taxable","16":"purchasable","17":"product-type-simple"},"_links":{"self":[{"href":"https:\/\/roveyayinevi.com.tr\/index.php\/wp-json\/wp\/v2\/product\/704918","targetHints":{"allow":["GET"]}}],"collection":[{"href":"https:\/\/roveyayinevi.com.tr\/index.php\/wp-json\/wp\/v2\/product"}],"about":[{"href":"https:\/\/roveyayinevi.com.tr\/index.php\/wp-json\/wp\/v2\/types\/product"}],"wp:attachment":[{"href":"https:\/\/roveyayinevi.com.tr\/index.php\/wp-json\/wp\/v2\/media?parent=704918"}],"wp:term":[{"taxonomy":"product_brand","embeddable":true,"href":"https:\/\/roveyayinevi.com.tr\/index.php\/wp-json\/wp\/v2\/product_brand?post=704918"},{"taxonomy":"product_cat","embeddable":true,"href":"https:\/\/roveyayinevi.com.tr\/index.php\/wp-json\/wp\/v2\/product_cat?post=704918"},{"taxonomy":"product_tag","embeddable":true,"href":"https:\/\/roveyayinevi.com.tr\/index.php\/wp-json\/wp\/v2\/product_tag?post=704918"}],"curies":[{"name":"wp","href":"https:\/\/api.w.org\/{rel}","templated":true}]}}