{"id":704915,"date":"2025-08-27T15:40:34","date_gmt":"2025-08-27T12:40:34","guid":{"rendered":"https:\/\/roveyayinevi.com.tr\/index.php\/urun\/buyuk-engizisyoncu\/"},"modified":"2026-04-16T02:13:54","modified_gmt":"2026-04-15T23:13:54","slug":"buyuk-engizisyoncu","status":"publish","type":"product","link":"https:\/\/roveyayinevi.com.tr\/index.php\/urun\/buyuk-engizisyoncu\/","title":{"rendered":"B\u00fcy\u00fck Engizisyoncu"},"content":{"rendered":"<p>Hz. \u0130sa\u2019n\u0131n \u0130spanyol Engizisyonu d\u00f6neminde d\u00fcnyaya geri d\u00f6n\u00fcp esir al\u0131n\u0131\u015f\u0131n\u0131 canl\u0131 bir imgelemle hayal eden ve Karamazov Karde\u015fler\u2019de hik\u00e2ye edilen bu mesel; inan\u00e7, ac\u0131, insan do\u011fas\u0131 ve \u00f6zg\u00fcr iradeye dair hem derinlikli hem de incelikli bir ke\u015fif yolculu\u011fu. Kitapta ayn\u0131 zamanda, Dostoyevski\u2019nin Sibirya\u2019daki bir esir kamp\u0131nda s\u00fcrg\u00fcn olarak ge\u00e7irdi\u011fi g\u00fcnlere dayanan g\u00fc\u00e7l\u00fc ve rahats\u0131z edici yaz\u0131lar\u0131 da yer al\u0131yor. <\/p>\n","protected":false},"excerpt":{"rendered":"<p>Hz. \u0130sa\u2019n\u0131n \u0130spanyol Engizisyonu d\u00f6neminde d\u00fcnyaya geri d\u00f6n\u00fcp esir al\u0131n\u0131\u015f\u0131n\u0131 canl\u0131 bir imgelemle hayal eden ve Karamazov Karde\u015fler\u2019de hik\u00e2ye edilen bu mesel; inan\u00e7, ac\u0131, insan do\u011fas\u0131<span class=\"excerpt-hellip\"> [\u2026]<\/span><\/p>\n","protected":false},"featured_media":0,"template":"","meta":{"_monsterinsights_skip_tracking":false,"_monsterinsights_sitenote_active":false,"_monsterinsights_sitenote_note":"","_monsterinsights_sitenote_category":0},"product_brand":[],"product_cat":[12777,12291],"product_tag":[],"class_list":{"0":"post-704915","1":"product","2":"type-product","3":"status-publish","5":"product_cat-deneme","6":"product_cat-edebiyat","7":"pa_cilt-ciltsiz","8":"pa_tur-kitap","9":"pa_yayinevi-kafka-yayinevi","10":"pa_yazar-fyodor-mihaylovic-dostoyevski","12":"first","13":"instock","14":"sale","15":"shipping-taxable","16":"purchasable","17":"product-type-simple"},"_links":{"self":[{"href":"https:\/\/roveyayinevi.com.tr\/index.php\/wp-json\/wp\/v2\/product\/704915","targetHints":{"allow":["GET"]}}],"collection":[{"href":"https:\/\/roveyayinevi.com.tr\/index.php\/wp-json\/wp\/v2\/product"}],"about":[{"href":"https:\/\/roveyayinevi.com.tr\/index.php\/wp-json\/wp\/v2\/types\/product"}],"wp:attachment":[{"href":"https:\/\/roveyayinevi.com.tr\/index.php\/wp-json\/wp\/v2\/media?parent=704915"}],"wp:term":[{"taxonomy":"product_brand","embeddable":true,"href":"https:\/\/roveyayinevi.com.tr\/index.php\/wp-json\/wp\/v2\/product_brand?post=704915"},{"taxonomy":"product_cat","embeddable":true,"href":"https:\/\/roveyayinevi.com.tr\/index.php\/wp-json\/wp\/v2\/product_cat?post=704915"},{"taxonomy":"product_tag","embeddable":true,"href":"https:\/\/roveyayinevi.com.tr\/index.php\/wp-json\/wp\/v2\/product_tag?post=704915"}],"curies":[{"name":"wp","href":"https:\/\/api.w.org\/{rel}","templated":true}]}}