{"id":704914,"date":"2025-08-27T15:40:33","date_gmt":"2025-08-27T12:40:33","guid":{"rendered":"https:\/\/roveyayinevi.com.tr\/index.php\/urun\/kanat-hareketleri-neyin-sesisin-sen\/"},"modified":"2026-04-16T02:13:54","modified_gmt":"2026-04-15T23:13:54","slug":"kanat-hareketleri-neyin-sesisin-sen","status":"publish","type":"product","link":"https:\/\/roveyayinevi.com.tr\/index.php\/urun\/kanat-hareketleri-neyin-sesisin-sen\/","title":{"rendered":"Kanat Hareketleri &#8211; Neyin Sesisin Sen"},"content":{"rendered":"<p>Sizin i\u00e7in tuttum be\u015f g\u00fcl getirdim Sevgili,durup dururken be\u015f k\u0131rm\u0131z\u0131 g\u00fcl getirdim, kan.Be\u015f beyaz g\u00fcl s\u00fct, be\u015f sar\u0131 g\u00fcl alt\u0131n yaprak,tuttum be\u015f pembe g\u00fcl getirdim Sevgili, tan. <\/p>\n","protected":false},"excerpt":{"rendered":"<p>Sizin i\u00e7in tuttum be\u015f g\u00fcl getirdim Sevgili,durup dururken be\u015f k\u0131rm\u0131z\u0131 g\u00fcl getirdim, kan.Be\u015f beyaz g\u00fcl s\u00fct, be\u015f sar\u0131 g\u00fcl alt\u0131n yaprak,tuttum be\u015f pembe g\u00fcl getirdim Sevgili,<span class=\"excerpt-hellip\"> [\u2026]<\/span><\/p>\n","protected":false},"featured_media":0,"template":"","meta":{"_monsterinsights_skip_tracking":false,"_monsterinsights_sitenote_active":false,"_monsterinsights_sitenote_note":"","_monsterinsights_sitenote_category":0},"product_brand":[],"product_cat":[12291,12509],"product_tag":[],"class_list":{"0":"post-704914","1":"product","2":"type-product","3":"status-publish","5":"product_cat-edebiyat","6":"product_cat-siir","7":"pa_tur-kitap","8":"pa_yayinevi-kirmizi-kedi-yayinevi","9":"pa_yazar-enis-batur","11":"first","12":"instock","13":"sale","14":"shipping-taxable","15":"purchasable","16":"product-type-simple"},"_links":{"self":[{"href":"https:\/\/roveyayinevi.com.tr\/index.php\/wp-json\/wp\/v2\/product\/704914","targetHints":{"allow":["GET"]}}],"collection":[{"href":"https:\/\/roveyayinevi.com.tr\/index.php\/wp-json\/wp\/v2\/product"}],"about":[{"href":"https:\/\/roveyayinevi.com.tr\/index.php\/wp-json\/wp\/v2\/types\/product"}],"wp:attachment":[{"href":"https:\/\/roveyayinevi.com.tr\/index.php\/wp-json\/wp\/v2\/media?parent=704914"}],"wp:term":[{"taxonomy":"product_brand","embeddable":true,"href":"https:\/\/roveyayinevi.com.tr\/index.php\/wp-json\/wp\/v2\/product_brand?post=704914"},{"taxonomy":"product_cat","embeddable":true,"href":"https:\/\/roveyayinevi.com.tr\/index.php\/wp-json\/wp\/v2\/product_cat?post=704914"},{"taxonomy":"product_tag","embeddable":true,"href":"https:\/\/roveyayinevi.com.tr\/index.php\/wp-json\/wp\/v2\/product_tag?post=704914"}],"curies":[{"name":"wp","href":"https:\/\/api.w.org\/{rel}","templated":true}]}}