{"id":704913,"date":"2025-08-27T15:40:33","date_gmt":"2025-08-27T12:40:33","guid":{"rendered":"https:\/\/roveyayinevi.com.tr\/index.php\/urun\/davut-ve-golyat\/"},"modified":"2026-04-16T02:13:54","modified_gmt":"2026-04-15T23:13:54","slug":"davut-ve-golyat","status":"publish","type":"product","link":"https:\/\/roveyayinevi.com.tr\/index.php\/urun\/davut-ve-golyat\/","title":{"rendered":"Davut ve Golyat"},"content":{"rendered":"<p>Devler g\u00f6r\u00fcnd\u00fckleri kadar g\u00fc\u00e7l\u00fc de\u011fildir.Ad\u0131n\u0131, kutsal metinlerde de s\u00f6z edilen me\u015fhur d\u00fcellodan alan Davut ve Golyat, s\u0131radan insanlarla devlerin kadim m\u00fccadelesine dair bir kitap. \u201cDev\u201d ile kastedilen ise her t\u00fcrden g\u00fc\u00e7l\u00fc rakip: Ordular, kudretli sava\u015f\u00e7\u0131lar, engellilik, talihsizlik ve bask\u0131&#8230;Yazara g\u00f6re devler, asl\u0131nda g\u00f6r\u00fcnd\u00fckleri kadar heybetli de\u011filler. Onlar\u0131 g\u00fc\u00e7l\u00fc g\u00f6steren t\u00fcm \u00f6zellikler, ayn\u0131 zamanda zay\u0131fl\u0131klar\u0131n\u0131n da kayna\u011f\u0131. \u00d6te yandan kaybetmesi beklenen tarafta olmak, devle kar\u015f\u0131la\u015fan ki\u015fiyi \u00f6ng\u00f6r\u00fclemeyen \u015fekillerde de\u011fi\u015ftirebilir: Yeni kap\u0131lar a\u00e7abilir, f\u0131rsatlar yaratabilir, e\u011fitebilir ve hatta ayd\u0131nlatabilir.Ba\u011flam kurma ustas\u0131 Malcolm Gladwell bu kez \u201cavantaj\u201d ve \u201cdezavantaj\u201d kavramlar\u0131n\u0131 sorguluyor ve bizi yine felsefeden bilime, psikolojiden sanata uzanan bir yolculu\u011fa davet ediyor. \u00dcstelik bu yolculu\u011fu ger\u00e7ek hayat hik\u00e2yeleriyle daha s\u00fcr\u00fckleyici k\u0131l\u0131yor ve devlerle kar\u015f\u0131la\u015fman\u0131n ka\u00e7\u0131n\u0131lmaz oldu\u011fu bir d\u00fcnyada bize \u0131\u015f\u0131k tutuyor.\u201cGladwell\u2019in anlat\u0131m\u0131 her zamanki gibi nefes kesici ve k\u0131\u015fk\u0131rt\u0131c\u0131&#8230; \u0130lk kitab\u0131ndan beri hayran\u0131y\u0131m.\u201d \u2013 Joe Nocera, New York Times<\/p>\n","protected":false},"excerpt":{"rendered":"<p>Devler g\u00f6r\u00fcnd\u00fckleri kadar g\u00fc\u00e7l\u00fc de\u011fildir.Ad\u0131n\u0131, kutsal metinlerde de s\u00f6z edilen me\u015fhur d\u00fcellodan alan Davut ve Golyat, s\u0131radan insanlarla devlerin kadim m\u00fccadelesine dair bir kitap. \u201cDev\u201d ile<span class=\"excerpt-hellip\"> [\u2026]<\/span><\/p>\n","protected":false},"featured_media":0,"template":"","meta":{"_monsterinsights_skip_tracking":false,"_monsterinsights_sitenote_active":false,"_monsterinsights_sitenote_note":"","_monsterinsights_sitenote_category":0},"product_brand":[],"product_cat":[13043,17647],"product_tag":[],"class_list":{"0":"post-704913","1":"product","2":"type-product","3":"status-publish","5":"product_cat-ekonomi","6":"product_cat-is-dunyasi","7":"pa_cilt-ciltsiz","8":"pa_tur-kitap","9":"pa_yayinevi-mediacat-kitaplari","10":"pa_yazar-malcolm-gladwell","12":"first","13":"instock","14":"sale","15":"shipping-taxable","16":"purchasable","17":"product-type-simple"},"_links":{"self":[{"href":"https:\/\/roveyayinevi.com.tr\/index.php\/wp-json\/wp\/v2\/product\/704913","targetHints":{"allow":["GET"]}}],"collection":[{"href":"https:\/\/roveyayinevi.com.tr\/index.php\/wp-json\/wp\/v2\/product"}],"about":[{"href":"https:\/\/roveyayinevi.com.tr\/index.php\/wp-json\/wp\/v2\/types\/product"}],"wp:attachment":[{"href":"https:\/\/roveyayinevi.com.tr\/index.php\/wp-json\/wp\/v2\/media?parent=704913"}],"wp:term":[{"taxonomy":"product_brand","embeddable":true,"href":"https:\/\/roveyayinevi.com.tr\/index.php\/wp-json\/wp\/v2\/product_brand?post=704913"},{"taxonomy":"product_cat","embeddable":true,"href":"https:\/\/roveyayinevi.com.tr\/index.php\/wp-json\/wp\/v2\/product_cat?post=704913"},{"taxonomy":"product_tag","embeddable":true,"href":"https:\/\/roveyayinevi.com.tr\/index.php\/wp-json\/wp\/v2\/product_tag?post=704913"}],"curies":[{"name":"wp","href":"https:\/\/api.w.org\/{rel}","templated":true}]}}