{"id":704912,"date":"2025-08-27T15:40:33","date_gmt":"2025-08-27T12:40:33","guid":{"rendered":"https:\/\/roveyayinevi.com.tr\/index.php\/urun\/devrimin-kizi\/"},"modified":"2026-04-08T02:18:30","modified_gmt":"2026-04-07T23:18:30","slug":"devrimin-kizi","status":"publish","type":"product","link":"https:\/\/roveyayinevi.com.tr\/index.php\/urun\/devrimin-kizi\/","title":{"rendered":"Devrimin K\u0131z\u0131"},"content":{"rendered":"<p>Ben \u0131vy westfall. Kurucunun k\u0131z\u0131.N\u00fckleer bir sava\u015f sonras\u0131 hayatta kalan az say\u0131daki insandan biriydim. 16 ya\u015f\u0131nda kendimi bir g\u00fc\u00e7 sava\u015f\u0131n\u0131n ortas\u0131nda buldum. Annemin katilinin o\u011fluyla evlenmeye zorland\u0131m. G\u00f6revim o kadar da zor de\u011fildi. Devrime \u00f6nc\u00fcl\u00fck edebilmem i\u00e7in kocam\u0131 \u00f6ld\u00fcr\u00fcp ailemin y\u00f6netimi ele ge\u00e7irmesini sa\u011flamal\u0131yd\u0131m, o kadar\u2026Ben Ivy Westfall. Art\u0131k sistemin kurban\u0131 de\u011filim. G\u00f6revim art\u0131k eskisinden daha zor. \u0130nand\u0131\u011f\u0131m \u015feyler u\u011fruna, her \u015feyimi kaybetme pahas\u0131na sava\u015faca\u011f\u0131m\u2026\u0130smim Ivy Westfall. Ben Devrimin K\u0131z\u0131&#8217;y\u0131m.&#8221;Okurlar\u0131 kesinlikle tatmin edici bir son bekliyor. Engel harika bir i\u015f \u00e7\u0131karm\u0131\u015f!&#8221;Outlawpoet (Amazon top100 reviewer)&#8221;\u0130lk kitaba yara\u015f\u0131r bir devam kitab\u0131. Aksiyonu y\u00fcksek bir macera. Bast\u0131r Ivy!&#8221;Mary Brebner (Amazon Vine Reviewer)&#8221;Harika bir devam kitab\u0131 ve yazar\u0131n bir sonraki kitab\u0131n\u0131n ne olaca\u011f\u0131n\u0131 heyecanl\u0131 bekliyorum, \u00e7\u00fcnk\u00fc kesinlikle okuyaca\u011f\u0131m!&#8221;Bookworm (Amazon Vine Reviewer)&#8221;Kald\u0131\u011f\u0131 yerden devam eden hikayede tempo bir an bile d\u00fc\u015fm\u00fcyor. Bu seriyi gen\u00e7 ve yeti\u015fkin, herkese kesinlikle \u00f6neriyorum.&#8221;Melissa A. Palmer (Amazon Vine Reviewer)&#8221;Ger\u00e7ek\u00e7ilik ve dikkatle yarat\u0131lan detaylar bu roman\u0131 bir kitab\u0131n \u00f6tesine ta\u015f\u0131yarak okuyanlar\u0131n keyif alaca\u011f\u0131 bir maceraya \u00e7eviriyor. Amy Engel sizi karma\u015f\u0131k bir d\u00fcnyaya do\u011fru bir yolculu\u011fa \u00e7\u0131karan ve k\u00fc\u00e7\u00fcc\u00fck detaylar\u0131 dahi d\u00fc\u015f\u00fcnerek sizi bu d\u00fcnyan\u0131n i\u00e7ine, adeta i\u00e7inde ya\u015f\u0131yormu\u015fsunuz gibi \u00e7ekmeyi ba\u015farabilen nadir yazarlardan birisi.&#8221;BookWhisperer&#8217;dan Jax.<\/p>\n","protected":false},"excerpt":{"rendered":"<p>Ben \u0131vy westfall. Kurucunun k\u0131z\u0131.N\u00fckleer bir sava\u015f sonras\u0131 hayatta kalan az say\u0131daki insandan biriydim. 16 ya\u015f\u0131nda kendimi bir g\u00fc\u00e7 sava\u015f\u0131n\u0131n ortas\u0131nda buldum. Annemin katilinin o\u011fluyla evlenmeye<span class=\"excerpt-hellip\"> [\u2026]<\/span><\/p>\n","protected":false},"featured_media":0,"template":"","meta":{"_monsterinsights_skip_tracking":false,"_monsterinsights_sitenote_active":false,"_monsterinsights_sitenote_note":"","_monsterinsights_sitenote_category":0},"product_brand":[],"product_cat":[12291,12711],"product_tag":[],"class_list":{"0":"post-704912","1":"product","2":"type-product","3":"status-publish","5":"product_cat-edebiyat","6":"product_cat-roman-oyku","7":"pa_cilt-ciltli","8":"pa_tur-kitap","9":"pa_yayinevi-yabanci-yayinevi","10":"pa_yazar-amy-engel","12":"first","13":"instock","14":"sale","15":"shipping-taxable","16":"purchasable","17":"product-type-simple"},"_links":{"self":[{"href":"https:\/\/roveyayinevi.com.tr\/index.php\/wp-json\/wp\/v2\/product\/704912","targetHints":{"allow":["GET"]}}],"collection":[{"href":"https:\/\/roveyayinevi.com.tr\/index.php\/wp-json\/wp\/v2\/product"}],"about":[{"href":"https:\/\/roveyayinevi.com.tr\/index.php\/wp-json\/wp\/v2\/types\/product"}],"wp:attachment":[{"href":"https:\/\/roveyayinevi.com.tr\/index.php\/wp-json\/wp\/v2\/media?parent=704912"}],"wp:term":[{"taxonomy":"product_brand","embeddable":true,"href":"https:\/\/roveyayinevi.com.tr\/index.php\/wp-json\/wp\/v2\/product_brand?post=704912"},{"taxonomy":"product_cat","embeddable":true,"href":"https:\/\/roveyayinevi.com.tr\/index.php\/wp-json\/wp\/v2\/product_cat?post=704912"},{"taxonomy":"product_tag","embeddable":true,"href":"https:\/\/roveyayinevi.com.tr\/index.php\/wp-json\/wp\/v2\/product_tag?post=704912"}],"curies":[{"name":"wp","href":"https:\/\/api.w.org\/{rel}","templated":true}]}}