{"id":704910,"date":"2025-08-27T15:40:32","date_gmt":"2025-08-27T12:40:32","guid":{"rendered":"https:\/\/roveyayinevi.com.tr\/index.php\/urun\/hayvan-ciftligi\/"},"modified":"2026-04-16T02:13:54","modified_gmt":"2026-04-15T23:13:54","slug":"hayvan-ciftligi","status":"publish","type":"product","link":"https:\/\/roveyayinevi.com.tr\/index.php\/urun\/hayvan-ciftligi\/","title":{"rendered":"Hayvan \u00c7iftli\u011fi"},"content":{"rendered":"<p>\u0130ngiliz yazar George Orwell, \u00fclkemizde daha \u00e7ok Bin Dokuz Y\u00fcz Seksen D\u00f6rt adl\u0131 kitab\u0131yla tan\u0131n\u0131r. Hayvan  \u00c7iftli\u011fi, onun \u00e7a\u011fda\u015f klasikler aras\u0131na girmi\u015f bir di\u011fer \u00e7ok \u00fcnl\u00fc eseridir. 1940&#8217;lardaki &#8220;reel sosyalizm&#8221;in ele\u015ftirisi olan bu roman, d\u00fcnya edebiyat\u0131nda yergi t\u00fcr\u00fcn\u00fcn ba\u015fyap\u0131tlar\u0131ndan biri olarak kabul edilir.Hayvan \u00c7iftli\u011fi&#8217;nin ba\u015fki\u015fileri hayvanlard\u0131r. Bir \u00e7iftlikte ya\u015fayan hayvanlar, kendilerini s\u00f6m\u00fcren insanlara ba\u015fkald\u0131r\u0131p \u00e7iftli\u011fin y\u00f6netimini ele ge\u00e7irir. Ama\u00e7lar\u0131 daha e\u015fitlik\u00e7i bir topluluk olu\u015fturmakt\u0131r. Aralar\u0131nda en ak\u0131ll\u0131 olan domuzlar, k\u0131sa s\u00fcrede \u00f6nder bir tak\u0131m olu\u015fturur; ama devrimi de yine onlar yolundan sapt\u0131r\u0131r. Ne yaz\u0131k ki insanlardan daha bask\u0131c\u0131, daha ac\u0131mas\u0131z bir diktat\u00f6rl\u00fck kurulmu\u015ftur art\u0131k. George Orwell, bu roman\u0131nda tarihsel bir ger\u00e7e\u011fi ele\u015ftirmektedir. Romandaki \u00f6nder domuzun, d\u00fcped\u00fcz Stalin&#8217;i simgeledi\u011fi a\u00e7\u0131kt\u0131r. Di\u011fer kahramanlar ger\u00e7ek ki\u015fileri \u00e7a\u011fr\u0131\u015ft\u0131rmasalar da, bir diktat\u00f6rl\u00fck ortam\u0131nda olabilecek ki\u015filerdir.Altba\u015fl\u0131\u011f\u0131 bir peri masal\u0131 olan Hayvan \u00c7iftli\u011fi, bir masal anlat\u0131m\u0131yla yaz\u0131lm\u0131\u015ft\u0131r; ama k\u00fc\u00e7\u00fckleri e\u011flendirecek bir peri masal\u0131 de\u011fil, \u00e7arp\u0131c\u0131 bir politik ta\u015flamad\u0131r.<\/p>\n","protected":false},"excerpt":{"rendered":"<p>\u0130ngiliz yazar George Orwell, \u00fclkemizde daha \u00e7ok Bin Dokuz Y\u00fcz Seksen D\u00f6rt adl\u0131 kitab\u0131yla tan\u0131n\u0131r. Hayvan \u00c7iftli\u011fi, onun \u00e7a\u011fda\u015f klasikler aras\u0131na girmi\u015f bir di\u011fer \u00e7ok \u00fcnl\u00fc<span class=\"excerpt-hellip\"> [\u2026]<\/span><\/p>\n","protected":false},"featured_media":0,"template":"","meta":{"_monsterinsights_skip_tracking":false,"_monsterinsights_sitenote_active":false,"_monsterinsights_sitenote_note":"","_monsterinsights_sitenote_category":0},"product_brand":[],"product_cat":[12291,12711],"product_tag":[],"class_list":{"0":"post-704910","1":"product","2":"type-product","3":"status-publish","5":"product_cat-edebiyat","6":"product_cat-roman-oyku","7":"pa_cilt-ciltsiz","8":"pa_tur-kitap","9":"pa_yayinevi-can-yayinlari","10":"pa_yazar-george-orwell","12":"first","13":"instock","14":"sale","15":"shipping-taxable","16":"purchasable","17":"product-type-simple"},"_links":{"self":[{"href":"https:\/\/roveyayinevi.com.tr\/index.php\/wp-json\/wp\/v2\/product\/704910","targetHints":{"allow":["GET"]}}],"collection":[{"href":"https:\/\/roveyayinevi.com.tr\/index.php\/wp-json\/wp\/v2\/product"}],"about":[{"href":"https:\/\/roveyayinevi.com.tr\/index.php\/wp-json\/wp\/v2\/types\/product"}],"wp:attachment":[{"href":"https:\/\/roveyayinevi.com.tr\/index.php\/wp-json\/wp\/v2\/media?parent=704910"}],"wp:term":[{"taxonomy":"product_brand","embeddable":true,"href":"https:\/\/roveyayinevi.com.tr\/index.php\/wp-json\/wp\/v2\/product_brand?post=704910"},{"taxonomy":"product_cat","embeddable":true,"href":"https:\/\/roveyayinevi.com.tr\/index.php\/wp-json\/wp\/v2\/product_cat?post=704910"},{"taxonomy":"product_tag","embeddable":true,"href":"https:\/\/roveyayinevi.com.tr\/index.php\/wp-json\/wp\/v2\/product_tag?post=704910"}],"curies":[{"name":"wp","href":"https:\/\/api.w.org\/{rel}","templated":true}]}}