{"id":704908,"date":"2025-08-27T15:40:31","date_gmt":"2025-08-27T12:40:31","guid":{"rendered":"https:\/\/roveyayinevi.com.tr\/index.php\/urun\/kelime-bilgisi-el-kitabi\/"},"modified":"2026-04-16T02:13:54","modified_gmt":"2026-04-15T23:13:54","slug":"kelime-bilgisi-el-kitabi","status":"publish","type":"product","link":"https:\/\/roveyayinevi.com.tr\/index.php\/urun\/kelime-bilgisi-el-kitabi\/","title":{"rendered":"Kelime Bilgisi El Kitab\u0131"},"content":{"rendered":"<p>El kitab\u0131 format\u0131ndaki bu ders kitab\u0131nda T\u00fcrkiye T\u00fcrk\u00e7esindeki kelime t\u00fcrleri olan isim, fiil, s\u0131fat, zarf, zamir, edat, ba\u011fla\u00e7 ve \u00fcnlemler b\u00fct\u00fcn y\u00f6nleriyle incelenmi\u015ftir. Kitab\u0131m\u0131z temelde T\u00fcrk Dili ve Edebiyat\u0131 b\u00f6l\u00fcmleri ile T\u00fcrk\u00e7e \u00d6\u011fretmenli\u011fi b\u00f6l\u00fcmlerinde okutulan S\u00f6zc\u00fck Bilgisi veya Kelime Bilgisi dersinin i\u00e7eri\u011fine g\u00f6re haz\u0131rlanm\u0131\u015f olsa da ad\u0131 ge\u00e7en b\u00f6l\u00fcmler d\u0131\u015f\u0131nda \u00fcniversitelerin de\u011fi\u015fik fak\u00fcltelerinde okutulan kelime bilgisi seviyesindeki t\u00fcm T\u00fcrk Dili derslerine hitap etmektedir. Daha \u00e7ok lisans seviyesindeki \u00f6\u011frencilere hitap eden bu kitab\u0131 haz\u0131rlarken temel yakla\u015f\u0131m\u0131m\u0131z konular\u0131n kolay anla\u015f\u0131lmas\u0131na katk\u0131 sa\u011flamak oldu. Bu nedenle kelime bilgisine dair konular\u0131n t\u00fcm\u00fc dilbilimsel ayr\u0131nt\u0131ya inilmeden a\u00e7\u0131k, net ve sade ifadelerle anlat\u0131ld\u0131. Bu bir dilbilim kitab\u0131 de\u011fildir. Kitap, gelecekte \u00f6\u011fretmen olacak lisans \u00f6\u011frencilerinin meslek hayatlar\u0131nda muhatap olacaklar\u0131 \u00f6\u011frencilerin ve derslerin seviyesine uygun olarak haz\u0131rland\u0131. Kitab\u0131m\u0131z bu y\u00f6n\u00fcyle do\u011fal olarak MEB, Y\u00d6K ve \u00d6SYM temelli s\u0131navlarda sorulan sorular\u0131n muhtevas\u0131na da uygun bir i\u00e7eri\u011fe sahiptir. Kelime t\u00fcrleri i\u00e7in se\u00e7ti\u011fimiz \u00f6rnekler konusunda da bilin\u00e7li davrand\u0131k. \u00d6\u011frenim tekni\u011fi a\u00e7\u0131s\u0131ndan basit \u00f6rnekler \u00fczerinden konuyu kavrayan \u00f6\u011frencilerin daha kompleks \u00f6rneklere ge\u00e7i\u015f yapabilece\u011fini d\u00fc\u015f\u00fcnd\u00fck. Amac\u0131m\u0131z meselenin esas\u0131n\u0131 kavratmaya y\u00f6nelik oldu\u011fu i\u00e7in az kullan\u0131lan veya karma\u015f\u0131k \u00f6rnekler \u00fczerinden gitmek yerine s\u0131k\u00e7a ve canl\u0131 olarak kullan\u0131lan \u00f6rnekleri tercih ettik. Dilin sade ve anla\u015f\u0131l\u0131r, \u00fcslubun m\u00fcmk\u00fcn oldu\u011funca samimi ve ak\u0131c\u0131 olmas\u0131na \u00f6zen g\u00f6sterdik. S\u0131n\u0131ftaki aktif ders anlatma \u00fcslubunu kitaba yans\u0131tmaya \u00e7al\u0131\u015ft\u0131k. <\/p>\n","protected":false},"excerpt":{"rendered":"<p>El kitab\u0131 format\u0131ndaki bu ders kitab\u0131nda T\u00fcrkiye T\u00fcrk\u00e7esindeki kelime t\u00fcrleri olan isim, fiil, s\u0131fat, zarf, zamir, edat, ba\u011fla\u00e7 ve \u00fcnlemler b\u00fct\u00fcn y\u00f6nleriyle incelenmi\u015ftir. Kitab\u0131m\u0131z temelde T\u00fcrk<span class=\"excerpt-hellip\"> [\u2026]<\/span><\/p>\n","protected":false},"featured_media":0,"template":"","meta":{"_monsterinsights_skip_tracking":false,"_monsterinsights_sitenote_active":false,"_monsterinsights_sitenote_note":"","_monsterinsights_sitenote_category":0},"product_brand":[],"product_cat":[20225,12291],"product_tag":[],"class_list":{"0":"post-704908","1":"product","2":"type-product","3":"status-publish","5":"product_cat-dil-bilim","6":"product_cat-edebiyat","7":"pa_cilt-ciltsiz","8":"pa_tur-kitap","9":"pa_yayinevi-ani-yayincilik","10":"pa_yazar-kerim-demirci","12":"first","13":"instock","14":"sale","15":"shipping-taxable","16":"purchasable","17":"product-type-simple"},"_links":{"self":[{"href":"https:\/\/roveyayinevi.com.tr\/index.php\/wp-json\/wp\/v2\/product\/704908","targetHints":{"allow":["GET"]}}],"collection":[{"href":"https:\/\/roveyayinevi.com.tr\/index.php\/wp-json\/wp\/v2\/product"}],"about":[{"href":"https:\/\/roveyayinevi.com.tr\/index.php\/wp-json\/wp\/v2\/types\/product"}],"wp:attachment":[{"href":"https:\/\/roveyayinevi.com.tr\/index.php\/wp-json\/wp\/v2\/media?parent=704908"}],"wp:term":[{"taxonomy":"product_brand","embeddable":true,"href":"https:\/\/roveyayinevi.com.tr\/index.php\/wp-json\/wp\/v2\/product_brand?post=704908"},{"taxonomy":"product_cat","embeddable":true,"href":"https:\/\/roveyayinevi.com.tr\/index.php\/wp-json\/wp\/v2\/product_cat?post=704908"},{"taxonomy":"product_tag","embeddable":true,"href":"https:\/\/roveyayinevi.com.tr\/index.php\/wp-json\/wp\/v2\/product_tag?post=704908"}],"curies":[{"name":"wp","href":"https:\/\/api.w.org\/{rel}","templated":true}]}}