{"id":704905,"date":"2025-08-27T15:40:30","date_gmt":"2025-08-27T12:40:30","guid":{"rendered":"https:\/\/roveyayinevi.com.tr\/index.php\/urun\/yuzyil-biterken\/"},"modified":"2026-04-16T02:13:54","modified_gmt":"2026-04-15T23:13:54","slug":"yuzyil-biterken","status":"publish","type":"product","link":"https:\/\/roveyayinevi.com.tr\/index.php\/urun\/yuzyil-biterken\/","title":{"rendered":"Y\u00fczy\u0131l Biterken"},"content":{"rendered":"<p>Y\u00fczy\u0131l Biterken \u00f6yk\u00fcc\u00fc, romanc\u0131, deneme yazar\u0131 Nedim G\u00fcrsel\u2019in Jorge Semprun, Juan Goytisolo, Nathalie Sarraute, Etiemble, Alain Bosquet, Lawrence Ferlinghetti, Ya\u015far Kemal, Mahmut Dervi\u015f ve Abidin Dino ile de\u011fi\u015fik zamanlarda yapt\u0131\u011f\u0131 s\u00f6yle\u015filerden olu\u015fuyor. <\/p>\n","protected":false},"excerpt":{"rendered":"<p>Y\u00fczy\u0131l Biterken \u00f6yk\u00fcc\u00fc, romanc\u0131, deneme yazar\u0131 Nedim G\u00fcrsel\u2019in Jorge Semprun, Juan Goytisolo, Nathalie Sarraute, Etiemble, Alain Bosquet, Lawrence Ferlinghetti, Ya\u015far Kemal, Mahmut Dervi\u015f ve Abidin Dino<span class=\"excerpt-hellip\"> [\u2026]<\/span><\/p>\n","protected":false},"featured_media":0,"template":"","meta":{"_monsterinsights_skip_tracking":false,"_monsterinsights_sitenote_active":false,"_monsterinsights_sitenote_note":"","_monsterinsights_sitenote_category":0},"product_brand":[],"product_cat":[12291,30969],"product_tag":[],"class_list":{"0":"post-704905","1":"product","2":"type-product","3":"status-publish","5":"product_cat-edebiyat","6":"product_cat-soylesi-edebiyat","7":"pa_tur-kitap","8":"pa_yayinevi-efil-yayinevi","9":"pa_yazar-nedim-gursel","11":"first","12":"instock","13":"sale","14":"shipping-taxable","15":"purchasable","16":"product-type-simple"},"_links":{"self":[{"href":"https:\/\/roveyayinevi.com.tr\/index.php\/wp-json\/wp\/v2\/product\/704905","targetHints":{"allow":["GET"]}}],"collection":[{"href":"https:\/\/roveyayinevi.com.tr\/index.php\/wp-json\/wp\/v2\/product"}],"about":[{"href":"https:\/\/roveyayinevi.com.tr\/index.php\/wp-json\/wp\/v2\/types\/product"}],"wp:attachment":[{"href":"https:\/\/roveyayinevi.com.tr\/index.php\/wp-json\/wp\/v2\/media?parent=704905"}],"wp:term":[{"taxonomy":"product_brand","embeddable":true,"href":"https:\/\/roveyayinevi.com.tr\/index.php\/wp-json\/wp\/v2\/product_brand?post=704905"},{"taxonomy":"product_cat","embeddable":true,"href":"https:\/\/roveyayinevi.com.tr\/index.php\/wp-json\/wp\/v2\/product_cat?post=704905"},{"taxonomy":"product_tag","embeddable":true,"href":"https:\/\/roveyayinevi.com.tr\/index.php\/wp-json\/wp\/v2\/product_tag?post=704905"}],"curies":[{"name":"wp","href":"https:\/\/api.w.org\/{rel}","templated":true}]}}