{"id":704903,"date":"2025-08-27T15:40:29","date_gmt":"2025-08-27T12:40:29","guid":{"rendered":"https:\/\/roveyayinevi.com.tr\/index.php\/urun\/dev-seftali\/"},"modified":"2026-04-16T02:13:54","modified_gmt":"2026-04-15T23:13:54","slug":"dev-seftali","status":"publish","type":"product","link":"https:\/\/roveyayinevi.com.tr\/index.php\/urun\/dev-seftali\/","title":{"rendered":"Dev \u015eeftali"},"content":{"rendered":"<p>Roald Dahl, \u00e7ocuklar i\u00e7in pek \u00e7ok g\u00fczel kitap yazm\u0131\u015f \u00fcnl\u00fc bir yazar. Daha \u00f6nce yay\u0131mlad\u0131\u011f\u0131m\u0131z \u00c7arli&#8217;nin \u00c7ikolata Fabrikas\u0131 ile \u00c7arli&#8217;nin B\u00fcy\u00fck Cam Asans\u00f6r\u00fc adl\u0131 iki g\u00fczel kitab\u0131n\u0131 okuduysan\u0131z, bu yazar\u0131n de\u011ferini bileceksiniz. \ufffc<\/p>\n","protected":false},"excerpt":{"rendered":"<p>Roald Dahl, \u00e7ocuklar i\u00e7in pek \u00e7ok g\u00fczel kitap yazm\u0131\u015f \u00fcnl\u00fc bir yazar. Daha \u00f6nce yay\u0131mlad\u0131\u011f\u0131m\u0131z \u00c7arli&#8217;nin \u00c7ikolata Fabrikas\u0131 ile \u00c7arli&#8217;nin B\u00fcy\u00fck Cam Asans\u00f6r\u00fc adl\u0131 iki g\u00fczel<span class=\"excerpt-hellip\"> [\u2026]<\/span><\/p>\n","protected":false},"featured_media":0,"template":"","meta":{"_monsterinsights_skip_tracking":false,"_monsterinsights_sitenote_active":false,"_monsterinsights_sitenote_note":"","_monsterinsights_sitenote_category":0},"product_brand":[],"product_cat":[12274,12284],"product_tag":[],"class_list":{"0":"post-704903","1":"product","2":"type-product","3":"status-publish","5":"product_cat-cocuk-ve-genclik-kitaplari","6":"product_cat-hikayeler","7":"pa_cilt-ciltsiz","8":"pa_tur-kitap","9":"pa_yayinevi-can-cocuk-yayinlari","10":"pa_yazar-roald-dahl","12":"first","13":"instock","14":"sale","15":"shipping-taxable","16":"purchasable","17":"product-type-simple"},"_links":{"self":[{"href":"https:\/\/roveyayinevi.com.tr\/index.php\/wp-json\/wp\/v2\/product\/704903","targetHints":{"allow":["GET"]}}],"collection":[{"href":"https:\/\/roveyayinevi.com.tr\/index.php\/wp-json\/wp\/v2\/product"}],"about":[{"href":"https:\/\/roveyayinevi.com.tr\/index.php\/wp-json\/wp\/v2\/types\/product"}],"wp:attachment":[{"href":"https:\/\/roveyayinevi.com.tr\/index.php\/wp-json\/wp\/v2\/media?parent=704903"}],"wp:term":[{"taxonomy":"product_brand","embeddable":true,"href":"https:\/\/roveyayinevi.com.tr\/index.php\/wp-json\/wp\/v2\/product_brand?post=704903"},{"taxonomy":"product_cat","embeddable":true,"href":"https:\/\/roveyayinevi.com.tr\/index.php\/wp-json\/wp\/v2\/product_cat?post=704903"},{"taxonomy":"product_tag","embeddable":true,"href":"https:\/\/roveyayinevi.com.tr\/index.php\/wp-json\/wp\/v2\/product_tag?post=704903"}],"curies":[{"name":"wp","href":"https:\/\/api.w.org\/{rel}","templated":true}]}}