{"id":704902,"date":"2025-08-27T15:40:29","date_gmt":"2025-08-27T12:40:29","guid":{"rendered":"https:\/\/roveyayinevi.com.tr\/index.php\/urun\/bir-telefonluk-masallar\/"},"modified":"2026-04-16T02:13:54","modified_gmt":"2026-04-15T23:13:54","slug":"bir-telefonluk-masallar","status":"publish","type":"product","link":"https:\/\/roveyayinevi.com.tr\/index.php\/urun\/bir-telefonluk-masallar\/","title":{"rendered":"Bir Telefonluk Masallar"},"content":{"rendered":"<p>T\u00fcm zamanlar\u0131n masallar\u0131 Sat\u0131\u015f temsilcisi Bianchi nerede olursa olsun her ak\u015fam k\u0131z\u0131na telefon a\u00e7\u0131p ona bir masal anlat\u0131rm\u0131\u015f. Yoksa k\u0131z\u0131 uyuyamazm\u0131\u015f! Tuhaf gezginler, s\u0131ra d\u0131\u015f\u0131 insanlar ve beklenmedik olaylar, \u00e7ikolatadan tatl\u0131 yollar ve leziz dondurma saraylar, \u015fa\u015f\u0131rt\u0131c\u0131 rakamlar\u0131n kahraman oldu\u011fu masallara siz de kulak verin., \ufffcTan\u0131t\u0131m Metni<\/p>\n","protected":false},"excerpt":{"rendered":"<p>T\u00fcm zamanlar\u0131n masallar\u0131 Sat\u0131\u015f temsilcisi Bianchi nerede olursa olsun her ak\u015fam k\u0131z\u0131na telefon a\u00e7\u0131p ona bir masal anlat\u0131rm\u0131\u015f. Yoksa k\u0131z\u0131 uyuyamazm\u0131\u015f! Tuhaf gezginler, s\u0131ra d\u0131\u015f\u0131 insanlar<span class=\"excerpt-hellip\"> [\u2026]<\/span><\/p>\n","protected":false},"featured_media":0,"template":"","meta":{"_monsterinsights_skip_tracking":false,"_monsterinsights_sitenote_active":false,"_monsterinsights_sitenote_note":"","_monsterinsights_sitenote_category":0},"product_brand":[],"product_cat":[12274,12523],"product_tag":[],"class_list":{"0":"post-704902","1":"product","2":"type-product","3":"status-publish","5":"product_cat-cocuk-ve-genclik-kitaplari","6":"product_cat-masallar","7":"pa_cilt-ciltsiz","8":"pa_tur-kitap","9":"pa_yayinevi-can-cocuk-yayinlari","10":"pa_yazar-gianni-rodari","12":"first","13":"instock","14":"sale","15":"shipping-taxable","16":"purchasable","17":"product-type-simple"},"_links":{"self":[{"href":"https:\/\/roveyayinevi.com.tr\/index.php\/wp-json\/wp\/v2\/product\/704902","targetHints":{"allow":["GET"]}}],"collection":[{"href":"https:\/\/roveyayinevi.com.tr\/index.php\/wp-json\/wp\/v2\/product"}],"about":[{"href":"https:\/\/roveyayinevi.com.tr\/index.php\/wp-json\/wp\/v2\/types\/product"}],"wp:attachment":[{"href":"https:\/\/roveyayinevi.com.tr\/index.php\/wp-json\/wp\/v2\/media?parent=704902"}],"wp:term":[{"taxonomy":"product_brand","embeddable":true,"href":"https:\/\/roveyayinevi.com.tr\/index.php\/wp-json\/wp\/v2\/product_brand?post=704902"},{"taxonomy":"product_cat","embeddable":true,"href":"https:\/\/roveyayinevi.com.tr\/index.php\/wp-json\/wp\/v2\/product_cat?post=704902"},{"taxonomy":"product_tag","embeddable":true,"href":"https:\/\/roveyayinevi.com.tr\/index.php\/wp-json\/wp\/v2\/product_tag?post=704902"}],"curies":[{"name":"wp","href":"https:\/\/api.w.org\/{rel}","templated":true}]}}