{"id":704901,"date":"2025-08-27T15:40:28","date_gmt":"2025-08-27T12:40:28","guid":{"rendered":"https:\/\/roveyayinevi.com.tr\/index.php\/urun\/geceye-ovgu\/"},"modified":"2026-04-16T02:13:54","modified_gmt":"2026-04-15T23:13:54","slug":"geceye-ovgu","status":"publish","type":"product","link":"https:\/\/roveyayinevi.com.tr\/index.php\/urun\/geceye-ovgu\/","title":{"rendered":"Geceye \u00d6vg\u00fc"},"content":{"rendered":"<p>Kad\u0131nlar ailesiyiz biz. Lanetle gelen porfiriyi kan\u0131m\u0131z\u0131n soylulu\u011funun kan\u0131t\u0131 olarak nesillerdir damarlar\u0131m\u0131zda ta\u015f\u0131yoruz.\u201dPorfiri hastas\u0131 \u00d6yk\u00fc hayat\u0131n\u0131 d\u00f6rt duvar aras\u0131nda, g\u00fcne\u015ften ka\u00e7\u0131p ya\u011fmurlu g\u00fcnleri bekleyerek ge\u00e7irmek zorundad\u0131r. Soluk teni, k\u00f6m\u00fcr karas\u0131 sa\u00e7lar\u0131 sebebiyle arkada\u015flar\u0131 taraf\u0131ndan \u201cPamuk Prenses\u201d lakab\u0131yla an\u0131lan \u00d6yk\u00fc, annesi ve anneannesi taraf\u0131ndan anlat\u0131lan bir aile laneti efsanesini dinleyerek b\u00fcy\u00fcm\u00fc\u015ft\u00fcr. \u0130ki yak\u0131n arkada\u015f\u0131 ve sevgilisiyle s\u00fcr\u00fcp giden monoton hayat\u0131n\u0131 kitaplar\u0131 ve yaratt\u0131\u011f\u0131 hayali d\u00fcnyalar ile renklendirmeye \u00e7al\u0131\u015fmaktad\u0131r. Oysa bir g\u00fcn oturdu\u011fu dairenin \u00fcst kat\u0131na Goran adl\u0131 gizemli bir yabanc\u0131n\u0131n ta\u015f\u0131nmas\u0131 ile var oldu\u011funu bile bilmedi\u011fi b\u00fcy\u00fcl\u00fc bir d\u00fcnyan\u0131n kap\u0131lar\u0131 aralanacak, \u00d6yk\u00fc birden kendini roman kahramanlar\u0131n\u0131n, masallar\u0131n ve \u201cinsanl\u0131\u011f\u0131ndan uyanm\u0131\u015f\u201d \u00f6l\u00fcms\u00fczlerin \u0130stanbul\u2019unda bulacakt\u0131r. \u00dcstelik hayat\u0131 boyunca kendisine anlat\u0131lan Pamuk Prenses\u2019in \u00f6yk\u00fcs\u00fc bir masal de\u011fil, kaderini belirleyecek lanetin habercisidir. \u015eimdi ad\u0131na yara\u015f\u0131r bir masal kahraman\u0131 olabilmek i\u00e7in s\u0131n\u0131rlar\u0131n\u0131 bir bir y\u0131kmas\u0131, lanetli aynaya korkusuzca bakmas\u0131 gerekmektedir.G\u00fcn\u00fcm\u00fcz \u0130stanbul\u2019unda ge\u00e7en bu romantik Pamuk Prenses masal\u0131 bir metinden \u00f6tekine atlayarak \u00d6yk\u00fc\u2019n\u00fcn \u00f6yk\u00fc kahraman\u0131 olma maceras\u0131n\u0131 k\u00e2h Faust, k\u00e2h Madam Bovary, k\u00e2h Romeo ve Juliet e\u015fli\u011finde dillendiriyor; okuru vampirlerle, cad\u0131larla ve lanetlerle dolu bir d\u00fcnyaya davet ediyor.Geceye \u00d6vg\u00fc \u00f6l\u00fcme ve \u00f6l\u00fcms\u00fczl\u00fc\u011fe, yaratmaya, \u00e2\u015f\u0131k olmaya ve r\u00fcya g\u00f6rmeye dair bir roman. <\/p>\n","protected":false},"excerpt":{"rendered":"<p>Kad\u0131nlar ailesiyiz biz. Lanetle gelen porfiriyi kan\u0131m\u0131z\u0131n soylulu\u011funun kan\u0131t\u0131 olarak nesillerdir damarlar\u0131m\u0131zda ta\u015f\u0131yoruz.\u201dPorfiri hastas\u0131 \u00d6yk\u00fc hayat\u0131n\u0131 d\u00f6rt duvar aras\u0131nda, g\u00fcne\u015ften ka\u00e7\u0131p ya\u011fmurlu g\u00fcnleri bekleyerek ge\u00e7irmek zorundad\u0131r.<span class=\"excerpt-hellip\"> [\u2026]<\/span><\/p>\n","protected":false},"featured_media":0,"template":"","meta":{"_monsterinsights_skip_tracking":false,"_monsterinsights_sitenote_active":false,"_monsterinsights_sitenote_note":"","_monsterinsights_sitenote_category":0},"product_brand":[],"product_cat":[12291,12711],"product_tag":[],"class_list":{"0":"post-704901","1":"product","2":"type-product","3":"status-publish","5":"product_cat-edebiyat","6":"product_cat-roman-oyku","7":"pa_cilt-ciltsiz","8":"pa_tur-kitap","9":"pa_yayinevi-epsilon-yayinlari","10":"pa_yazar-sima-ozgurler","12":"first","13":"instock","14":"sale","15":"shipping-taxable","16":"purchasable","17":"product-type-simple"},"_links":{"self":[{"href":"https:\/\/roveyayinevi.com.tr\/index.php\/wp-json\/wp\/v2\/product\/704901","targetHints":{"allow":["GET"]}}],"collection":[{"href":"https:\/\/roveyayinevi.com.tr\/index.php\/wp-json\/wp\/v2\/product"}],"about":[{"href":"https:\/\/roveyayinevi.com.tr\/index.php\/wp-json\/wp\/v2\/types\/product"}],"wp:attachment":[{"href":"https:\/\/roveyayinevi.com.tr\/index.php\/wp-json\/wp\/v2\/media?parent=704901"}],"wp:term":[{"taxonomy":"product_brand","embeddable":true,"href":"https:\/\/roveyayinevi.com.tr\/index.php\/wp-json\/wp\/v2\/product_brand?post=704901"},{"taxonomy":"product_cat","embeddable":true,"href":"https:\/\/roveyayinevi.com.tr\/index.php\/wp-json\/wp\/v2\/product_cat?post=704901"},{"taxonomy":"product_tag","embeddable":true,"href":"https:\/\/roveyayinevi.com.tr\/index.php\/wp-json\/wp\/v2\/product_tag?post=704901"}],"curies":[{"name":"wp","href":"https:\/\/api.w.org\/{rel}","templated":true}]}}