{"id":704900,"date":"2025-08-27T15:40:28","date_gmt":"2025-08-27T12:40:28","guid":{"rendered":"https:\/\/roveyayinevi.com.tr\/index.php\/urun\/kizilca-kiyamet-teskilat-i-mahsusadan-kurtulus-savasina\/"},"modified":"2025-11-22T03:41:56","modified_gmt":"2025-11-22T00:41:56","slug":"kizilca-kiyamet-teskilat-i-mahsusadan-kurtulus-savasina","status":"publish","type":"product","link":"https:\/\/roveyayinevi.com.tr\/index.php\/urun\/kizilca-kiyamet-teskilat-i-mahsusadan-kurtulus-savasina\/","title":{"rendered":"K\u0131z\u0131lca K\u0131yamet &#8211; Te\u015fkilat-\u0131 Mahsusa\u2019dan Kurtulu\u015f Sava\u015f\u0131\u2019na"},"content":{"rendered":"<p>\u0130stibdada kar\u015f\u0131 m\u00fccadele&#8230; Te\u015fkilat-\u0131 Mahsusa\u2019n\u0131n kurulu\u015funda ve sonras\u0131nda rol alan iki aile&#8230; Enver Pa\u015fa ve Sar\u0131kam\u0131\u015f Harekat\u0131&#8230; Kafkas Cephesi\u2019nden \u0130talya-Avusturya Cephesi\u2019ne uzanan hat&#8230; \u0130ngilizler, Frans\u0131zlar, Almanlar, Ruslar ve Yunanlar&#8230; Mondros M\u00fctarekesi, Sevr ve Milli M\u00fccadele&#8230; Dumlup\u0131nar ve Sakarya sava\u015flar\u0131&#8230; Ve binlerce \u201cme\u00e7hul asker\u201din \u00f6yk\u00fcs\u00fc&#8230; <\/p>\n","protected":false},"excerpt":{"rendered":"<p>\u0130stibdada kar\u015f\u0131 m\u00fccadele&#8230; Te\u015fkilat-\u0131 Mahsusa\u2019n\u0131n kurulu\u015funda ve sonras\u0131nda rol alan iki aile&#8230; Enver Pa\u015fa ve Sar\u0131kam\u0131\u015f Harekat\u0131&#8230; Kafkas Cephesi\u2019nden \u0130talya-Avusturya Cephesi\u2019ne uzanan hat&#8230; \u0130ngilizler, Frans\u0131zlar, Almanlar,<span class=\"excerpt-hellip\"> [\u2026]<\/span><\/p>\n","protected":false},"featured_media":0,"template":"","meta":{"_monsterinsights_skip_tracking":false,"_monsterinsights_sitenote_active":false,"_monsterinsights_sitenote_note":"","_monsterinsights_sitenote_category":0},"product_brand":[],"product_cat":[12370,12304],"product_tag":[],"class_list":{"0":"post-704900","1":"product","2":"type-product","3":"status-publish","5":"product_cat-arastirma-inceleme","6":"product_cat-tarih","7":"pa_tur-kitap","8":"pa_yayinevi-kirmizi-kedi-yayinevi","9":"pa_yazar-sinan-onus","11":"first","12":"instock","13":"sale","14":"shipping-taxable","15":"purchasable","16":"product-type-simple"},"_links":{"self":[{"href":"https:\/\/roveyayinevi.com.tr\/index.php\/wp-json\/wp\/v2\/product\/704900","targetHints":{"allow":["GET"]}}],"collection":[{"href":"https:\/\/roveyayinevi.com.tr\/index.php\/wp-json\/wp\/v2\/product"}],"about":[{"href":"https:\/\/roveyayinevi.com.tr\/index.php\/wp-json\/wp\/v2\/types\/product"}],"wp:attachment":[{"href":"https:\/\/roveyayinevi.com.tr\/index.php\/wp-json\/wp\/v2\/media?parent=704900"}],"wp:term":[{"taxonomy":"product_brand","embeddable":true,"href":"https:\/\/roveyayinevi.com.tr\/index.php\/wp-json\/wp\/v2\/product_brand?post=704900"},{"taxonomy":"product_cat","embeddable":true,"href":"https:\/\/roveyayinevi.com.tr\/index.php\/wp-json\/wp\/v2\/product_cat?post=704900"},{"taxonomy":"product_tag","embeddable":true,"href":"https:\/\/roveyayinevi.com.tr\/index.php\/wp-json\/wp\/v2\/product_tag?post=704900"}],"curies":[{"name":"wp","href":"https:\/\/api.w.org\/{rel}","templated":true}]}}