{"id":704899,"date":"2025-08-27T15:40:28","date_gmt":"2025-08-27T12:40:28","guid":{"rendered":"https:\/\/roveyayinevi.com.tr\/index.php\/urun\/universal-sozluk-macarca-turkce-turkce-macarca\/"},"modified":"2026-04-16T02:13:54","modified_gmt":"2026-04-15T23:13:54","slug":"universal-sozluk-macarca-turkce-turkce-macarca","status":"publish","type":"product","link":"https:\/\/roveyayinevi.com.tr\/index.php\/urun\/universal-sozluk-macarca-turkce-turkce-macarca\/","title":{"rendered":"Universal S\u00f6zl\u00fck  Macarca &#8211; T\u00fcrk\u00e7e \/ T\u00fcrk\u00e7e &#8211; Macarca"},"content":{"rendered":"<p>Bu s\u00f6zl\u00fckde en \u00e7ok kullan\u0131lan 30,000 s\u00f6zc\u00fck yer almaktad\u0131r.S\u00f6zl\u00fck Macarca T\u00fcrk\u00e7e ve T\u00fcrk\u00e7e Macarca olmak \u00fczere iki b\u00f6l\u00fcmden olu\u015fmaktad\u0131r. En s\u0131k kullan\u0131lan, en g\u00fcncel s\u00f6zl\u00fcklere yer verilmi\u015ftir.Hem boyut hemde i\u00e7erik olarak evde, i\u015fte, seyehatte , g\u00fcnl\u00fck hayat\u0131n heralan\u0131nda kullan\u0131ma elveri\u015flidir. <\/p>\n","protected":false},"excerpt":{"rendered":"<p>Bu s\u00f6zl\u00fckde en \u00e7ok kullan\u0131lan 30,000 s\u00f6zc\u00fck yer almaktad\u0131r.S\u00f6zl\u00fck Macarca T\u00fcrk\u00e7e ve T\u00fcrk\u00e7e Macarca olmak \u00fczere iki b\u00f6l\u00fcmden olu\u015fmaktad\u0131r. En s\u0131k kullan\u0131lan, en g\u00fcncel s\u00f6zl\u00fcklere yer<span class=\"excerpt-hellip\"> [\u2026]<\/span><\/p>\n","protected":false},"featured_media":0,"template":"","meta":{"_monsterinsights_skip_tracking":false,"_monsterinsights_sitenote_active":false,"_monsterinsights_sitenote_note":"","_monsterinsights_sitenote_category":0},"product_brand":[],"product_cat":[12364],"product_tag":[],"class_list":{"0":"post-704899","1":"product","2":"type-product","3":"status-publish","5":"product_cat-genel-konular","6":"pa_tur-kitap","7":"pa_yayinevi-engin-yayinevi","8":"pa_yazar-naciye-gungormus","10":"first","11":"instock","12":"sale","13":"shipping-taxable","14":"purchasable","15":"product-type-simple"},"_links":{"self":[{"href":"https:\/\/roveyayinevi.com.tr\/index.php\/wp-json\/wp\/v2\/product\/704899","targetHints":{"allow":["GET"]}}],"collection":[{"href":"https:\/\/roveyayinevi.com.tr\/index.php\/wp-json\/wp\/v2\/product"}],"about":[{"href":"https:\/\/roveyayinevi.com.tr\/index.php\/wp-json\/wp\/v2\/types\/product"}],"wp:attachment":[{"href":"https:\/\/roveyayinevi.com.tr\/index.php\/wp-json\/wp\/v2\/media?parent=704899"}],"wp:term":[{"taxonomy":"product_brand","embeddable":true,"href":"https:\/\/roveyayinevi.com.tr\/index.php\/wp-json\/wp\/v2\/product_brand?post=704899"},{"taxonomy":"product_cat","embeddable":true,"href":"https:\/\/roveyayinevi.com.tr\/index.php\/wp-json\/wp\/v2\/product_cat?post=704899"},{"taxonomy":"product_tag","embeddable":true,"href":"https:\/\/roveyayinevi.com.tr\/index.php\/wp-json\/wp\/v2\/product_tag?post=704899"}],"curies":[{"name":"wp","href":"https:\/\/api.w.org\/{rel}","templated":true}]}}