{"id":704898,"date":"2025-08-27T15:40:27","date_gmt":"2025-08-27T12:40:27","guid":{"rendered":"https:\/\/roveyayinevi.com.tr\/index.php\/urun\/kokular-kitabi-2-parfumler-ciltli\/"},"modified":"2026-04-16T02:13:54","modified_gmt":"2026-04-15T23:13:54","slug":"kokular-kitabi-2-parfumler-ciltli","status":"publish","type":"product","link":"https:\/\/roveyayinevi.com.tr\/index.php\/urun\/kokular-kitabi-2-parfumler-ciltli\/","title":{"rendered":"Kokular Kitab\u0131 2 &#8211; Parf\u00fcmler (Ciltli)"},"content":{"rendered":"<p>Bu d\u00fcnyan\u0131n kokusu \u00e7\u0131kt\u0131!  G\u00f6n\u00fcl rahatl\u0131\u011f\u0131yla \u201cburnunuzun dikine\u201d gidebilesiniz diye haz\u0131rlanan Kokular Kitab\u0131\u2019n\u0131n Parf\u00fcmler\u2019e odaklanan bu yeni cildinde, koku d\u00fcnyas\u0131n\u0131n g\u00f6r\u00fcnen y\u00fcz\u00fcndeki h\u00fclyal\u0131 ifadelerin perde arkas\u0131na tan\u0131k olacaks\u0131n\u0131z. Haz\u0131r olun, beklentilerinizden farkl\u0131 \u015feylerle kar\u015f\u0131la\u015fabilirsiniz.  Sert bilimsel ger\u00e7ekle yumu\u015fak hayallerin tam ortas\u0131nda bir yerde aya\u011f\u0131 kaymadan durmaya \u00e7al\u0131\u015farak, Shalimar\u2019dan cK One\u2019a, Grasse\u2019taki yasemin tarlalar\u0131ndan koku molek\u00fcllerine uzanan \u015fa\u015f\u0131rt\u0131c\u0131 bir yolculu\u011fa \u00e7\u0131kacaks\u0131n\u0131z. \u00dcstelik \u201ckoku\u201d dendi\u011finde, T\u00fcrkiye\u2019de akla gelen ilk isim olan Vedat Ozan\u2019\u0131n \u201cburnunuzda t\u00fcten\u201d \u00fcslubuyla&#8230; Vedat Ozan, bu kez de mitolojiden k\u00fclt\u00fcrel tarihe, kimyadan ekonomi-politi\u011fe, edebiyattan sinemaya girilmedik tarla b\u0131rakmad\u0131. Parf\u00fcm kullan\u0131n veya kullanmay\u0131n; bu cilt vazge\u00e7ilmez ba\u015fucu kitab\u0131n\u0131z olacak.  Parf\u00fcmler\u2019den sonra parf\u00fcmler, art\u0131k sizin i\u00e7in farkl\u0131 kokacak&#8230; Ama hepsi bu de\u011fil. Bu ciltte tamamen parf\u00fcmlere odaklanan Vedat Ozan iki cilt daha haz\u0131rl\u0131yor; konunun \u201ck\u00fclt\u00fcrel tarih\u201d ve \u201clezzet\u201d boyutlar\u0131 da var! \u201cKendimize kar\u015f\u0131 d\u00fcr\u00fcst olal\u0131m; zaman\u0131 ve ruhunu bilmeden onu yans\u0131tma iddias\u0131yla ortaya \u00e7\u0131kan bir \u00fcr\u00fcn\u00fc anlamam\u0131z m\u00fcmk\u00fcn de\u011fil. Korkmay\u0131n, kimya dersinden ka\u00e7\u0131p tarih dersine yakalanmad\u0131n\u0131z. Ufak dedikodular ve fevk\u00e2lade l\u00fczumsuz bilgilerle donanm\u0131\u015f \u2018cemiyet haberleri\u2019 t\u00fcr\u00fcnden vir\u00fcsler eksik de\u011fil kitapta&#8230; \u2018Rahat olun\u2019 yani, \u2018s\u0131k\u0131nt\u0131 yok\u2019.\u201d<\/p>\n","protected":false},"excerpt":{"rendered":"<p>Bu d\u00fcnyan\u0131n kokusu \u00e7\u0131kt\u0131! G\u00f6n\u00fcl rahatl\u0131\u011f\u0131yla \u201cburnunuzun dikine\u201d gidebilesiniz diye haz\u0131rlanan Kokular Kitab\u0131\u2019n\u0131n Parf\u00fcmler\u2019e odaklanan bu yeni cildinde, koku d\u00fcnyas\u0131n\u0131n g\u00f6r\u00fcnen y\u00fcz\u00fcndeki h\u00fclyal\u0131 ifadelerin perde arkas\u0131na<span class=\"excerpt-hellip\"> [\u2026]<\/span><\/p>\n","protected":false},"featured_media":0,"template":"","meta":{"_monsterinsights_skip_tracking":false,"_monsterinsights_sitenote_active":false,"_monsterinsights_sitenote_note":"","_monsterinsights_sitenote_category":0},"product_brand":[],"product_cat":[12777,12291],"product_tag":[],"class_list":{"0":"post-704898","1":"product","2":"type-product","3":"status-publish","5":"product_cat-deneme","6":"product_cat-edebiyat","7":"pa_cilt-ciltli","8":"pa_tur-kitap","9":"pa_yayinevi-everest-yayinlari","10":"pa_yazar-vedat-ozan","12":"first","13":"instock","14":"sale","15":"shipping-taxable","16":"purchasable","17":"product-type-simple"},"_links":{"self":[{"href":"https:\/\/roveyayinevi.com.tr\/index.php\/wp-json\/wp\/v2\/product\/704898","targetHints":{"allow":["GET"]}}],"collection":[{"href":"https:\/\/roveyayinevi.com.tr\/index.php\/wp-json\/wp\/v2\/product"}],"about":[{"href":"https:\/\/roveyayinevi.com.tr\/index.php\/wp-json\/wp\/v2\/types\/product"}],"wp:attachment":[{"href":"https:\/\/roveyayinevi.com.tr\/index.php\/wp-json\/wp\/v2\/media?parent=704898"}],"wp:term":[{"taxonomy":"product_brand","embeddable":true,"href":"https:\/\/roveyayinevi.com.tr\/index.php\/wp-json\/wp\/v2\/product_brand?post=704898"},{"taxonomy":"product_cat","embeddable":true,"href":"https:\/\/roveyayinevi.com.tr\/index.php\/wp-json\/wp\/v2\/product_cat?post=704898"},{"taxonomy":"product_tag","embeddable":true,"href":"https:\/\/roveyayinevi.com.tr\/index.php\/wp-json\/wp\/v2\/product_tag?post=704898"}],"curies":[{"name":"wp","href":"https:\/\/api.w.org\/{rel}","templated":true}]}}