{"id":704897,"date":"2025-08-27T15:40:27","date_gmt":"2025-08-27T12:40:27","guid":{"rendered":"https:\/\/roveyayinevi.com.tr\/index.php\/urun\/surekli-kayip\/"},"modified":"2026-04-16T02:13:53","modified_gmt":"2026-04-15T23:13:53","slug":"surekli-kayip","status":"publish","type":"product","link":"https:\/\/roveyayinevi.com.tr\/index.php\/urun\/surekli-kayip\/","title":{"rendered":"S\u00fcrekli Kay\u0131p"},"content":{"rendered":"<p>\u0130brahim Tenekeci\u2019nin bu kitapta bir araya gelen yaz\u0131lar\u0131, T\u00fcrkiye\u2019yi ve T\u00fcrk\u00e7eyi istikametinden sapt\u0131rmak isteyenlere kar\u015f\u0131 bir pusula i\u015flevi g\u00f6r\u00fcyor. Edebiyatla tarih, g\u00fcncelle kadim olan, sorumluluk \u015fuuru ve ahlak\u0131yla ortaya konuluyor. Mesuliyet ve mensubiyet duygusuyla. On y\u0131llard\u0131r derin bir k\u00fclt\u00fcr buhran\u0131 ya\u015fayan T\u00fcrkiye\u2019nin devas\u0131n\u0131n nerede oldu\u011funa da i\u015faret ediliyor S\u00fcrekli Kay\u0131p\u2019ta. Tarih ve medeniyet tecr\u00fcbesinin perspektifinden bug\u00fcne bakan bu yaz\u0131lar, d\u00fc\u015f\u00fcnce ve edebiyat okumalar\u0131m\u0131za da y\u00f6n verecek t\u00fcrde.<\/p>\n","protected":false},"excerpt":{"rendered":"<p>\u0130brahim Tenekeci\u2019nin bu kitapta bir araya gelen yaz\u0131lar\u0131, T\u00fcrkiye\u2019yi ve T\u00fcrk\u00e7eyi istikametinden sapt\u0131rmak isteyenlere kar\u015f\u0131 bir pusula i\u015flevi g\u00f6r\u00fcyor. Edebiyatla tarih, g\u00fcncelle kadim olan, sorumluluk \u015fuuru<span class=\"excerpt-hellip\"> [\u2026]<\/span><\/p>\n","protected":false},"featured_media":0,"template":"","meta":{"_monsterinsights_skip_tracking":false,"_monsterinsights_sitenote_active":false,"_monsterinsights_sitenote_note":"","_monsterinsights_sitenote_category":0},"product_brand":[],"product_cat":[12777,12291],"product_tag":[],"class_list":{"0":"post-704897","1":"product","2":"type-product","3":"status-publish","5":"product_cat-deneme","6":"product_cat-edebiyat","7":"pa_cilt-ciltsiz","8":"pa_tur-kitap","9":"pa_yayinevi-profil-kitap","10":"pa_yazar-ibrahim-tenekeci","12":"first","13":"instock","14":"sale","15":"shipping-taxable","16":"purchasable","17":"product-type-simple"},"_links":{"self":[{"href":"https:\/\/roveyayinevi.com.tr\/index.php\/wp-json\/wp\/v2\/product\/704897","targetHints":{"allow":["GET"]}}],"collection":[{"href":"https:\/\/roveyayinevi.com.tr\/index.php\/wp-json\/wp\/v2\/product"}],"about":[{"href":"https:\/\/roveyayinevi.com.tr\/index.php\/wp-json\/wp\/v2\/types\/product"}],"wp:attachment":[{"href":"https:\/\/roveyayinevi.com.tr\/index.php\/wp-json\/wp\/v2\/media?parent=704897"}],"wp:term":[{"taxonomy":"product_brand","embeddable":true,"href":"https:\/\/roveyayinevi.com.tr\/index.php\/wp-json\/wp\/v2\/product_brand?post=704897"},{"taxonomy":"product_cat","embeddable":true,"href":"https:\/\/roveyayinevi.com.tr\/index.php\/wp-json\/wp\/v2\/product_cat?post=704897"},{"taxonomy":"product_tag","embeddable":true,"href":"https:\/\/roveyayinevi.com.tr\/index.php\/wp-json\/wp\/v2\/product_tag?post=704897"}],"curies":[{"name":"wp","href":"https:\/\/api.w.org\/{rel}","templated":true}]}}