{"id":704891,"date":"2025-08-27T15:40:25","date_gmt":"2025-08-27T12:40:25","guid":{"rendered":"https:\/\/roveyayinevi.com.tr\/index.php\/urun\/denizi-dusleyen-prenses\/"},"modified":"2026-04-16T02:13:53","modified_gmt":"2026-04-15T23:13:53","slug":"denizi-dusleyen-prenses","status":"publish","type":"product","link":"https:\/\/roveyayinevi.com.tr\/index.php\/urun\/denizi-dusleyen-prenses\/","title":{"rendered":"Denizi D\u00fc\u015fleyen Prenses"},"content":{"rendered":"<p>\u0130ki uzak \u015fato, kaba bir papa\u011fan, sihirli bir su birikintisi ve d\u00fc\u015flerinin pe\u015finde iki prenses&#8230; Bu iki prenses, mutlulu\u011fu uzak diyarlarda bulacaklar\u0131n\u0131 san\u0131yor. \u00c7oook uzaklara gittiklerinde, asl\u0131nda buna hi\u00e7 gerek olmad\u0131\u011f\u0131n\u0131 anlayacaklar. \ufffcTan\u0131t\u0131m Metni<\/p>\n","protected":false},"excerpt":{"rendered":"<p>\u0130ki uzak \u015fato, kaba bir papa\u011fan, sihirli bir su birikintisi ve d\u00fc\u015flerinin pe\u015finde iki prenses&#8230; Bu iki prenses, mutlulu\u011fu uzak diyarlarda bulacaklar\u0131n\u0131 san\u0131yor. \u00c7oook uzaklara gittiklerinde,<span class=\"excerpt-hellip\"> [\u2026]<\/span><\/p>\n","protected":false},"featured_media":0,"template":"","meta":{"_monsterinsights_skip_tracking":false,"_monsterinsights_sitenote_active":false,"_monsterinsights_sitenote_note":"","_monsterinsights_sitenote_category":0},"product_brand":[],"product_cat":[12274,12284],"product_tag":[],"class_list":{"0":"post-704891","1":"product","2":"type-product","3":"status-publish","5":"product_cat-cocuk-ve-genclik-kitaplari","6":"product_cat-hikayeler","7":"pa_cilt-ciltsiz","8":"pa_tur-kitap","9":"pa_yayinevi-can-cocuk-yayinlari","10":"pa_yazar-stefano-bordiglioni","12":"first","13":"instock","14":"sale","15":"shipping-taxable","16":"purchasable","17":"product-type-simple"},"_links":{"self":[{"href":"https:\/\/roveyayinevi.com.tr\/index.php\/wp-json\/wp\/v2\/product\/704891","targetHints":{"allow":["GET"]}}],"collection":[{"href":"https:\/\/roveyayinevi.com.tr\/index.php\/wp-json\/wp\/v2\/product"}],"about":[{"href":"https:\/\/roveyayinevi.com.tr\/index.php\/wp-json\/wp\/v2\/types\/product"}],"wp:attachment":[{"href":"https:\/\/roveyayinevi.com.tr\/index.php\/wp-json\/wp\/v2\/media?parent=704891"}],"wp:term":[{"taxonomy":"product_brand","embeddable":true,"href":"https:\/\/roveyayinevi.com.tr\/index.php\/wp-json\/wp\/v2\/product_brand?post=704891"},{"taxonomy":"product_cat","embeddable":true,"href":"https:\/\/roveyayinevi.com.tr\/index.php\/wp-json\/wp\/v2\/product_cat?post=704891"},{"taxonomy":"product_tag","embeddable":true,"href":"https:\/\/roveyayinevi.com.tr\/index.php\/wp-json\/wp\/v2\/product_tag?post=704891"}],"curies":[{"name":"wp","href":"https:\/\/api.w.org\/{rel}","templated":true}]}}