{"id":704887,"date":"2025-08-27T15:40:23","date_gmt":"2025-08-27T12:40:23","guid":{"rendered":"https:\/\/roveyayinevi.com.tr\/index.php\/urun\/kaplicada-bir-konuk\/"},"modified":"2026-04-16T02:13:53","modified_gmt":"2026-04-15T23:13:53","slug":"kaplicada-bir-konuk","status":"publish","type":"product","link":"https:\/\/roveyayinevi.com.tr\/index.php\/urun\/kaplicada-bir-konuk\/","title":{"rendered":"Kapl\u0131cada Bir Konuk"},"content":{"rendered":"<p>Bir yolunu bulup ikili\u011fi dile getirmek isterdim; \u00f6yle b\u00f6l\u00fcmler ve c\u00fcmleler kaleme almak isterdim ki, melodi ve kar\u015f\u0131 melodi ayn\u0131 zamanda kendisini a\u00e7\u0131\u011fa vursun i\u00e7lerinde, her \u00e7e\u015fitlili\u011fin yan\u0131ba\u015f\u0131nda &#8216;bir&#8217;lik, her \u015fakan\u0131n yan\u0131ba\u015f\u0131nda bir ciddilik s\u00fcrekli yer als\u0131n. \u00c7\u00fcnk\u00fc beni ya\u015fatacak budur yaln\u0131zca, iki kutup aras\u0131nda dalgalanmad\u0131r, d\u00fcnyan\u0131n her iki temel dire\u011fi aras\u0131nda gidip gelmelerdir. D\u00fcnyan\u0131n o mutlu renklili\u011fine durmadan hayranl\u0131kla i\u015faret etmek, yine durmadan bu renklili\u011fin temelinde bir birlik ve b\u00fct\u00fcnl\u00fc\u011f\u00fcn yatt\u0131\u011f\u0131n\u0131 an\u0131msatmak istiyorum. S\u00fcrekli olarak \u015funu g\u00f6stermek istiyorum ki, g\u00fczel ile \u00e7irkin, ayd\u0131nl\u0131k ile karanl\u0131k, g\u00fcnah ile kutsall\u0131k yaln\u0131zca bir an i\u00e7in birbirinin kar\u015f\u0131t\u0131 kimli\u011fiyle a\u00e7\u0131\u011fa vurur kendini, bunun d\u0131\u015f\u0131nda her zaman i\u00e7 i\u00e7edirler. \ufffcTan\u0131t\u0131m Metni<\/p>\n","protected":false},"excerpt":{"rendered":"<p>Bir yolunu bulup ikili\u011fi dile getirmek isterdim; \u00f6yle b\u00f6l\u00fcmler ve c\u00fcmleler kaleme almak isterdim ki, melodi ve kar\u015f\u0131 melodi ayn\u0131 zamanda kendisini a\u00e7\u0131\u011fa vursun i\u00e7lerinde, her<span class=\"excerpt-hellip\"> [\u2026]<\/span><\/p>\n","protected":false},"featured_media":0,"template":"","meta":{"_monsterinsights_skip_tracking":false,"_monsterinsights_sitenote_active":false,"_monsterinsights_sitenote_note":"","_monsterinsights_sitenote_category":0},"product_brand":[],"product_cat":[12782,12291],"product_tag":[],"class_list":{"0":"post-704887","1":"product","2":"type-product","3":"status-publish","5":"product_cat-alman-edebiyati","6":"product_cat-edebiyat","7":"pa_cilt-ciltsiz","8":"pa_tur-kitap","9":"pa_yayinevi-can-yayinlari","10":"pa_yazar-hermann-hesse","12":"first","13":"instock","14":"sale","15":"shipping-taxable","16":"purchasable","17":"product-type-simple"},"_links":{"self":[{"href":"https:\/\/roveyayinevi.com.tr\/index.php\/wp-json\/wp\/v2\/product\/704887","targetHints":{"allow":["GET"]}}],"collection":[{"href":"https:\/\/roveyayinevi.com.tr\/index.php\/wp-json\/wp\/v2\/product"}],"about":[{"href":"https:\/\/roveyayinevi.com.tr\/index.php\/wp-json\/wp\/v2\/types\/product"}],"wp:attachment":[{"href":"https:\/\/roveyayinevi.com.tr\/index.php\/wp-json\/wp\/v2\/media?parent=704887"}],"wp:term":[{"taxonomy":"product_brand","embeddable":true,"href":"https:\/\/roveyayinevi.com.tr\/index.php\/wp-json\/wp\/v2\/product_brand?post=704887"},{"taxonomy":"product_cat","embeddable":true,"href":"https:\/\/roveyayinevi.com.tr\/index.php\/wp-json\/wp\/v2\/product_cat?post=704887"},{"taxonomy":"product_tag","embeddable":true,"href":"https:\/\/roveyayinevi.com.tr\/index.php\/wp-json\/wp\/v2\/product_tag?post=704887"}],"curies":[{"name":"wp","href":"https:\/\/api.w.org\/{rel}","templated":true}]}}