{"id":704881,"date":"2025-08-27T15:40:21","date_gmt":"2025-08-27T12:40:21","guid":{"rendered":"https:\/\/roveyayinevi.com.tr\/index.php\/urun\/bilimin-cizgi-romani-hucreden-organlara\/"},"modified":"2026-04-16T02:13:53","modified_gmt":"2026-04-15T23:13:53","slug":"bilimin-cizgi-romani-hucreden-organlara","status":"publish","type":"product","link":"https:\/\/roveyayinevi.com.tr\/index.php\/urun\/bilimin-cizgi-romani-hucreden-organlara\/","title":{"rendered":"Bilimin \u00c7izgi Roman\u0131 &#8211; H\u00fccreden Organlara"},"content":{"rendered":"<p>\u0130lkokullara uygun olmakla beraber okul \u00f6ncesinde de kullan\u0131labilir.Bilimin temel kavram ve kazan\u0131mlar\u0131n\u0131 g\u00f6r\u00fcnt\u00fclerle anlat\u0131p kavranmas\u0131n\u0131 sa\u011flayan kitaplar.Fasik\u00fcl kitaplar. Her kitap bir konu.Ne\u015feli karakterlerle bilimin temel kavramlar\u0131n\u0131 ele alan heyecan dolu bir yolculu\u011fa \u00e7\u0131kmaya ne dersin? Bilim endi\u015felere kap\u0131lmana, ba\u015far\u0131s\u0131z olaca\u011f\u0131n\u0131 d\u00fc\u015f\u00fcnmene mi neden oluyor? Korkma sak\u0131n! Bilimin \u00c7izgi Roman\u0131 dizisindeki kitaplar bilimin temellerini kavramana, bilim d\u00fcnyas\u0131n\u0131 asla olmad\u0131\u011f\u0131 kadar e\u011flenceli bir bi\u00e7imde ke\u015ffetmene imkan tan\u0131yacak.<\/p>\n","protected":false},"excerpt":{"rendered":"<p>\u0130lkokullara uygun olmakla beraber okul \u00f6ncesinde de kullan\u0131labilir.Bilimin temel kavram ve kazan\u0131mlar\u0131n\u0131 g\u00f6r\u00fcnt\u00fclerle anlat\u0131p kavranmas\u0131n\u0131 sa\u011flayan kitaplar.Fasik\u00fcl kitaplar. Her kitap bir konu.Ne\u015feli karakterlerle bilimin temel kavramlar\u0131n\u0131<span class=\"excerpt-hellip\"> [\u2026]<\/span><\/p>\n","protected":false},"featured_media":0,"template":"","meta":{"_monsterinsights_skip_tracking":false,"_monsterinsights_sitenote_active":false,"_monsterinsights_sitenote_note":"","_monsterinsights_sitenote_category":0},"product_brand":[],"product_cat":[12689,12274],"product_tag":[],"class_list":{"0":"post-704881","1":"product","2":"type-product","3":"status-publish","5":"product_cat-cizgi-roman-cocuk-ve-genclik-kitaplari","6":"product_cat-cocuk-ve-genclik-kitaplari","7":"pa_cilt-ciltsiz","8":"pa_tur-kitap","9":"pa_yayinevi-mavi-kelebek-yayinlari","10":"pa_yazar-joseph-midthun","12":"first","13":"instock","14":"sale","15":"shipping-taxable","16":"purchasable","17":"product-type-simple"},"_links":{"self":[{"href":"https:\/\/roveyayinevi.com.tr\/index.php\/wp-json\/wp\/v2\/product\/704881","targetHints":{"allow":["GET"]}}],"collection":[{"href":"https:\/\/roveyayinevi.com.tr\/index.php\/wp-json\/wp\/v2\/product"}],"about":[{"href":"https:\/\/roveyayinevi.com.tr\/index.php\/wp-json\/wp\/v2\/types\/product"}],"wp:attachment":[{"href":"https:\/\/roveyayinevi.com.tr\/index.php\/wp-json\/wp\/v2\/media?parent=704881"}],"wp:term":[{"taxonomy":"product_brand","embeddable":true,"href":"https:\/\/roveyayinevi.com.tr\/index.php\/wp-json\/wp\/v2\/product_brand?post=704881"},{"taxonomy":"product_cat","embeddable":true,"href":"https:\/\/roveyayinevi.com.tr\/index.php\/wp-json\/wp\/v2\/product_cat?post=704881"},{"taxonomy":"product_tag","embeddable":true,"href":"https:\/\/roveyayinevi.com.tr\/index.php\/wp-json\/wp\/v2\/product_tag?post=704881"}],"curies":[{"name":"wp","href":"https:\/\/api.w.org\/{rel}","templated":true}]}}