{"id":704874,"date":"2025-08-27T15:40:18","date_gmt":"2025-08-27T12:40:18","guid":{"rendered":"https:\/\/roveyayinevi.com.tr\/index.php\/urun\/usutuk-kizin-gunlugu-2-kokulu-kitap-yenilmez-kizlar-ortaligi-karistiriyor\/"},"modified":"2026-04-16T02:13:53","modified_gmt":"2026-04-15T23:13:53","slug":"usutuk-kizin-gunlugu-2-kokulu-kitap-yenilmez-kizlar-ortaligi-karistiriyor","status":"publish","type":"product","link":"https:\/\/roveyayinevi.com.tr\/index.php\/urun\/usutuk-kizin-gunlugu-2-kokulu-kitap-yenilmez-kizlar-ortaligi-karistiriyor\/","title":{"rendered":"\u00dc\u015f\u00fct\u00fck K\u0131z\u0131n G\u00fcnl\u00fc\u011f\u00fc 2 (Kokulu Kitap) Yenilmez K\u0131zlar Ortal\u0131\u011f\u0131 Kar\u0131\u015ft\u0131r\u0131yor!"},"content":{"rendered":"<p>Arkada\u015flar\u0131m Yenilmez K\u0131zlar \u00c7oko ile Ana\u2019y\u0131 tan\u0131yor musunuz? \u00d6yleyse \u00e7ok dikkatli olun; \u00e7\u00fcnk\u00fc onlarla birlikteyken her \u015fey \u00fc\u00e7 kat\u0131na \u00e7\u0131k\u0131yor: k\u00f6t\u00fc \u015fans, karga\u015fa, tuhaf \u015feyler&#8230; (Tabii kahkahalar da!) E\u011fer \u00fcst\u00fcn\u00fcze bir \u015feylerin yap\u0131\u015f\u0131p kalmas\u0131n\u0131 ba\u015f\u0131m\u0131za gelen son felaketleri bilmek istemiyorsan\u0131z, bu g\u00fcnl\u00fc\u011f\u00fc hemen \u015fu anda b\u0131rak\u0131n. Uyar\u0131! Bu felaketler uyu\u015fuk k\u0131zlar@ g\u00f6re de\u011fildir. \ufffcTan\u0131t\u0131m Metni<\/p>\n","protected":false},"excerpt":{"rendered":"<p>Arkada\u015flar\u0131m Yenilmez K\u0131zlar \u00c7oko ile Ana\u2019y\u0131 tan\u0131yor musunuz? \u00d6yleyse \u00e7ok dikkatli olun; \u00e7\u00fcnk\u00fc onlarla birlikteyken her \u015fey \u00fc\u00e7 kat\u0131na \u00e7\u0131k\u0131yor: k\u00f6t\u00fc \u015fans, karga\u015fa, tuhaf \u015feyler&#8230; (Tabii<span class=\"excerpt-hellip\"> [\u2026]<\/span><\/p>\n","protected":false},"featured_media":0,"template":"","meta":{"_monsterinsights_skip_tracking":false,"_monsterinsights_sitenote_active":false,"_monsterinsights_sitenote_note":"","_monsterinsights_sitenote_category":0},"product_brand":[],"product_cat":[12312,12304],"product_tag":[],"class_list":{"0":"post-704874","1":"product","2":"type-product","3":"status-publish","5":"product_cat-diger","6":"product_cat-tarih","7":"pa_cilt-ciltsiz","8":"pa_tur-kitap","9":"pa_yayinevi-yakamoz-yayinevi","10":"pa_yazar-anna-cammany","12":"first","13":"instock","14":"sale","15":"shipping-taxable","16":"purchasable","17":"product-type-simple"},"_links":{"self":[{"href":"https:\/\/roveyayinevi.com.tr\/index.php\/wp-json\/wp\/v2\/product\/704874","targetHints":{"allow":["GET"]}}],"collection":[{"href":"https:\/\/roveyayinevi.com.tr\/index.php\/wp-json\/wp\/v2\/product"}],"about":[{"href":"https:\/\/roveyayinevi.com.tr\/index.php\/wp-json\/wp\/v2\/types\/product"}],"wp:attachment":[{"href":"https:\/\/roveyayinevi.com.tr\/index.php\/wp-json\/wp\/v2\/media?parent=704874"}],"wp:term":[{"taxonomy":"product_brand","embeddable":true,"href":"https:\/\/roveyayinevi.com.tr\/index.php\/wp-json\/wp\/v2\/product_brand?post=704874"},{"taxonomy":"product_cat","embeddable":true,"href":"https:\/\/roveyayinevi.com.tr\/index.php\/wp-json\/wp\/v2\/product_cat?post=704874"},{"taxonomy":"product_tag","embeddable":true,"href":"https:\/\/roveyayinevi.com.tr\/index.php\/wp-json\/wp\/v2\/product_tag?post=704874"}],"curies":[{"name":"wp","href":"https:\/\/api.w.org\/{rel}","templated":true}]}}