{"id":704869,"date":"2025-08-27T15:40:16","date_gmt":"2025-08-27T12:40:16","guid":{"rendered":"https:\/\/roveyayinevi.com.tr\/index.php\/urun\/erken-buyuyen-cocuklar\/"},"modified":"2026-04-16T02:13:53","modified_gmt":"2026-04-15T23:13:53","slug":"erken-buyuyen-cocuklar","status":"publish","type":"product","link":"https:\/\/roveyayinevi.com.tr\/index.php\/urun\/erken-buyuyen-cocuklar\/","title":{"rendered":"Erken B\u00fcy\u00fcyen \u00c7ocuklar"},"content":{"rendered":"<p>Hi\u00e7 silinmedi seksenli y\u0131llar haf\u0131zamdan. Silinemedi. Bebekken tekmelenmi\u015f bir sokak kedisi gibi \u00fcrke\u011fim h\u00e2l\u00e2. On dokuz &#8211; yirmi ya\u015flar\u0131ndayd\u0131m, d\u00fc\u015f\u00fcnsenize. Nelerden vazge\u00e7mi\u015f, neler ya\u015fam\u0131\u015f, ne g\u00f6z\u00fc kara dalm\u0131\u015ft\u0131m t\u00fcrl\u00fc belan\u0131n i\u00e7ine. Gen\u00e7li\u011fimi ertelemi\u015f, hayal kurmay\u0131 unutmu\u015f, sevdalar\u0131m\u0131 ciddiye alm\u0131yormu\u015f gibi yapmay\u0131 bile \u00f6\u011fretmi\u015ftim kendime. <\/p>\n","protected":false},"excerpt":{"rendered":"<p>Hi\u00e7 silinmedi seksenli y\u0131llar haf\u0131zamdan. Silinemedi. Bebekken tekmelenmi\u015f bir sokak kedisi gibi \u00fcrke\u011fim h\u00e2l\u00e2. On dokuz &#8211; yirmi ya\u015flar\u0131ndayd\u0131m, d\u00fc\u015f\u00fcnsenize. Nelerden vazge\u00e7mi\u015f, neler ya\u015fam\u0131\u015f, ne g\u00f6z\u00fc<span class=\"excerpt-hellip\"> [\u2026]<\/span><\/p>\n","protected":false},"featured_media":0,"template":"","meta":{"_monsterinsights_skip_tracking":false,"_monsterinsights_sitenote_active":false,"_monsterinsights_sitenote_note":"","_monsterinsights_sitenote_category":0},"product_brand":[],"product_cat":[12291,12711],"product_tag":[],"class_list":{"0":"post-704869","1":"product","2":"type-product","3":"status-publish","5":"product_cat-edebiyat","6":"product_cat-roman-oyku","7":"pa_cilt-ciltsiz","8":"pa_tur-kitap","9":"pa_yayinevi-bencekitap","10":"pa_yazar-hakki-ergok","12":"first","13":"instock","14":"sale","15":"shipping-taxable","16":"purchasable","17":"product-type-simple"},"_links":{"self":[{"href":"https:\/\/roveyayinevi.com.tr\/index.php\/wp-json\/wp\/v2\/product\/704869","targetHints":{"allow":["GET"]}}],"collection":[{"href":"https:\/\/roveyayinevi.com.tr\/index.php\/wp-json\/wp\/v2\/product"}],"about":[{"href":"https:\/\/roveyayinevi.com.tr\/index.php\/wp-json\/wp\/v2\/types\/product"}],"wp:attachment":[{"href":"https:\/\/roveyayinevi.com.tr\/index.php\/wp-json\/wp\/v2\/media?parent=704869"}],"wp:term":[{"taxonomy":"product_brand","embeddable":true,"href":"https:\/\/roveyayinevi.com.tr\/index.php\/wp-json\/wp\/v2\/product_brand?post=704869"},{"taxonomy":"product_cat","embeddable":true,"href":"https:\/\/roveyayinevi.com.tr\/index.php\/wp-json\/wp\/v2\/product_cat?post=704869"},{"taxonomy":"product_tag","embeddable":true,"href":"https:\/\/roveyayinevi.com.tr\/index.php\/wp-json\/wp\/v2\/product_tag?post=704869"}],"curies":[{"name":"wp","href":"https:\/\/api.w.org\/{rel}","templated":true}]}}