{"id":704868,"date":"2025-08-27T15:40:16","date_gmt":"2025-08-27T12:40:16","guid":{"rendered":"https:\/\/roveyayinevi.com.tr\/index.php\/urun\/bebeklikten-okula-ogrenmede-ilk-adimlar\/"},"modified":"2026-04-16T02:13:53","modified_gmt":"2026-04-15T23:13:53","slug":"bebeklikten-okula-ogrenmede-ilk-adimlar","status":"publish","type":"product","link":"https:\/\/roveyayinevi.com.tr\/index.php\/urun\/bebeklikten-okula-ogrenmede-ilk-adimlar\/","title":{"rendered":"Bebeklikten Okula \u00d6\u011frenmede \u0130lk Ad\u0131mlar"},"content":{"rendered":"<p>Okul \u00f6ncesi \u00e7ocuklar\u0131n\u0131n \u00f6\u011frenme becerilerini destekleyip geli\u015ftirmeleri i\u00e7in, ana-babalar\u0131n bilmesi gereken her \u015fey. <\/p>\n","protected":false},"excerpt":{"rendered":"<p>Okul \u00f6ncesi \u00e7ocuklar\u0131n\u0131n \u00f6\u011frenme becerilerini destekleyip geli\u015ftirmeleri i\u00e7in, ana-babalar\u0131n bilmesi gereken her \u015fey.<\/p>\n","protected":false},"featured_media":0,"template":"","meta":{"_monsterinsights_skip_tracking":false,"_monsterinsights_sitenote_active":false,"_monsterinsights_sitenote_note":"","_monsterinsights_sitenote_category":0},"product_brand":[],"product_cat":[12831,12324],"product_tag":[],"class_list":{"0":"post-704868","1":"product","2":"type-product","3":"status-publish","5":"product_cat-aile-ve-cocuk","6":"product_cat-sosyoloji","7":"pa_cilt-ciltsiz","8":"pa_tur-kitap","9":"pa_yayinevi-remzi-kitabevi","10":"pa_yazar-dorothy-einon","12":"first","13":"instock","14":"sale","15":"shipping-taxable","16":"purchasable","17":"product-type-simple"},"_links":{"self":[{"href":"https:\/\/roveyayinevi.com.tr\/index.php\/wp-json\/wp\/v2\/product\/704868","targetHints":{"allow":["GET"]}}],"collection":[{"href":"https:\/\/roveyayinevi.com.tr\/index.php\/wp-json\/wp\/v2\/product"}],"about":[{"href":"https:\/\/roveyayinevi.com.tr\/index.php\/wp-json\/wp\/v2\/types\/product"}],"wp:attachment":[{"href":"https:\/\/roveyayinevi.com.tr\/index.php\/wp-json\/wp\/v2\/media?parent=704868"}],"wp:term":[{"taxonomy":"product_brand","embeddable":true,"href":"https:\/\/roveyayinevi.com.tr\/index.php\/wp-json\/wp\/v2\/product_brand?post=704868"},{"taxonomy":"product_cat","embeddable":true,"href":"https:\/\/roveyayinevi.com.tr\/index.php\/wp-json\/wp\/v2\/product_cat?post=704868"},{"taxonomy":"product_tag","embeddable":true,"href":"https:\/\/roveyayinevi.com.tr\/index.php\/wp-json\/wp\/v2\/product_tag?post=704868"}],"curies":[{"name":"wp","href":"https:\/\/api.w.org\/{rel}","templated":true}]}}