{"id":704866,"date":"2025-08-27T15:40:15","date_gmt":"2025-08-27T12:40:15","guid":{"rendered":"https:\/\/roveyayinevi.com.tr\/index.php\/urun\/rusca-turkce-turkce-rusca-universal-sozluk\/"},"modified":"2026-04-16T02:13:53","modified_gmt":"2026-04-15T23:13:53","slug":"rusca-turkce-turkce-rusca-universal-sozluk","status":"publish","type":"product","link":"https:\/\/roveyayinevi.com.tr\/index.php\/urun\/rusca-turkce-turkce-rusca-universal-sozluk\/","title":{"rendered":"Rus\u00e7a &#8211; T\u00fcrk\u00e7e \/ T\u00fcrk\u00e7e &#8211; Rus\u00e7a \u00dcniversal S\u00f6zl\u00fck"},"content":{"rendered":"<p>Bu s\u00f6zl\u00fckde en \u00e7ok kullan\u0131lan 30,000 s\u00f6zc\u00fck yer almaktad\u0131r.S\u00f6zl\u00fck Rus\u00e7a T\u00fcrk\u00e7e ve T\u00fcrk\u00e7e Rus\u00e7a olmak \u00fczere iki b\u00f6l\u00fcmden olu\u015fmaktad\u0131r. En s\u0131k kullan\u0131lan, en g\u00fcncel s\u00f6zl\u00fcklere yer verilmi\u015ftir.Hem boyut hemde i\u00e7erik olarak evde, i\u015fte, seyehatte , g\u00fcnl\u00fck hayat\u0131n heralan\u0131nda kullan\u0131ma elveri\u015flidir. <\/p>\n","protected":false},"excerpt":{"rendered":"<p>Bu s\u00f6zl\u00fckde en \u00e7ok kullan\u0131lan 30,000 s\u00f6zc\u00fck yer almaktad\u0131r.S\u00f6zl\u00fck Rus\u00e7a T\u00fcrk\u00e7e ve T\u00fcrk\u00e7e Rus\u00e7a olmak \u00fczere iki b\u00f6l\u00fcmden olu\u015fmaktad\u0131r. En s\u0131k kullan\u0131lan, en g\u00fcncel s\u00f6zl\u00fcklere yer<span class=\"excerpt-hellip\"> [\u2026]<\/span><\/p>\n","protected":false},"featured_media":0,"template":"","meta":{"_monsterinsights_skip_tracking":false,"_monsterinsights_sitenote_active":false,"_monsterinsights_sitenote_note":"","_monsterinsights_sitenote_category":0},"product_brand":[],"product_cat":[12566,24141,13611],"product_tag":[],"class_list":{"0":"post-704866","1":"product","2":"type-product","3":"status-publish","5":"product_cat-egitim","6":"product_cat-rusca-sozlukler","7":"product_cat-sozlukler-ve-konusma-kilavuzlari","8":"pa_cilt-ciltsiz","9":"pa_tur-kitap","10":"pa_yayinevi-engin-yayinevi","11":"pa_yazar-arzu-sezgin","13":"first","14":"instock","15":"sale","16":"shipping-taxable","17":"purchasable","18":"product-type-simple"},"_links":{"self":[{"href":"https:\/\/roveyayinevi.com.tr\/index.php\/wp-json\/wp\/v2\/product\/704866","targetHints":{"allow":["GET"]}}],"collection":[{"href":"https:\/\/roveyayinevi.com.tr\/index.php\/wp-json\/wp\/v2\/product"}],"about":[{"href":"https:\/\/roveyayinevi.com.tr\/index.php\/wp-json\/wp\/v2\/types\/product"}],"wp:attachment":[{"href":"https:\/\/roveyayinevi.com.tr\/index.php\/wp-json\/wp\/v2\/media?parent=704866"}],"wp:term":[{"taxonomy":"product_brand","embeddable":true,"href":"https:\/\/roveyayinevi.com.tr\/index.php\/wp-json\/wp\/v2\/product_brand?post=704866"},{"taxonomy":"product_cat","embeddable":true,"href":"https:\/\/roveyayinevi.com.tr\/index.php\/wp-json\/wp\/v2\/product_cat?post=704866"},{"taxonomy":"product_tag","embeddable":true,"href":"https:\/\/roveyayinevi.com.tr\/index.php\/wp-json\/wp\/v2\/product_tag?post=704866"}],"curies":[{"name":"wp","href":"https:\/\/api.w.org\/{rel}","templated":true}]}}