{"id":704856,"date":"2025-08-27T15:40:11","date_gmt":"2025-08-27T12:40:11","guid":{"rendered":"https:\/\/roveyayinevi.com.tr\/index.php\/urun\/bizi-ayiran-sokak\/"},"modified":"2026-04-03T02:18:30","modified_gmt":"2026-04-02T23:18:30","slug":"bizi-ayiran-sokak","status":"publish","type":"product","link":"https:\/\/roveyayinevi.com.tr\/index.php\/urun\/bizi-ayiran-sokak\/","title":{"rendered":"Bizi Ay\u0131ran Sokak"},"content":{"rendered":"<p>Birbirine benzeyen iki mahalle; ayn\u0131 dertleri sevin\u00e7leri ya\u015fayan\u2026 \u0130ki mahalle aras\u0131n\u0131 adeta s\u0131n\u0131r gibi ay\u0131ran \u0131ss\u0131z bir sokak\u2026 <\/p>\n","protected":false},"excerpt":{"rendered":"<p>Birbirine benzeyen iki mahalle; ayn\u0131 dertleri sevin\u00e7leri ya\u015fayan\u2026 \u0130ki mahalle aras\u0131n\u0131 adeta s\u0131n\u0131r gibi ay\u0131ran \u0131ss\u0131z bir sokak\u2026<\/p>\n","protected":false},"featured_media":0,"template":"","meta":{"_monsterinsights_skip_tracking":false,"_monsterinsights_sitenote_active":false,"_monsterinsights_sitenote_note":"","_monsterinsights_sitenote_category":0},"product_brand":[],"product_cat":[12274,12284],"product_tag":[],"class_list":{"0":"post-704856","1":"product","2":"type-product","3":"status-publish","5":"product_cat-cocuk-ve-genclik-kitaplari","6":"product_cat-hikayeler","7":"pa_cilt-ciltsiz","8":"pa_tur-kitap","9":"pa_yayinevi-fom-kitap","10":"pa_yazar-lia-hadzopoulou-karavia","12":"first","13":"instock","14":"sale","15":"shipping-taxable","16":"purchasable","17":"product-type-simple"},"_links":{"self":[{"href":"https:\/\/roveyayinevi.com.tr\/index.php\/wp-json\/wp\/v2\/product\/704856","targetHints":{"allow":["GET"]}}],"collection":[{"href":"https:\/\/roveyayinevi.com.tr\/index.php\/wp-json\/wp\/v2\/product"}],"about":[{"href":"https:\/\/roveyayinevi.com.tr\/index.php\/wp-json\/wp\/v2\/types\/product"}],"wp:attachment":[{"href":"https:\/\/roveyayinevi.com.tr\/index.php\/wp-json\/wp\/v2\/media?parent=704856"}],"wp:term":[{"taxonomy":"product_brand","embeddable":true,"href":"https:\/\/roveyayinevi.com.tr\/index.php\/wp-json\/wp\/v2\/product_brand?post=704856"},{"taxonomy":"product_cat","embeddable":true,"href":"https:\/\/roveyayinevi.com.tr\/index.php\/wp-json\/wp\/v2\/product_cat?post=704856"},{"taxonomy":"product_tag","embeddable":true,"href":"https:\/\/roveyayinevi.com.tr\/index.php\/wp-json\/wp\/v2\/product_tag?post=704856"}],"curies":[{"name":"wp","href":"https:\/\/api.w.org\/{rel}","templated":true}]}}